{"id":581,"date":"2019-05-23T14:34:07","date_gmt":"2019-05-23T12:34:07","guid":{"rendered":"https:\/\/instytutpolski.pl\/wieden\/?page_id=581"},"modified":"2019-05-28T13:22:51","modified_gmt":"2019-05-28T11:22:51","slug":"polnische-vertretungen","status":"publish","type":"page","link":"https:\/\/instytutpolski.pl\/wien\/lernen-sie-polen-kennen\/uber-polen-2\/polnische-vertretungen\/","title":{"rendered":"Polnische Vertretungen"},"content":{"rendered":"\n<p><strong>Botschaft der Republik Polen in Wien<\/strong><br \/>Hietzinger Hauptstra\u00dfe 42c, 1130 Wien<br \/>Tel.: +43 1\u00a0870 15 100<br \/>E-mail: <a href=\"mailto:wieden.amb.sekretariat@msz.gov.pl\">wieden.amb.sekretariat@msz.gov.pl<\/a><br \/><a title=\"www.wieden.msz.gov.pl\" href=\"http:\/\/www.wieden.msz.gov.pl\" target=\"_blank\" rel=\"noopener noreferrer\">www.wieden.msz.gov.pl<\/a><\/p>\n<p><strong>Konsularabteilung der Botschaft der Republik Polen in Wien<\/strong><br \/>Auhofstrasse 19 B, 1130 Wien <br \/>Tel.: +43 1 870 15-0, 87015-100<br \/>E-mail: <a href=\"mailto:wieden.amb.wk@msz.gov.pl\">wieden.amb.wk@msz.gov.pl<\/a><br \/><a href=\"http:\/\/www.wieden.msz.gov.pl\" target=\"_blank\" rel=\"noopener noreferrer\">www.wieden.msz.gov.pl<\/a><\/p>\n<p><strong>St\u00e4ndige Vertretung der Republik Polen bei dem B\u00fcro der Vereinten Nationen und bei anderen internationalen Organisationen in Wien<\/strong><br \/>Hietzinger Hauptstra\u00dfe 42c, 1130 Wien<br \/>Tel.: +43 1 870 15-804, 87015-816<br \/>E-mail: <a href=\"mailto:un.vienna@msz.gov.pl\">un.vienna@msz.gov.pl<\/a><br \/><a href=\"http:\/\/www.wiedenonz.msz.gov.pl\/\" target=\"_blank\" rel=\"noopener noreferrer\">www.wiedenonz.msz.gov.pl<\/a><\/p>\n<p><strong>Handels- und Investitionsabteilung der Botschaft der Republik Polen in Wien<\/strong><br \/>Titlgasse 15, 1130 Wien<br \/>Tel.: +43 1 877 63 42, 877 73 12, 877 63 43<br \/>E-Mail: <a href=\"mailto:wien@trade.gov.pl\">wien@trade.gov.pl<\/a><br \/><a href=\"http:\/\/www.wien.trade.gov.pl\/\" target=\"_blank\" rel=\"noopener noreferrer\">www.wien.trade.gov.pl<\/a><\/p>\n<p><strong>Polnisches Fremdenverkehrsamt in Wien<\/strong><br \/>Fleschgasse 34\/2a, 1130 Wien<br \/>Tel.: +43 1 524 71 91<br \/>E-mail: <a href=\"mailto:wien@pot.gov.pl\">wien@pot.gov.pl<\/a><br \/><a href=\"http:\/\/www.polen.travel\/\">www.polen.travel<\/a><\/p>\n<p><strong>Wissenschaftliches Zentrum der Polnischen Akademie der Wissenschaften in Wien<\/strong><br \/>Boerhaavegasse 25, 1030 Wien<br \/>Tel.: +43 1 713 59 29<br \/>E-mail: <a href=\"mailto:office@viennapan.org\">office@viennapan.org<\/a><br \/><a href=\"http:\/\/www.viennapan.org\/\">www.viennapan.org<\/a><\/p>\n","protected":false},"excerpt":{"rendered":"<p>Botschaft der Republik Polen in WienHietzinger Hauptstra\u00dfe 42c, 1130 WienTel.: +43 1\u00a0870 15 100E-mail: wieden.amb.sekretariat@msz.gov.plwww.wieden.msz.gov.pl Konsularabteilung der Botschaft der Republik Polen in WienAuhofstrasse 19 B, 1130 Wien Tel.: +43 1 870 15-0, 87015-100E-mail: wieden.amb.wk@msz.gov.plwww.wieden.msz.gov.pl St\u00e4ndige Vertretung der Republik Polen bei dem B\u00fcro der Vereinten Nationen und bei anderen internationalen Organisationen in WienHietzinger Hauptstra\u00dfe 42c, 1130 [&hellip;]<\/p>\n","protected":false},"author":1,"featured_media":0,"parent":551,"menu_order":0,"comment_status":"closed","ping_status":"closed","template":"","meta":{"inline_featured_image":false,"_monsterinsights_skip_tracking":false,"_monsterinsights_sitenote_active":false,"_monsterinsights_sitenote_note":"","_monsterinsights_sitenote_category":0,"footnotes":""},"class_list":["post-581","page","type-page","status-publish","hentry"],"yoast_head":"<!-- This site is optimized with the Yoast SEO plugin v24.6 - https:\/\/yoast.com\/wordpress\/plugins\/seo\/ -->\n<title>Polnische Vertretungen - Instytut Polski w Wiedniu<\/title>\n<meta name=\"robots\" content=\"index, follow, max-snippet:-1, max-image-preview:large, max-video-preview:-1\" \/>\n<link rel=\"canonical\" href=\"https:\/\/instytutpolski.pl\/wien\/lernen-sie-polen-kennen\/uber-polen-2\/polnische-vertretungen\/\" \/>\n<meta property=\"og:locale\" content=\"pl_PL\" \/>\n<meta property=\"og:type\" content=\"article\" \/>\n<meta property=\"og:title\" content=\"Polnische Vertretungen - Instytut Polski w Wiedniu\" \/>\n<meta property=\"og:description\" content=\"Botschaft der Republik Polen in WienHietzinger Hauptstra\u00dfe 42c, 1130 WienTel.: +43 1\u00a0870 15 100E-mail: wieden.amb.sekretariat@msz.gov.plwww.wieden.msz.gov.pl Konsularabteilung der Botschaft der Republik Polen in WienAuhofstrasse 19 B, 1130 Wien Tel.: +43 1 870 15-0, 87015-100E-mail: wieden.amb.wk@msz.gov.plwww.wieden.msz.gov.pl St\u00e4ndige Vertretung der Republik Polen bei dem B\u00fcro der Vereinten Nationen und bei anderen internationalen Organisationen in WienHietzinger Hauptstra\u00dfe 42c, 1130 [&hellip;]\" \/>\n<meta property=\"og:url\" content=\"https:\/\/instytutpolski.pl\/wien\/lernen-sie-polen-kennen\/uber-polen-2\/polnische-vertretungen\/\" \/>\n<meta property=\"og:site_name\" content=\"Instytut Polski w Wiedniu\" \/>\n<meta property=\"article:modified_time\" content=\"2019-05-28T11:22:51+00:00\" \/>\n<meta name=\"twitter:card\" content=\"summary_large_image\" \/>\n<meta name=\"twitter:label1\" content=\"Szacowany czas czytania\" \/>\n\t<meta name=\"twitter:data1\" content=\"1 minuta\" \/>\n<script type=\"application\/ld+json\" class=\"yoast-schema-graph\">{\"@context\":\"https:\/\/schema.org\",\"@graph\":[{\"@type\":\"WebPage\",\"@id\":\"https:\/\/instytutpolski.pl\/wien\/lernen-sie-polen-kennen\/uber-polen-2\/polnische-vertretungen\/\",\"url\":\"https:\/\/instytutpolski.pl\/wien\/lernen-sie-polen-kennen\/uber-polen-2\/polnische-vertretungen\/\",\"name\":\"Polnische Vertretungen - Instytut Polski w Wiedniu\",\"isPartOf\":{\"@id\":\"https:\/\/instytutpolski.pl\/wien\/#website\"},\"datePublished\":\"2019-05-23T12:34:07+00:00\",\"dateModified\":\"2019-05-28T11:22:51+00:00\",\"breadcrumb\":{\"@id\":\"https:\/\/instytutpolski.pl\/wien\/lernen-sie-polen-kennen\/uber-polen-2\/polnische-vertretungen\/#breadcrumb\"},\"inLanguage\":\"pl-PL\",\"potentialAction\":[{\"@type\":\"ReadAction\",\"target\":[\"https:\/\/instytutpolski.pl\/wien\/lernen-sie-polen-kennen\/uber-polen-2\/polnische-vertretungen\/\"]}]},{\"@type\":\"BreadcrumbList\",\"@id\":\"https:\/\/instytutpolski.pl\/wien\/lernen-sie-polen-kennen\/uber-polen-2\/polnische-vertretungen\/#breadcrumb\",\"itemListElement\":[{\"@type\":\"ListItem\",\"position\":1,\"name\":\"Home\",\"item\":\"https:\/\/instytutpolski.pl\/wien\/pl\/\"},{\"@type\":\"ListItem\",\"position\":2,\"name\":\"Lernen Sie Polen kennen\",\"item\":\"https:\/\/instytutpolski.pl\/wien\/lernen-sie-polen-kennen\/\"},{\"@type\":\"ListItem\",\"position\":3,\"name\":\"\u00dcber Polen\",\"item\":\"https:\/\/instytutpolski.pl\/wien\/lernen-sie-polen-kennen\/uber-polen-2\/\"},{\"@type\":\"ListItem\",\"position\":4,\"name\":\"Polnische Vertretungen\"}]},{\"@type\":\"WebSite\",\"@id\":\"https:\/\/instytutpolski.pl\/wien\/#website\",\"url\":\"https:\/\/instytutpolski.pl\/wien\/\",\"name\":\"Instytut Polski w Wiedniu\",\"description\":\"Instytuty Polskie\",\"potentialAction\":[{\"@type\":\"SearchAction\",\"target\":{\"@type\":\"EntryPoint\",\"urlTemplate\":\"https:\/\/instytutpolski.pl\/wien\/?s={search_term_string}\"},\"query-input\":{\"@type\":\"PropertyValueSpecification\",\"valueRequired\":true,\"valueName\":\"search_term_string\"}}],\"inLanguage\":\"pl-PL\"}]}<\/script>\n<!-- \/ Yoast SEO plugin. -->","yoast_head_json":{"title":"Polnische Vertretungen - Instytut Polski w Wiedniu","robots":{"index":"index","follow":"follow","max-snippet":"max-snippet:-1","max-image-preview":"max-image-preview:large","max-video-preview":"max-video-preview:-1"},"canonical":"https:\/\/instytutpolski.pl\/wien\/lernen-sie-polen-kennen\/uber-polen-2\/polnische-vertretungen\/","og_locale":"pl_PL","og_type":"article","og_title":"Polnische Vertretungen - Instytut Polski w Wiedniu","og_description":"Botschaft der Republik Polen in WienHietzinger Hauptstra\u00dfe 42c, 1130 WienTel.: +43 1\u00a0870 15 100E-mail: wieden.amb.sekretariat@msz.gov.plwww.wieden.msz.gov.pl Konsularabteilung der Botschaft der Republik Polen in WienAuhofstrasse 19 B, 1130 Wien Tel.: +43 1 870 15-0, 87015-100E-mail: wieden.amb.wk@msz.gov.plwww.wieden.msz.gov.pl St\u00e4ndige Vertretung der Republik Polen bei dem B\u00fcro der Vereinten Nationen und bei anderen internationalen Organisationen in WienHietzinger Hauptstra\u00dfe 42c, 1130 [&hellip;]","og_url":"https:\/\/instytutpolski.pl\/wien\/lernen-sie-polen-kennen\/uber-polen-2\/polnische-vertretungen\/","og_site_name":"Instytut Polski w Wiedniu","article_modified_time":"2019-05-28T11:22:51+00:00","twitter_card":"summary_large_image","twitter_misc":{"Szacowany czas czytania":"1 minuta"},"schema":{"@context":"https:\/\/schema.org","@graph":[{"@type":"WebPage","@id":"https:\/\/instytutpolski.pl\/wien\/lernen-sie-polen-kennen\/uber-polen-2\/polnische-vertretungen\/","url":"https:\/\/instytutpolski.pl\/wien\/lernen-sie-polen-kennen\/uber-polen-2\/polnische-vertretungen\/","name":"Polnische Vertretungen - Instytut Polski w Wiedniu","isPartOf":{"@id":"https:\/\/instytutpolski.pl\/wien\/#website"},"datePublished":"2019-05-23T12:34:07+00:00","dateModified":"2019-05-28T11:22:51+00:00","breadcrumb":{"@id":"https:\/\/instytutpolski.pl\/wien\/lernen-sie-polen-kennen\/uber-polen-2\/polnische-vertretungen\/#breadcrumb"},"inLanguage":"pl-PL","potentialAction":[{"@type":"ReadAction","target":["https:\/\/instytutpolski.pl\/wien\/lernen-sie-polen-kennen\/uber-polen-2\/polnische-vertretungen\/"]}]},{"@type":"BreadcrumbList","@id":"https:\/\/instytutpolski.pl\/wien\/lernen-sie-polen-kennen\/uber-polen-2\/polnische-vertretungen\/#breadcrumb","itemListElement":[{"@type":"ListItem","position":1,"name":"Home","item":"https:\/\/instytutpolski.pl\/wien\/pl\/"},{"@type":"ListItem","position":2,"name":"Lernen Sie Polen kennen","item":"https:\/\/instytutpolski.pl\/wien\/lernen-sie-polen-kennen\/"},{"@type":"ListItem","position":3,"name":"\u00dcber Polen","item":"https:\/\/instytutpolski.pl\/wien\/lernen-sie-polen-kennen\/uber-polen-2\/"},{"@type":"ListItem","position":4,"name":"Polnische Vertretungen"}]},{"@type":"WebSite","@id":"https:\/\/instytutpolski.pl\/wien\/#website","url":"https:\/\/instytutpolski.pl\/wien\/","name":"Instytut Polski w Wiedniu","description":"Instytuty Polskie","potentialAction":[{"@type":"SearchAction","target":{"@type":"EntryPoint","urlTemplate":"https:\/\/instytutpolski.pl\/wien\/?s={search_term_string}"},"query-input":{"@type":"PropertyValueSpecification","valueRequired":true,"valueName":"search_term_string"}}],"inLanguage":"pl-PL"}]}},"_links":{"self":[{"href":"https:\/\/instytutpolski.pl\/wien\/wp-json\/wp\/v2\/pages\/581","targetHints":{"allow":["GET"]}}],"collection":[{"href":"https:\/\/instytutpolski.pl\/wien\/wp-json\/wp\/v2\/pages"}],"about":[{"href":"https:\/\/instytutpolski.pl\/wien\/wp-json\/wp\/v2\/types\/page"}],"author":[{"embeddable":true,"href":"https:\/\/instytutpolski.pl\/wien\/wp-json\/wp\/v2\/users\/1"}],"replies":[{"embeddable":true,"href":"https:\/\/instytutpolski.pl\/wien\/wp-json\/wp\/v2\/comments?post=581"}],"version-history":[{"count":1,"href":"https:\/\/instytutpolski.pl\/wien\/wp-json\/wp\/v2\/pages\/581\/revisions"}],"predecessor-version":[{"id":582,"href":"https:\/\/instytutpolski.pl\/wien\/wp-json\/wp\/v2\/pages\/581\/revisions\/582"}],"up":[{"embeddable":true,"href":"https:\/\/instytutpolski.pl\/wien\/wp-json\/wp\/v2\/pages\/551"}],"wp:attachment":[{"href":"https:\/\/instytutpolski.pl\/wien\/wp-json\/wp\/v2\/media?parent=581"}],"curies":[{"name":"wp","href":"https:\/\/api.w.org\/{rel}","templated":true}]}}