{"id":846,"date":"2019-06-27T09:18:51","date_gmt":"2019-06-27T07:18:51","guid":{"rendered":"https:\/\/instytutpolski.pl\/wieden\/?page_id=846"},"modified":"2020-06-04T16:18:23","modified_gmt":"2020-06-04T14:18:23","slug":"polnische-sprache","status":"publish","type":"page","link":"https:\/\/instytutpolski.pl\/wien\/polnische-sprache\/","title":{"rendered":"Polnische Sprache"},"content":{"rendered":"\n<p>Die polnische Sprache ist die zweitgr\u00f6\u00dfte slawische Sprache der Welt. Etwa 50 Millionen Menschen sprechen sie aktiv und mindestens 10 Millionen haben sie passiv im Gebrauch. Damit ist Polnisch die gr\u00f6\u00dfte slawische Sprache in der Europ\u00e4ischen Union und ihre f\u00fcnfte ethnische Sprache (ex aequo mit dem kastilischen Spanisch, nach Deutsch, Englisch, Franz\u00f6sisch und Italienisch).<\/p>\n<p>Polnisch geh\u00f6rt zur Gruppe der indoeurop\u00e4ischen und zur Untergruppe der westslawischen Sprachen (neben Tschechisch, Slowakisch, Kaschubisch, Niederlausitzer, Oberlausitzer und dem bereits ausgestorbenen Polabischen).<\/p>\n<p>Sch\u00e4tzungen zufolge kennt ein durchschnittlicher Pole aktiv etwa 30.000 W\u00f6rter und passiv etwa 100.000. Einige PolonistInnen behaupten, dass die 1200 meist verwendeten W\u00f6rter reichen, um Polnisch sprechen zu k\u00f6nnen.<\/p>\n<p>Das polnische Alphabet basiert auf dem lateinischen und besteht aus 32 Buchstaben. Es gibt neun diakritische Buchstaben (\u0105, \u0107, \u0119, \u0142, \u0144, \u00f3, \u015b, \u017a, \u017c), sieben Digraphen (sz, rz, cz, ch, dz, j, d\u017a) und ein Trigraph (dzi).<\/p>\n<p>Im Polnischen werden Substantive, Adjektive, Attributpartizipien, Pronomen und Zahlw\u00f6rter in sieben F\u00e4llen dekliniert. Verben werden wiederum nach Personen, Zeitformen, Modi, und Aspekten konjugiert.<\/p>\n<p>Der \u00e4lteste Satz im Polnischen: &#8222;Day, ut ia pobrusa, a ti poziwai&#8221; (\u201eLass mich jetzt mahlen, und du ruh dich aus\u201c) wurde 1270 in Breslau in lateinischer Schrift niedergeschrieben (in der Chronik des Klosters Heinrichau bei Breslau, die sich auf der UNESCO-Liste befindet). 1285 wurde auf dem Kongress in \u0141\u0119czyca beschlossen, dass in Kloster- und Kathedralschulen neben Latein auch Polnisch verwendet werden sollte.<\/p>\n<p>Die polnische Sprache wurde von dem Lateinischen, Griechischen, Deutschen, Tschechischen, Russischen, T\u00fcrkischen, Franz\u00f6sischen, Italienischen, Russischen, Ungarischen und Jiddischen beeinflusst. Heute ist es die Lingua franca unserer Zeit \u2013 das Englische &#8211; die den gr\u00f6\u00dften Einfluss auf sie hat.<\/p>\n<p>Die wichtigsten Dialekte der polnischen Sprache sind v.a.: Der gro\u00dfpolnische, kleinpolnische, schlesische und masowische Dialekt.\u00a0<\/p>\n","protected":false},"excerpt":{"rendered":"<p>Die polnische Sprache ist die zweitgr\u00f6\u00dfte slawische Sprache der Welt. Etwa 50 Millionen Menschen sprechen sie aktiv und mindestens 10 Millionen haben sie passiv im Gebrauch. Damit ist Polnisch die gr\u00f6\u00dfte slawische Sprache in der Europ\u00e4ischen Union und ihre f\u00fcnfte ethnische Sprache (ex aequo mit dem kastilischen Spanisch, nach Deutsch, Englisch, Franz\u00f6sisch und Italienisch). Polnisch [&hellip;]<\/p>\n","protected":false},"author":1,"featured_media":847,"parent":0,"menu_order":0,"comment_status":"closed","ping_status":"closed","template":"","meta":{"inline_featured_image":false,"_monsterinsights_skip_tracking":false,"_monsterinsights_sitenote_active":false,"_monsterinsights_sitenote_note":"","_monsterinsights_sitenote_category":0,"footnotes":""},"class_list":["post-846","page","type-page","status-publish","has-post-thumbnail","hentry"],"yoast_head":"<!-- This site is optimized with the Yoast SEO plugin v24.6 - https:\/\/yoast.com\/wordpress\/plugins\/seo\/ -->\n<title>Polnische Sprache - Instytut Polski w Wiedniu<\/title>\n<meta name=\"robots\" content=\"index, follow, max-snippet:-1, max-image-preview:large, max-video-preview:-1\" \/>\n<link rel=\"canonical\" href=\"https:\/\/instytutpolski.pl\/wien\/polnische-sprache\/\" \/>\n<meta property=\"og:locale\" content=\"pl_PL\" \/>\n<meta property=\"og:type\" content=\"article\" \/>\n<meta property=\"og:title\" content=\"Polnische Sprache - Instytut Polski w Wiedniu\" \/>\n<meta property=\"og:description\" content=\"Die polnische Sprache ist die zweitgr\u00f6\u00dfte slawische Sprache der Welt. Etwa 50 Millionen Menschen sprechen sie aktiv und mindestens 10 Millionen haben sie passiv im Gebrauch. Damit ist Polnisch die gr\u00f6\u00dfte slawische Sprache in der Europ\u00e4ischen Union und ihre f\u00fcnfte ethnische Sprache (ex aequo mit dem kastilischen Spanisch, nach Deutsch, Englisch, Franz\u00f6sisch und Italienisch). Polnisch [&hellip;]\" \/>\n<meta property=\"og:url\" content=\"https:\/\/instytutpolski.pl\/wien\/polnische-sprache\/\" \/>\n<meta property=\"og:site_name\" content=\"Instytut Polski w Wiedniu\" \/>\n<meta property=\"article:modified_time\" content=\"2020-06-04T14:18:23+00:00\" \/>\n<meta property=\"og:image\" content=\"https:\/\/instytutpolski.pl\/wien\/wp-content\/uploads\/sites\/2\/2019\/06\/jezyk-polski-1.jpg\" \/>\n\t<meta property=\"og:image:width\" content=\"1920\" \/>\n\t<meta property=\"og:image:height\" content=\"700\" \/>\n\t<meta property=\"og:image:type\" content=\"image\/jpeg\" \/>\n<meta name=\"twitter:card\" content=\"summary_large_image\" \/>\n<meta name=\"twitter:label1\" content=\"Szacowany czas czytania\" \/>\n\t<meta name=\"twitter:data1\" content=\"1 minuta\" \/>\n<script type=\"application\/ld+json\" class=\"yoast-schema-graph\">{\"@context\":\"https:\/\/schema.org\",\"@graph\":[{\"@type\":\"WebPage\",\"@id\":\"https:\/\/instytutpolski.pl\/wien\/polnische-sprache\/\",\"url\":\"https:\/\/instytutpolski.pl\/wien\/polnische-sprache\/\",\"name\":\"Polnische Sprache - Instytut Polski w Wiedniu\",\"isPartOf\":{\"@id\":\"https:\/\/instytutpolski.pl\/wien\/#website\"},\"primaryImageOfPage\":{\"@id\":\"https:\/\/instytutpolski.pl\/wien\/polnische-sprache\/#primaryimage\"},\"image\":{\"@id\":\"https:\/\/instytutpolski.pl\/wien\/polnische-sprache\/#primaryimage\"},\"thumbnailUrl\":\"https:\/\/instytutpolski.pl\/wien\/wp-content\/uploads\/sites\/2\/2019\/06\/jezyk-polski-1.jpg\",\"datePublished\":\"2019-06-27T07:18:51+00:00\",\"dateModified\":\"2020-06-04T14:18:23+00:00\",\"breadcrumb\":{\"@id\":\"https:\/\/instytutpolski.pl\/wien\/polnische-sprache\/#breadcrumb\"},\"inLanguage\":\"pl-PL\",\"potentialAction\":[{\"@type\":\"ReadAction\",\"target\":[\"https:\/\/instytutpolski.pl\/wien\/polnische-sprache\/\"]}]},{\"@type\":\"ImageObject\",\"inLanguage\":\"pl-PL\",\"@id\":\"https:\/\/instytutpolski.pl\/wien\/polnische-sprache\/#primaryimage\",\"url\":\"https:\/\/instytutpolski.pl\/wien\/wp-content\/uploads\/sites\/2\/2019\/06\/jezyk-polski-1.jpg\",\"contentUrl\":\"https:\/\/instytutpolski.pl\/wien\/wp-content\/uploads\/sites\/2\/2019\/06\/jezyk-polski-1.jpg\",\"width\":1920,\"height\":700},{\"@type\":\"BreadcrumbList\",\"@id\":\"https:\/\/instytutpolski.pl\/wien\/polnische-sprache\/#breadcrumb\",\"itemListElement\":[{\"@type\":\"ListItem\",\"position\":1,\"name\":\"Home\",\"item\":\"https:\/\/instytutpolski.pl\/wien\/pl\/\"},{\"@type\":\"ListItem\",\"position\":2,\"name\":\"Polnische Sprache\"}]},{\"@type\":\"WebSite\",\"@id\":\"https:\/\/instytutpolski.pl\/wien\/#website\",\"url\":\"https:\/\/instytutpolski.pl\/wien\/\",\"name\":\"Instytut Polski w Wiedniu\",\"description\":\"Instytuty Polskie\",\"potentialAction\":[{\"@type\":\"SearchAction\",\"target\":{\"@type\":\"EntryPoint\",\"urlTemplate\":\"https:\/\/instytutpolski.pl\/wien\/?s={search_term_string}\"},\"query-input\":{\"@type\":\"PropertyValueSpecification\",\"valueRequired\":true,\"valueName\":\"search_term_string\"}}],\"inLanguage\":\"pl-PL\"}]}<\/script>\n<!-- \/ Yoast SEO plugin. -->","yoast_head_json":{"title":"Polnische Sprache - Instytut Polski w Wiedniu","robots":{"index":"index","follow":"follow","max-snippet":"max-snippet:-1","max-image-preview":"max-image-preview:large","max-video-preview":"max-video-preview:-1"},"canonical":"https:\/\/instytutpolski.pl\/wien\/polnische-sprache\/","og_locale":"pl_PL","og_type":"article","og_title":"Polnische Sprache - Instytut Polski w Wiedniu","og_description":"Die polnische Sprache ist die zweitgr\u00f6\u00dfte slawische Sprache der Welt. Etwa 50 Millionen Menschen sprechen sie aktiv und mindestens 10 Millionen haben sie passiv im Gebrauch. Damit ist Polnisch die gr\u00f6\u00dfte slawische Sprache in der Europ\u00e4ischen Union und ihre f\u00fcnfte ethnische Sprache (ex aequo mit dem kastilischen Spanisch, nach Deutsch, Englisch, Franz\u00f6sisch und Italienisch). Polnisch [&hellip;]","og_url":"https:\/\/instytutpolski.pl\/wien\/polnische-sprache\/","og_site_name":"Instytut Polski w Wiedniu","article_modified_time":"2020-06-04T14:18:23+00:00","og_image":[{"width":1920,"height":700,"url":"https:\/\/instytutpolski.pl\/wien\/wp-content\/uploads\/sites\/2\/2019\/06\/jezyk-polski-1.jpg","type":"image\/jpeg"}],"twitter_card":"summary_large_image","twitter_misc":{"Szacowany czas czytania":"1 minuta"},"schema":{"@context":"https:\/\/schema.org","@graph":[{"@type":"WebPage","@id":"https:\/\/instytutpolski.pl\/wien\/polnische-sprache\/","url":"https:\/\/instytutpolski.pl\/wien\/polnische-sprache\/","name":"Polnische Sprache - Instytut Polski w Wiedniu","isPartOf":{"@id":"https:\/\/instytutpolski.pl\/wien\/#website"},"primaryImageOfPage":{"@id":"https:\/\/instytutpolski.pl\/wien\/polnische-sprache\/#primaryimage"},"image":{"@id":"https:\/\/instytutpolski.pl\/wien\/polnische-sprache\/#primaryimage"},"thumbnailUrl":"https:\/\/instytutpolski.pl\/wien\/wp-content\/uploads\/sites\/2\/2019\/06\/jezyk-polski-1.jpg","datePublished":"2019-06-27T07:18:51+00:00","dateModified":"2020-06-04T14:18:23+00:00","breadcrumb":{"@id":"https:\/\/instytutpolski.pl\/wien\/polnische-sprache\/#breadcrumb"},"inLanguage":"pl-PL","potentialAction":[{"@type":"ReadAction","target":["https:\/\/instytutpolski.pl\/wien\/polnische-sprache\/"]}]},{"@type":"ImageObject","inLanguage":"pl-PL","@id":"https:\/\/instytutpolski.pl\/wien\/polnische-sprache\/#primaryimage","url":"https:\/\/instytutpolski.pl\/wien\/wp-content\/uploads\/sites\/2\/2019\/06\/jezyk-polski-1.jpg","contentUrl":"https:\/\/instytutpolski.pl\/wien\/wp-content\/uploads\/sites\/2\/2019\/06\/jezyk-polski-1.jpg","width":1920,"height":700},{"@type":"BreadcrumbList","@id":"https:\/\/instytutpolski.pl\/wien\/polnische-sprache\/#breadcrumb","itemListElement":[{"@type":"ListItem","position":1,"name":"Home","item":"https:\/\/instytutpolski.pl\/wien\/pl\/"},{"@type":"ListItem","position":2,"name":"Polnische Sprache"}]},{"@type":"WebSite","@id":"https:\/\/instytutpolski.pl\/wien\/#website","url":"https:\/\/instytutpolski.pl\/wien\/","name":"Instytut Polski w Wiedniu","description":"Instytuty Polskie","potentialAction":[{"@type":"SearchAction","target":{"@type":"EntryPoint","urlTemplate":"https:\/\/instytutpolski.pl\/wien\/?s={search_term_string}"},"query-input":{"@type":"PropertyValueSpecification","valueRequired":true,"valueName":"search_term_string"}}],"inLanguage":"pl-PL"}]}},"_links":{"self":[{"href":"https:\/\/instytutpolski.pl\/wien\/wp-json\/wp\/v2\/pages\/846","targetHints":{"allow":["GET"]}}],"collection":[{"href":"https:\/\/instytutpolski.pl\/wien\/wp-json\/wp\/v2\/pages"}],"about":[{"href":"https:\/\/instytutpolski.pl\/wien\/wp-json\/wp\/v2\/types\/page"}],"author":[{"embeddable":true,"href":"https:\/\/instytutpolski.pl\/wien\/wp-json\/wp\/v2\/users\/1"}],"replies":[{"embeddable":true,"href":"https:\/\/instytutpolski.pl\/wien\/wp-json\/wp\/v2\/comments?post=846"}],"version-history":[{"count":5,"href":"https:\/\/instytutpolski.pl\/wien\/wp-json\/wp\/v2\/pages\/846\/revisions"}],"predecessor-version":[{"id":4364,"href":"https:\/\/instytutpolski.pl\/wien\/wp-json\/wp\/v2\/pages\/846\/revisions\/4364"}],"wp:featuredmedia":[{"embeddable":true,"href":"https:\/\/instytutpolski.pl\/wien\/wp-json\/wp\/v2\/media\/847"}],"wp:attachment":[{"href":"https:\/\/instytutpolski.pl\/wien\/wp-json\/wp\/v2\/media?parent=846"}],"curies":[{"name":"wp","href":"https:\/\/api.w.org\/{rel}","templated":true}]}}