{"id":85,"date":"2019-05-15T15:35:14","date_gmt":"2019-05-15T13:35:14","guid":{"rendered":"https:\/\/instytutpolski.pl\/wieden\/?page_id=85"},"modified":"2019-06-14T13:39:43","modified_gmt":"2019-06-14T11:39:43","slug":"instytut","status":"publish","type":"page","link":"https:\/\/instytutpolski.pl\/wien\/pl\/o-nas\/instytut\/","title":{"rendered":"Instytut"},"content":{"rendered":"\n<h4>By\u0107 wiernym Ojczy\u017anie mej, Rzeczypospolitej Polskiej<\/h4>\n<p><strong>Instytut Polski w Wiedniu<\/strong><\/p>\n<p>Instytut Polski w Wiedniu realizuje zadania polskiej dyplomacji publicznej i kulturalnej w Austrii. Prezentuje r\u00f3\u017cnorodne oblicza Polski, le\u017c\u0105cego w sercu Europy, dynamicznie rozwijaj\u0105cego si\u0119, nowoczesnego, przyjaznego innowacjom kraju. Dzia\u0142a te\u017c na rzecz wymiany polsko-austriackiej. Tematyka projekt\u00f3w, kt\u00f3re Instytut realizuje w ca\u0142ej Austrii, w du\u017cej mierze we wsp\u00f3\u0142pracy z austriackimi i polskimi partnerami, obejmuje kwestie spo\u0142eczne, histori\u0119, nauk\u0119, edukacj\u0119, gospodark\u0119, muzyk\u0119, literatur\u0119, film i sztuk\u0119. Instytut Polski w Wiedniu jest instytucj\u0105 polskiego Ministerstwa Spraw Zagranicznych.<\/p>\n<p><strong>Informacja i dialog<\/strong><\/p>\n<p>Poza organizacj\u0105 imprez kulturalnych, Instytut Polski w Wiedniu jest dla wszystkich zainteresowanych r\u00f3wnie\u017c kompetentnym partnerem do rozm\u00f3w o Polsce. Dla Instytutu bardzo wa\u017cna jest komunikacja na portalach spo\u0142eczno\u015bciowych takich jak: Facebook i Twitter, jak r\u00f3wnie\u017c poprzez stron\u0119 internetow\u0105 i newsletter. R\u00f3wnie wa\u017cny jest kontakt osobisty \u2013 Instytut jest otwarty dla wszystkich. Regularne podr\u00f3\u017ce studyjne dla artyst\u00f3w i dziennikarzy z Austrii do Polski owocuj\u0105 innowacyjnymi projektami i kreatywn\u0105 wsp\u00f3\u0142prac\u0105.<\/p>\n<p><strong>Biblioteka<\/strong><\/p>\n<p>W\u0142asna biblioteka oferuje czytelnikom szeroki zas\u00f3b wiedzy specjalistycznej, filmy i beletrystyk\u0119. Ksi\u0119gozbi\u00f3r obejmuje ponad 16 tysi\u0119cy publikacji, g\u0142\u00f3wnie literatury polskiej w wydaniach oryginalnych, jak i t\u0142umaczeniu na j\u0119zyk niemiecki.<\/p>\n<p><strong>Pocz\u0105tek i historia<\/strong><\/p>\n<p>Instytut Polski w Wiedniu zosta\u0142 uroczy\u015bcie otwarty 5 czerwca 1974 r. Jego siedziba \u2013 wtedy i dzi\u015b \u2013 znajduje si\u0119 w szczeg\u00f3lnie malowniczym miejscu u st\u00f3p Ko\u015bcio\u0142a Maria am Gestade, w pierwszej dzielnicy w centrum Wiednia. Podstaw\u0119 prawn\u0105 dla za\u0142o\u017cenia stanowi\u0142o \u201ePorozumienie mi\u0119dzy Republik\u0105 Austrii i Polsk\u0105 Rzeczpospolit\u0105 Ludow\u0105 o wsp\u00f3\u0142pracy w dziedzinach kultury i nauki\u201d podpisane 14 czerwca 1972 r. Momentem prze\u0142omowym by\u0142 rok 1989, kiedy zmieni\u0142a si\u0119 rola i funkcja Instytut\u00f3w. Instytuty otworzy\u0142y si\u0119 i poprzez komunikacj\u0119 oraz wymian\u0119 umo\u017cliwi\u0142y szeroki dost\u0119p do polskiego spo\u0142ecze\u0144stwa i kultury w ca\u0142ym ich europejskim i globalnym wymiarze.<\/p>\n<p><strong>Instytuty Polskie na ca\u0142ym \u015bwiecie<\/strong><\/p>\n<p>Obecnie istnieje 25 Instytut\u00f3w Polskich na ca\u0142ym \u015bwiecie, m.in. w Pary\u017cu, Nowym Jorku, Tokio. Wszystkie podlegaj\u0105 Ministerstwu Spraw Zagranicznych Rzeczypospolitej Polskiej. Do Instytut\u00f3w Polskich w obszarze niemieckoj\u0119zycznym, poza wiede\u0144skim, nale\u017c\u0105 Instytut Polski w Berlinie i jego Filia w Lipsku oraz Instytut Polski w D\u00fcsseldorfie.<\/p>\n<p><strong>Wsp\u00f3\u0142praca mi\u0119dzynarodowa<\/strong><\/p>\n<p>Instytut Polski w Wiedniu aktywnie wsp\u00f3\u0142pracuje z mi\u0119dzynarodowymi partnerami, m.in. ze swoim austriackim odpowiednikiem, czyli Austriackim Forum Kultury w Warszawie, jak r\u00f3wnie\u017c nale\u017cy do europejskiej sieci instytut\u00f3w kultury EUNIC (European Network of National Institutes of Culture).<\/p>\n\n\n\n<ul class=\"wp-block-gallery columns-3 is-cropped wp-block-gallery-1 is-layout-flex wp-block-gallery-is-layout-flex\"><li class=\"blocks-gallery-item\"><figure><a href=\"https:\/\/instytutpolski.pl\/wieden\/wp-content\/uploads\/sites\/2\/2019\/05\/instytut-2.jpg\"><img loading=\"lazy\" decoding=\"async\" width=\"555\" height=\"333\" src=\"https:\/\/instytutpolski.pl\/wieden\/wp-content\/uploads\/sites\/2\/2019\/05\/instytut-2.jpg\" alt=\"\" data-id=\"391\" data-link=\"https:\/\/instytutpolski.pl\/wieden\/uber-uns\/das-institut\/instytut-2-2\/\" class=\"wp-image-391\" srcset=\"https:\/\/instytutpolski.pl\/wien\/wp-content\/uploads\/sites\/2\/2019\/05\/instytut-2.jpg 555w, https:\/\/instytutpolski.pl\/wien\/wp-content\/uploads\/sites\/2\/2019\/05\/instytut-2-300x180.jpg 300w\" sizes=\"auto, (max-width: 555px) 100vw, 555px\" \/><\/a><\/figure><\/li><li class=\"blocks-gallery-item\"><figure><a href=\"https:\/\/instytutpolski.pl\/wieden\/wp-content\/uploads\/sites\/2\/2019\/05\/instytut-1.jpg\"><img loading=\"lazy\" decoding=\"async\" width=\"555\" height=\"333\" src=\"https:\/\/instytutpolski.pl\/wieden\/wp-content\/uploads\/sites\/2\/2019\/05\/instytut-1.jpg\" alt=\"\" data-id=\"392\" data-link=\"https:\/\/instytutpolski.pl\/wieden\/uber-uns\/das-institut\/instytut-1\/\" class=\"wp-image-392\" srcset=\"https:\/\/instytutpolski.pl\/wien\/wp-content\/uploads\/sites\/2\/2019\/05\/instytut-1.jpg 555w, https:\/\/instytutpolski.pl\/wien\/wp-content\/uploads\/sites\/2\/2019\/05\/instytut-1-300x180.jpg 300w\" sizes=\"auto, (max-width: 555px) 100vw, 555px\" \/><\/a><\/figure><\/li><li class=\"blocks-gallery-item\"><figure><a href=\"https:\/\/instytutpolski.pl\/wieden\/wp-content\/uploads\/sites\/2\/2019\/05\/instytut.png\"><img loading=\"lazy\" decoding=\"async\" width=\"555\" height=\"333\" src=\"https:\/\/instytutpolski.pl\/wieden\/wp-content\/uploads\/sites\/2\/2019\/05\/instytut.png\" alt=\"\" data-id=\"389\" data-link=\"https:\/\/instytutpolski.pl\/wieden\/uber-uns\/das-institut\/instytut-2\/\" class=\"wp-image-389\" srcset=\"https:\/\/instytutpolski.pl\/wien\/wp-content\/uploads\/sites\/2\/2019\/05\/instytut.png 555w, https:\/\/instytutpolski.pl\/wien\/wp-content\/uploads\/sites\/2\/2019\/05\/instytut-300x180.png 300w\" sizes=\"auto, (max-width: 555px) 100vw, 555px\" \/><\/a><\/figure><\/li><\/ul>\n","protected":false},"excerpt":{"rendered":"<p>By\u0107 wiernym Ojczy\u017anie mej, Rzeczypospolitej Polskiej Instytut Polski w Wiedniu Instytut Polski w Wiedniu realizuje zadania polskiej dyplomacji publicznej i kulturalnej w Austrii. Prezentuje r\u00f3\u017cnorodne oblicza Polski, le\u017c\u0105cego w sercu Europy, dynamicznie rozwijaj\u0105cego si\u0119, nowoczesnego, przyjaznego innowacjom kraju. Dzia\u0142a te\u017c na rzecz wymiany polsko-austriackiej. Tematyka projekt\u00f3w, kt\u00f3re Instytut realizuje w ca\u0142ej Austrii, w du\u017cej mierze [&hellip;]<\/p>\n","protected":false},"author":1,"featured_media":389,"parent":83,"menu_order":0,"comment_status":"closed","ping_status":"closed","template":"","meta":{"inline_featured_image":false,"_monsterinsights_skip_tracking":false,"_monsterinsights_sitenote_active":false,"_monsterinsights_sitenote_note":"","_monsterinsights_sitenote_category":0,"footnotes":""},"class_list":["post-85","page","type-page","status-publish","has-post-thumbnail","hentry"],"yoast_head":"<!-- This site is optimized with the Yoast SEO plugin v24.6 - https:\/\/yoast.com\/wordpress\/plugins\/seo\/ -->\n<title>Instytut - Instytut Polski w Wiedniu<\/title>\n<meta name=\"robots\" content=\"index, follow, max-snippet:-1, max-image-preview:large, max-video-preview:-1\" \/>\n<link rel=\"canonical\" href=\"https:\/\/instytutpolski.pl\/wien\/pl\/o-nas\/instytut\/\" \/>\n<meta property=\"og:locale\" content=\"pl_PL\" \/>\n<meta property=\"og:type\" content=\"article\" \/>\n<meta property=\"og:title\" content=\"Instytut - Instytut Polski w Wiedniu\" \/>\n<meta property=\"og:description\" content=\"By\u0107 wiernym Ojczy\u017anie mej, Rzeczypospolitej Polskiej Instytut Polski w Wiedniu Instytut Polski w Wiedniu realizuje zadania polskiej dyplomacji publicznej i kulturalnej w Austrii. Prezentuje r\u00f3\u017cnorodne oblicza Polski, le\u017c\u0105cego w sercu Europy, dynamicznie rozwijaj\u0105cego si\u0119, nowoczesnego, przyjaznego innowacjom kraju. Dzia\u0142a te\u017c na rzecz wymiany polsko-austriackiej. Tematyka projekt\u00f3w, kt\u00f3re Instytut realizuje w ca\u0142ej Austrii, w du\u017cej mierze [&hellip;]\" \/>\n<meta property=\"og:url\" content=\"https:\/\/instytutpolski.pl\/wien\/pl\/o-nas\/instytut\/\" \/>\n<meta property=\"og:site_name\" content=\"Instytut Polski w Wiedniu\" \/>\n<meta property=\"article:modified_time\" content=\"2019-06-14T11:39:43+00:00\" \/>\n<meta property=\"og:image\" content=\"https:\/\/instytutpolski.pl\/wien\/wp-content\/uploads\/sites\/2\/2019\/05\/instytut.png\" \/>\n\t<meta property=\"og:image:width\" content=\"555\" \/>\n\t<meta property=\"og:image:height\" content=\"333\" \/>\n\t<meta property=\"og:image:type\" content=\"image\/png\" \/>\n<meta name=\"twitter:card\" content=\"summary_large_image\" \/>\n<meta name=\"twitter:label1\" content=\"Szacowany czas czytania\" \/>\n\t<meta name=\"twitter:data1\" content=\"2 minuty\" \/>\n<script type=\"application\/ld+json\" class=\"yoast-schema-graph\">{\"@context\":\"https:\/\/schema.org\",\"@graph\":[{\"@type\":\"WebPage\",\"@id\":\"https:\/\/instytutpolski.pl\/wien\/pl\/o-nas\/instytut\/\",\"url\":\"https:\/\/instytutpolski.pl\/wien\/pl\/o-nas\/instytut\/\",\"name\":\"Instytut - Instytut Polski w Wiedniu\",\"isPartOf\":{\"@id\":\"https:\/\/instytutpolski.pl\/wien\/#website\"},\"primaryImageOfPage\":{\"@id\":\"https:\/\/instytutpolski.pl\/wien\/pl\/o-nas\/instytut\/#primaryimage\"},\"image\":{\"@id\":\"https:\/\/instytutpolski.pl\/wien\/pl\/o-nas\/instytut\/#primaryimage\"},\"thumbnailUrl\":\"https:\/\/instytutpolski.pl\/wien\/wp-content\/uploads\/sites\/2\/2019\/05\/instytut.png\",\"datePublished\":\"2019-05-15T13:35:14+00:00\",\"dateModified\":\"2019-06-14T11:39:43+00:00\",\"breadcrumb\":{\"@id\":\"https:\/\/instytutpolski.pl\/wien\/pl\/o-nas\/instytut\/#breadcrumb\"},\"inLanguage\":\"pl-PL\",\"potentialAction\":[{\"@type\":\"ReadAction\",\"target\":[\"https:\/\/instytutpolski.pl\/wien\/pl\/o-nas\/instytut\/\"]}]},{\"@type\":\"ImageObject\",\"inLanguage\":\"pl-PL\",\"@id\":\"https:\/\/instytutpolski.pl\/wien\/pl\/o-nas\/instytut\/#primaryimage\",\"url\":\"https:\/\/instytutpolski.pl\/wien\/wp-content\/uploads\/sites\/2\/2019\/05\/instytut.png\",\"contentUrl\":\"https:\/\/instytutpolski.pl\/wien\/wp-content\/uploads\/sites\/2\/2019\/05\/instytut.png\",\"width\":555,\"height\":333},{\"@type\":\"BreadcrumbList\",\"@id\":\"https:\/\/instytutpolski.pl\/wien\/pl\/o-nas\/instytut\/#breadcrumb\",\"itemListElement\":[{\"@type\":\"ListItem\",\"position\":1,\"name\":\"Home\",\"item\":\"https:\/\/instytutpolski.pl\/wien\/pl\/\"},{\"@type\":\"ListItem\",\"position\":2,\"name\":\"O nas\",\"item\":\"https:\/\/instytutpolski.pl\/wien\/pl\/o-nas\/\"},{\"@type\":\"ListItem\",\"position\":3,\"name\":\"Instytut\"}]},{\"@type\":\"WebSite\",\"@id\":\"https:\/\/instytutpolski.pl\/wien\/#website\",\"url\":\"https:\/\/instytutpolski.pl\/wien\/\",\"name\":\"Instytut Polski w Wiedniu\",\"description\":\"Instytuty Polskie\",\"potentialAction\":[{\"@type\":\"SearchAction\",\"target\":{\"@type\":\"EntryPoint\",\"urlTemplate\":\"https:\/\/instytutpolski.pl\/wien\/?s={search_term_string}\"},\"query-input\":{\"@type\":\"PropertyValueSpecification\",\"valueRequired\":true,\"valueName\":\"search_term_string\"}}],\"inLanguage\":\"pl-PL\"}]}<\/script>\n<!-- \/ Yoast SEO plugin. -->","yoast_head_json":{"title":"Instytut - Instytut Polski w Wiedniu","robots":{"index":"index","follow":"follow","max-snippet":"max-snippet:-1","max-image-preview":"max-image-preview:large","max-video-preview":"max-video-preview:-1"},"canonical":"https:\/\/instytutpolski.pl\/wien\/pl\/o-nas\/instytut\/","og_locale":"pl_PL","og_type":"article","og_title":"Instytut - Instytut Polski w Wiedniu","og_description":"By\u0107 wiernym Ojczy\u017anie mej, Rzeczypospolitej Polskiej Instytut Polski w Wiedniu Instytut Polski w Wiedniu realizuje zadania polskiej dyplomacji publicznej i kulturalnej w Austrii. Prezentuje r\u00f3\u017cnorodne oblicza Polski, le\u017c\u0105cego w sercu Europy, dynamicznie rozwijaj\u0105cego si\u0119, nowoczesnego, przyjaznego innowacjom kraju. Dzia\u0142a te\u017c na rzecz wymiany polsko-austriackiej. Tematyka projekt\u00f3w, kt\u00f3re Instytut realizuje w ca\u0142ej Austrii, w du\u017cej mierze [&hellip;]","og_url":"https:\/\/instytutpolski.pl\/wien\/pl\/o-nas\/instytut\/","og_site_name":"Instytut Polski w Wiedniu","article_modified_time":"2019-06-14T11:39:43+00:00","og_image":[{"width":555,"height":333,"url":"https:\/\/instytutpolski.pl\/wien\/wp-content\/uploads\/sites\/2\/2019\/05\/instytut.png","type":"image\/png"}],"twitter_card":"summary_large_image","twitter_misc":{"Szacowany czas czytania":"2 minuty"},"schema":{"@context":"https:\/\/schema.org","@graph":[{"@type":"WebPage","@id":"https:\/\/instytutpolski.pl\/wien\/pl\/o-nas\/instytut\/","url":"https:\/\/instytutpolski.pl\/wien\/pl\/o-nas\/instytut\/","name":"Instytut - Instytut Polski w Wiedniu","isPartOf":{"@id":"https:\/\/instytutpolski.pl\/wien\/#website"},"primaryImageOfPage":{"@id":"https:\/\/instytutpolski.pl\/wien\/pl\/o-nas\/instytut\/#primaryimage"},"image":{"@id":"https:\/\/instytutpolski.pl\/wien\/pl\/o-nas\/instytut\/#primaryimage"},"thumbnailUrl":"https:\/\/instytutpolski.pl\/wien\/wp-content\/uploads\/sites\/2\/2019\/05\/instytut.png","datePublished":"2019-05-15T13:35:14+00:00","dateModified":"2019-06-14T11:39:43+00:00","breadcrumb":{"@id":"https:\/\/instytutpolski.pl\/wien\/pl\/o-nas\/instytut\/#breadcrumb"},"inLanguage":"pl-PL","potentialAction":[{"@type":"ReadAction","target":["https:\/\/instytutpolski.pl\/wien\/pl\/o-nas\/instytut\/"]}]},{"@type":"ImageObject","inLanguage":"pl-PL","@id":"https:\/\/instytutpolski.pl\/wien\/pl\/o-nas\/instytut\/#primaryimage","url":"https:\/\/instytutpolski.pl\/wien\/wp-content\/uploads\/sites\/2\/2019\/05\/instytut.png","contentUrl":"https:\/\/instytutpolski.pl\/wien\/wp-content\/uploads\/sites\/2\/2019\/05\/instytut.png","width":555,"height":333},{"@type":"BreadcrumbList","@id":"https:\/\/instytutpolski.pl\/wien\/pl\/o-nas\/instytut\/#breadcrumb","itemListElement":[{"@type":"ListItem","position":1,"name":"Home","item":"https:\/\/instytutpolski.pl\/wien\/pl\/"},{"@type":"ListItem","position":2,"name":"O nas","item":"https:\/\/instytutpolski.pl\/wien\/pl\/o-nas\/"},{"@type":"ListItem","position":3,"name":"Instytut"}]},{"@type":"WebSite","@id":"https:\/\/instytutpolski.pl\/wien\/#website","url":"https:\/\/instytutpolski.pl\/wien\/","name":"Instytut Polski w Wiedniu","description":"Instytuty Polskie","potentialAction":[{"@type":"SearchAction","target":{"@type":"EntryPoint","urlTemplate":"https:\/\/instytutpolski.pl\/wien\/?s={search_term_string}"},"query-input":{"@type":"PropertyValueSpecification","valueRequired":true,"valueName":"search_term_string"}}],"inLanguage":"pl-PL"}]}},"_links":{"self":[{"href":"https:\/\/instytutpolski.pl\/wien\/wp-json\/wp\/v2\/pages\/85","targetHints":{"allow":["GET"]}}],"collection":[{"href":"https:\/\/instytutpolski.pl\/wien\/wp-json\/wp\/v2\/pages"}],"about":[{"href":"https:\/\/instytutpolski.pl\/wien\/wp-json\/wp\/v2\/types\/page"}],"author":[{"embeddable":true,"href":"https:\/\/instytutpolski.pl\/wien\/wp-json\/wp\/v2\/users\/1"}],"replies":[{"embeddable":true,"href":"https:\/\/instytutpolski.pl\/wien\/wp-json\/wp\/v2\/comments?post=85"}],"version-history":[{"count":6,"href":"https:\/\/instytutpolski.pl\/wien\/wp-json\/wp\/v2\/pages\/85\/revisions"}],"predecessor-version":[{"id":15512,"href":"https:\/\/instytutpolski.pl\/wien\/wp-json\/wp\/v2\/pages\/85\/revisions\/15512"}],"up":[{"embeddable":true,"href":"https:\/\/instytutpolski.pl\/wien\/wp-json\/wp\/v2\/pages\/83"}],"wp:featuredmedia":[{"embeddable":true,"href":"https:\/\/instytutpolski.pl\/wien\/wp-json\/wp\/v2\/media\/389"}],"wp:attachment":[{"href":"https:\/\/instytutpolski.pl\/wien\/wp-json\/wp\/v2\/media?parent=85"}],"curies":[{"name":"wp","href":"https:\/\/api.w.org\/{rel}","templated":true}]}}