{"id":852,"date":"2019-06-27T09:20:11","date_gmt":"2019-06-27T07:20:11","guid":{"rendered":"https:\/\/instytutpolski.pl\/wieden\/?page_id=852"},"modified":"2026-02-16T11:58:20","modified_gmt":"2026-02-16T10:58:20","slug":"polnischkurse-des-polnischen-instituts","status":"publish","type":"page","link":"https:\/\/instytutpolski.pl\/wien\/polnische-sprache\/polnischkurse-des-polnischen-instituts\/","title":{"rendered":"Polnischkurse"},"content":{"rendered":"\n<div>\n<p>Interaktiv die polnische Sprache kennenlernen: <a title=\"Do You Know Polska\" href=\"http:\/\/www.doyouknowpolska.com\/\" target=\"_blank\" rel=\"noopener noreferrer\">http:\/\/www.doyouknowpolska.com\/<\/a><\/p>\n<p><strong>Das Polnische Institut in Wien \u00fcbernimmt keine Haftung f\u00fcr das Niveau der angebotenen Polnischkurse. Die unten angef\u00fchrte Liste hat ausschlie\u00dflich einen informativen Charakter.<\/strong><\/p>\n<p>Informationen \u00fcber die zertifizierten staatlichen Pr\u00fcfungen in Polnisch als Fremdsprache finden Sie unter <a class=\"small_black\" href=\"http:\/\/www.certyfikatpolski.pl\/\" target=\"\u201e_blank\" rel=\"noopener noreferrer\">www.certyfikatpolski.pl<\/a><\/p>\n<hr \/>\n<p><strong>Polnisch A1<\/strong> (Anf\u00e4nger ohne Vorkenntnisse)<br \/>Auf Anfrage<strong><br \/><br \/>Polnisch A1+ <\/strong>(Anf\u00e4nger mit geringen Vorkenntnissen\/ 3. Semester) <br \/><strong>Donnerstag<\/strong>, 17:30 \u2013 19:00 Uhr <br \/>(15x \u00e0 90 Min., 6-10 Teilnehmer)<strong><br \/><\/strong>Kursbeginn: <strong>05.03.2026<br \/><\/strong><\/p>\n<p><strong>Polnisch B1<\/strong> (Fortgeschrittene)<strong> <br \/>Donnerstag<\/strong>, 19:00 \u2013 20:30 Uhr <br \/>(15x \u00e0 90 Min., 6-10 Teilnehmer)<br \/>Kursbeginn: <strong>05.03.2026<\/strong><strong><br \/><br \/><\/strong><\/p>\n<\/div>\n<div>\n<div>\n<div>\n<p><span style=\"font-size: revert;color: initial\">N\u00e4here Informationen bei der Kursleiterin: <strong>Mag. Barbara Kowalewska, <\/strong><\/span><span style=\"font-size: revert;color: initial\"><strong>+43 (0) 699 10 98 10 18<\/strong>, <\/span><a style=\"font-size: revert\" href=\"mailto:bkowalewska@web.de\">bkowalewska@web.de<\/a><\/p>\n<\/div>\n<\/div>\n<\/div>\n<div>\n<p>Polnisches Institut Wien unterst\u00fctzt die Polnischkurse durch Bereitstellung der R\u00e4umlichkeiten.<\/p>\n<hr \/>\n<p>\u00a0<\/p>\n<\/div>\n\n\n\n<div class=\"half_page half_page_link\">\n<div class=\"one_col first_col\">\n<p><strong>Sprachenzentrum der Universit\u00e4t Wien<\/strong><br \/>Campus der Universit\u00e4t Wien<br \/>Alserstr. 4, Hof 1, 1090 Wien<br \/>Tel.: +43 1 4277 24121<br \/>E-mail: <a href=\"mailto:sprachenzentrum@univie.ac.at\">sprachenzentrum@univie.ac.at<br \/><\/a><a href=\"http:\/\/www.sprachenzentrum.univie.ac.at\/\">www.sprachenzentrum.univie.ac.at<\/a><\/p>\n<p><strong>Wiener Volkshochschulen<\/strong><br \/>Hollergasse 22, 1150 Wien <br \/>Tel.: +43 1 89174-0 <br \/>E-mail: <a href=\"mailto:info@vhs.at\">info@vhs.at<\/a><br \/><a href=\"http:\/\/www.vhs.at\/\">www.vhs.at<\/a><\/p>\n<p>Informationen die aktuellen Polnischkurse sind auf den Websites der VHS der jeweiligen Bundesl\u00e4nder zu finden.<\/p>\n<table class=\"table_in_content\" style=\"width: 100%;height: 184px\" border=\"0\" cellspacing=\"0\" cellpadding=\"0\">\n<tbody>\n<tr style=\"height: 23px\">\n<td style=\"height: 23px\">Burgenland<\/td>\n<td style=\"height: 23px\"><a href=\"http:\/\/www.vhs-burgenland.at\/\">www.vhs-burgenland.at<\/a><\/td>\n<\/tr>\n<tr style=\"height: 23px\">\n<td style=\"height: 23px\">K\u00e4rnten<\/td>\n<td style=\"height: 23px\"><a href=\"http:\/\/www.vhsktn.at\/\">www.vhsktn.at<\/a><\/td>\n<\/tr>\n<tr style=\"height: 23px\">\n<td style=\"height: 23px\">Nieder\u00f6sterreich<\/td>\n<td style=\"height: 23px\"><a href=\"http:\/\/www.vhs-noe.at\/\">www.vhs-noe.at<\/a><\/td>\n<\/tr>\n<tr style=\"height: 23px\">\n<td style=\"height: 23px\">Ober\u00f6sterreich<\/td>\n<td style=\"height: 23px\"><a href=\"http:\/\/www.vhs-ooe.at\">www.vhs-ooe.at<\/a><\/td>\n<\/tr>\n<tr style=\"height: 23px\">\n<td style=\"height: 23px\">Salzburg<\/td>\n<td style=\"height: 23px\"><a href=\"http:\/\/www.volkshochschule.at\/\">www.volkshochschule.at<\/a><\/td>\n<\/tr>\n<tr style=\"height: 23px\">\n<td style=\"height: 23px\">Steiermarkt<\/td>\n<td style=\"height: 23px\"><a href=\"http:\/\/www.vhsstmk.at\/\">www.vhsstmk.at<\/a><\/td>\n<\/tr>\n<tr style=\"height: 23px\">\n<td style=\"height: 23px\">Tirol<\/td>\n<td style=\"height: 23px\"><a href=\"http:\/\/www.vhs-tirol.at\/\">www.vhs-tirol.at<\/a><\/td>\n<\/tr>\n<tr style=\"height: 23px\">\n<td style=\"height: 23px\">Voralberg<\/td>\n<td style=\"height: 23px\"><a href=\"http:\/\/www.vhs-goetzis.at\/\">www.vhs-goetzis.at<\/a><\/td>\n<\/tr>\n<\/tbody>\n<\/table>\n<\/div>\n<div class=\"one_col\">\n<p><strong>Estrellas &#8211; Kurse f\u00fcr Kinder in Wien<\/strong><br \/>Tel.: +43 1 470 23 70 oder +43 699 170 79 058<br \/>E-Mail: <a href=\"mailto:office@estrellas.at\">office@estrellas.at<\/a><br \/><a href=\"http:\/\/www.estrellas.at\/\">www.estrellas.at<\/a><\/p>\n<p><strong>WIFI \u00d6sterreich<\/strong><br \/><a href=\"http:\/\/www.wifi.at\/\">www.wifi.at<\/a><\/p>\n<p><strong>Szko\u0142a Polska im. Jana III Sobieskiego przy Ambasadzie RP w Wiedniu<\/strong><br \/>Promenadeweg 3, 1230 Wien<br \/>Tel.: +43 1 888 41 58 181<br \/>E-Mail: <a href=\"mailto:dyrektor@szkolapolska.org\">dyrektor@szkolapolska.org<\/a><br \/><a href=\"http:\/\/www.szkolapolska.org\/\">www.szkolapolska.org<\/a><\/p>\n<p>Die Schule bietet die Ausbildung innerhalb eines Erg\u00e4nzungssystems im Bereich der polnischen Sprache, der Geschichte Polens, der Gesellschaftskunde und der Geographie Polens sowie des integrierten Lernens in dem Schuleingangsbereich sowie im System des Tele-Learnings f\u00fcr die Kinder, die in gro\u00dfer Entfernung von der Schule wohnen. Alle Kinder besuchen gleichzeitig \u00f6sterreichische Schulen, wo sie ihre Schulpflicht erf\u00fcllen. Es gilt das gleiche Unterrichtsprogramm wie in Polen und die gleichen Lehrb\u00fccher.<\/p>\n<p><strong>Pierwsza Spo\u0142eczna Szko\u0142a Polska<\/strong><br \/>Galvanigasse 1-3, 1210 Wien<br \/>Tel.: +43 680 303 9537, +43 664 145 6121<br \/>E-Mail: <a href=\"mailto:szkola@uczymypolskiego.at\">szkola@uczymypolskiego.at<\/a><br \/><a title=\"www.uczymypolskiego.at\" href=\"http:\/\/www.uczymypolskiego.at\" target=\"_blank\" rel=\"noopener noreferrer\">http:\/\/www.uczymypolskiego.at<\/a><br \/>\u00a0<br \/><strong>Institut f\u00fcr Slawistik \/ Universit\u00e4t Wien<br \/><\/strong>Spitalgasse 2, Hof 3, 1090 Wien<br \/>Tel.: +43 1 4277 428 01 <br \/>E-Mail: <a href=\"mailto:slawistik@univie.ac.at\" target=\"_blank\" rel=\"noopener\">slawistik@univie.ac.at<\/a><strong><br \/><\/strong><\/p>\n<\/div>\n<\/div>\n<div class=\"separator_in_content\">\n<h4>\u00a0<\/h4>\n<h4><span class=\"red_bg\">In Polen<\/span><\/h4>\n<div class=\"half_page half_page_link\">\n<div class=\"one_col first_col\">\n<p><strong>Katowice<\/strong><\/p>\n<p><strong>Szko\u0142a J\u0119zyka i Kultury Polskiej <br \/>Uniwersytetu \u015al\u0105skiego<\/strong><br \/>Pl. Sejmu \u015al\u0105skiego 1, 40-032 Katowice <br \/>Tel: +48 32 251 29 91, +48 32 200 94 24<br \/>E-Mail: <a href=\"mailto:szkola@us.edu.pl\">szkola@us.edu.pl<\/a><br \/><a href=\"http:\/\/www.sjikp.us.edu.pl\/\">www.sjikp.us.edu.pl<\/a><\/p>\n<p><strong>Krak\u00f3w<\/strong><\/p>\n<p><strong>Instytut Europeistyki<br \/>Uniwersytetu Jagiello\u0144skiego<\/strong><br \/>ul. Grabarska 7a, 31-131 Krak\u00f3w<br \/>Tel: +48 12 429 61 95, +48 12 429 62 07<br \/>E-Mail: <a href=\"mailto:ces.office@uj.edu.pl\">ces.office@uj.edu.pl<\/a><br \/><a href=\"http:\/\/www.ces.uj.edu.pl\/\">www.ces.uj.edu.pl<\/a><\/p>\n<p><strong>Szko\u0142a J\u0119zyka i Kultury Polskiej<br \/>Uniwersytetu Jagiello\u0144skiego<\/strong><br \/>ul. Garbarska 7a, 31-131 Krak\u00f3w<br \/>Tel: +48 12 421 36 92<br \/>E-Mail: <a href=\"mailto:plschool@uj.edu.pl\">plschool@uj.edu.pl<\/a><br \/><a href=\"http:\/\/www.plschool.uj.edu.pl\/en_GB\/\">www.plschool.uj.edu.pl\/en_GB\/<\/a><\/p>\n<p><strong>Mi\u0119dzynarodowe Centrum Kszta\u0142cenia<br \/>Politechniki Krakowskiej<\/strong><br \/>ul. Skar\u017cy\u0144skiego 1, 31-866 Krak\u00f3w<br \/>Tel.: +48 12 6283642, +48 12 6492277<br \/>E-mail: <a href=\"mailto:mck@pk.edu.pl\">mck@pk.edu.pl<\/a><br \/><a href=\"http:\/\/www.mck.pk.edu.pl\/en\">www.mck.pk.edu.pl\/en<\/a><\/p>\n<p><strong>Centrum J\u0119zyka i Kultury Polskiej w \u015awiecie<\/strong><br \/>ul. Grodzka 64, 31-044 Krak\u00f3w<br \/>Tel.: +48 12 6631813<br \/>E-mail: <a href=\"mailto:polish.for.foreigners@uj.edu.pl\">polish.for.foreigners@uj.edu.pl<\/a><br \/><a href=\"http:\/\/www.polishstudies.uj.edu.pl\/en_GB\/\">www.polishstudies.uj.edu.pl\/en_GB\/<\/a><\/p>\n<p><strong>Varia Polish Language Center<br \/><\/strong><span style=\"font-size: revert;color: initial\">ul. Micha\u0142owskiego 2\/3, 31-126 Krak\u00f3w<br \/>Tel.\/fax: +48 12 633 58 71, +48\/501 584 623<br \/>E-mail: <a href=\"mailto:office@varia-course.com\" target=\"_blank\" rel=\"noopener\">office@varia-course.com<\/a><br \/><\/span><a href=\"https:\/\/www.varia-course.com\/en\/Registration\">www.varia-course.com\/en\/<\/a><br \/><a href=\"https:\/\/kurspolskiego.pl\/kursy-w-krakowie\/\">https:\/\/kurspolskiego.pl\/kursy-w-krakowie\/<\/a><\/p>\n<p><strong>Lublin<\/strong><\/p>\n<\/div>\n<div class=\"one_col first_col\">\n<p><strong>Centrum J\u0119zyka i Kultury Polskiej dla Polonii i Cudzoziemc\u00f3w Uniwersytetu im. Marii Curie-Sk\u0142odowskiej <\/strong><br \/>ul. Weteran\u00f3w 13, 20-038 Lublin <br \/>Tel: +48 81 533 27 86<br \/>E-Mail: <a href=\"mailto:polonia@poczta.umcs.lublin.pl\">polonia@poczta.umcs.lublin.pl<\/a><br \/><a href=\"http:\/\/www.cjkp.umcs.lublin.pl\/\">www.cjkp.umcs.lublin.pl<\/a><\/p>\n<p><strong>Szko\u0142a J\u0119zyka i Kultury Polskiej<br \/>Katolicki Uniwersytet Lubelski<\/strong><br \/>Al. Rac\u0142awickie 14, 20-950 Lublin<br \/>Tel: +48 81 445 41 11<br \/>E-Mail: <a href=\"mailto:polski@kul.pl\">polski@kul.pl<\/a><br \/><a href=\"http:\/\/www.kul.pl\/szkola-jezyka-i-kultury-polskiej,art_9038.html\/\">www.kul.pl\/szkola-jezyka-i-kultury-polskiej,art_9038.html<\/a><\/p>\n<p><strong>\u0141\u00f3d\u017a<\/strong><\/p>\n<p><strong>Studium J\u0119zyka Polskiego dla Cudzoziemc\u00f3w Uniwersytetu \u0141\u00f3dzkiego <\/strong><br \/>ul. Matejki 21\/23, 90-231 \u0141\u00f3d\u017a <br \/>Tel: +48 42 635 47 00<br \/>E-Mail: <a href=\"mailto:sjpdc@uni.lodz.pl\">sjpdc@uni.lodz.pl<\/a><br \/><a href=\"http:\/\/www.sjpdc.uni.lodz.pl\/\">www.sjpdc.uni.lodz.pl<\/a><\/p>\n<p><strong>Pozna\u0144<\/strong><\/p>\n<p><strong>Studium J\u0119zyka i Kultury Polskiej dla Cudzoziemc\u00f3w Uniwersytetu im. Adama Mickiewicza Collegium Maius<\/strong><br \/>ul. Fredry 10<br \/>61-701 Pozna\u0144 <br \/>Tel.: +48 61 829 4516<br \/>E-mail: <a href=\"mailto:schoolpl@amu.edu.pl\">schoolpl@amu.edu.pl<\/a><br \/><a href=\"http:\/\/www.schoolpl.amu.edu.pl\/\">www.schoolpl.amu.edu.pl<\/a><\/p>\n<\/div>\n<div class=\"one_col\">\n<p><strong>Summer School at UAM Collegium Maius<\/strong><br \/>ul. Fredry 10<br \/>61-701 Pozna\u0144 <br \/>Tel.: +48 61 829 4516<br \/>E-mail: <a href=\"mailto:schoolpl@amu.edu.pl\">schoolpl@amu.edu.pl<\/a><br \/><a href=\"http:\/\/www.summerschool.amu.edu.pl\/\">www.summerschool.amu.edu.pl<\/a><\/p>\n<p><strong>Rzesz\u00f3w<\/strong><\/p>\n<p><strong>Centrum Kultury i J\u0119zyka Polskiego dla Polak\u00f3w zza Granicy i Cudzoziemc\u00f3w \u201ePolonus&#8221; Uniwersytetu Rzeszowskiego <\/strong><br \/>Al. Mjr. Kopisto 26, 35-959 Rzesz\u00f3w <br \/>Tel: +48 17 859 11 95 \u2013 1059, +48 17 872 12 77<br \/>E-Mail: <a href=\"mailto:centrumpolonus@poczta.onet.pl\">polonus@univ.rzeszow.pl<\/a><br \/><a href=\"http:\/\/www.ur.edu.pl\/en\/departments\/interfaculty-units\/polonus-centre-of-polish-culture-and-language-for-poles-from-abroad-and-foreigners\">www.ur.edu.pl\/en\/departments\/interfaculty-units\/polonus-centre-of-polish-culture-and-language-for-poles-from-abroad-and-foreigners<\/a><\/p>\n<p><strong>S\u0142ubice<\/strong><\/p>\n<p><strong>Collegium Polonicum<br \/>Uniwersytetu im. Adama Mickiewicza<\/strong><br \/>ul. Ko\u015bciuszki 1, 69-100 S\u0142ubice<br \/>Tel: +48 61 8296 800 <br \/>E-Mail: <a href=\"mailto:colpol@cp.edu.pl\">colpol@cp.edu.pl<\/a><br \/><a href=\"http:\/\/www.cp.edu.pl\/\">www.cp.edu.pl<\/a><\/p>\n<p><strong>Toru\u0144<\/strong><\/p>\n<p><strong>Studium Kultury i J\u0119zyka Polskiego dla Obcokrajowc\u00f3w Uniwersytetu Miko\u0142aja Kopernika<\/strong><br \/>ul. Fosa Staromiejska 3, 87-100 Toru\u0144 <br \/>Tel: +48 56 611 35 77<br \/>E-Mail: <a href=\"mailto:skjpo@umk.pl\">skjpo@umk.pl<\/a><br \/><a href=\"http:\/\/www.jezyk-polski.umk.pl\/wersja_a\/index.html\/\">www.jezyk-polski.umk.pl\/wersja_a\/index.html<\/a><\/p>\n<p><strong>Warszawa<\/strong><\/p>\n<p><strong>Centrum J\u0119zyka Polskiego i Kultury Polskiej dla Cudzoziemc\u00f3w &#8222;Polonicum&#8221; Uniwersytetu Warszawskiego<\/strong><br \/>ul. Krakowskie Przedmie\u015bcie 32, 00-927 Warszawa<br \/>Tel: + 48 22 55 21 530, + 48 22 55 21 533<br \/>E-Mail: <a href=\"mailto:polonicum@uw.edu.pl\">polonicum@uw.edu.pl<\/a><br \/><a href=\"http:\/\/www.polonicum.uw.edu.pl\/\">www.polonicum.uw.edu.pl<\/a><\/p>\n<p><strong>Szko\u0142a J\u0119zyka i Kultury Polskiej dla Cudzoziemc\u00f3w Uniwersytetu Kardyna\u0142a Stefana Wyszy\u0144skiego w Warszawie<\/strong><br \/>ul. Dewajtis 5, 01-815 Warszawa<br \/>Tel: +48 22 561 89 63<br \/>E-Mail: <a href=\"mailto:polish.wnh@uksw.edu.pl\">polish.wnh@uksw.edu.pl<\/a><br \/><a href=\"http:\/\/www.polish.wnh.uksw.edu.pl\/\">www.polish.wnh.uksw.edu.pl<\/a><\/p>\n<p><strong>Wroc\u0142aw<\/strong><\/p>\n<p><strong>Szko\u0142a J\u0119zyka Polskiego i Kultury dla Cudzoziemc\u00f3w Uniwersytetu Wroc\u0142awskiego<\/strong><br \/>Pl. Nankiera 15, 50-140 Wroc\u0142aw<br \/>Tel: +48 71 3752570 <br \/>E-Mail: <a href=\"mailto:sjpkc@uwr.edu.pl\">sjpkc@uwr.edu.pl<\/a><br \/><a href=\"http:\/\/www.sjpik.uni.wroc.pl\/\">www.sjpik.uni.wroc.pl<\/a><\/p>\n<p><strong>Studium J\u0119zyka Polskiego dla Cudzoziemc\u00f3w Politechniki Wroc\u0142awskiej<\/strong><br \/>Wyb. Wyspia\u0144skiego 27, 50-370 Wroc\u0142aw<br \/>Tel.: +48 71 320 31 87, +48 71 320 31 17 <br \/>E-mail: <a href=\"mailto:sekretariat.sjo@uwr.edu.pl\">sekretariat.sjo@pwr.edu.pl<\/a><br \/><a href=\"http:\/\/www.sjo.pwr.wroc.pl\/\">www.sjo.pwr.wroc.pl<\/a><\/p>\n<\/div>\n<\/div>\n<\/div>\n","protected":false},"excerpt":{"rendered":"<p>Interaktiv die polnische Sprache kennenlernen: http:\/\/www.doyouknowpolska.com\/ Das Polnische Institut in Wien \u00fcbernimmt keine Haftung f\u00fcr das Niveau der angebotenen Polnischkurse. Die unten angef\u00fchrte Liste hat ausschlie\u00dflich einen informativen Charakter. Informationen \u00fcber die zertifizierten staatlichen Pr\u00fcfungen in Polnisch als Fremdsprache finden Sie unter www.certyfikatpolski.pl Polnisch A1 (Anf\u00e4nger ohne Vorkenntnisse)Auf Anfrage Polnisch A1+ (Anf\u00e4nger mit geringen Vorkenntnissen\/ [&hellip;]<\/p>\n","protected":false},"author":1,"featured_media":853,"parent":846,"menu_order":0,"comment_status":"closed","ping_status":"closed","template":"","meta":{"inline_featured_image":false,"_monsterinsights_skip_tracking":false,"_monsterinsights_sitenote_active":false,"_monsterinsights_sitenote_note":"","_monsterinsights_sitenote_category":0,"footnotes":""},"class_list":["post-852","page","type-page","status-publish","has-post-thumbnail","hentry"],"yoast_head":"<!-- This site is optimized with the Yoast SEO plugin v24.6 - https:\/\/yoast.com\/wordpress\/plugins\/seo\/ -->\n<title>Polnischkurse - Instytut Polski w Wiedniu<\/title>\n<meta name=\"robots\" content=\"index, follow, max-snippet:-1, max-image-preview:large, max-video-preview:-1\" \/>\n<link rel=\"canonical\" href=\"https:\/\/instytutpolski.pl\/wien\/polnische-sprache\/polnischkurse-des-polnischen-instituts\/\" \/>\n<meta property=\"og:locale\" content=\"pl_PL\" \/>\n<meta property=\"og:type\" content=\"article\" \/>\n<meta property=\"og:title\" content=\"Polnischkurse - Instytut Polski w Wiedniu\" \/>\n<meta property=\"og:description\" content=\"Interaktiv die polnische Sprache kennenlernen: http:\/\/www.doyouknowpolska.com\/ Das Polnische Institut in Wien \u00fcbernimmt keine Haftung f\u00fcr das Niveau der angebotenen Polnischkurse. Die unten angef\u00fchrte Liste hat ausschlie\u00dflich einen informativen Charakter. Informationen \u00fcber die zertifizierten staatlichen Pr\u00fcfungen in Polnisch als Fremdsprache finden Sie unter www.certyfikatpolski.pl Polnisch A1 (Anf\u00e4nger ohne Vorkenntnisse)Auf Anfrage Polnisch A1+ (Anf\u00e4nger mit geringen Vorkenntnissen\/ [&hellip;]\" \/>\n<meta property=\"og:url\" content=\"https:\/\/instytutpolski.pl\/wien\/polnische-sprache\/polnischkurse-des-polnischen-instituts\/\" \/>\n<meta property=\"og:site_name\" content=\"Instytut Polski w Wiedniu\" \/>\n<meta property=\"article:modified_time\" content=\"2026-02-16T10:58:20+00:00\" \/>\n<meta property=\"og:image\" content=\"https:\/\/instytutpolski.pl\/wien\/wp-content\/uploads\/sites\/2\/2019\/06\/kursy-jezyka-polskiego-kultury-1.jpg\" \/>\n\t<meta property=\"og:image:width\" content=\"1920\" \/>\n\t<meta property=\"og:image:height\" content=\"700\" \/>\n\t<meta property=\"og:image:type\" content=\"image\/jpeg\" \/>\n<meta name=\"twitter:card\" content=\"summary_large_image\" \/>\n<meta name=\"twitter:label1\" content=\"Szacowany czas czytania\" \/>\n\t<meta name=\"twitter:data1\" content=\"5 minut\" \/>\n<script type=\"application\/ld+json\" class=\"yoast-schema-graph\">{\"@context\":\"https:\/\/schema.org\",\"@graph\":[{\"@type\":\"WebPage\",\"@id\":\"https:\/\/instytutpolski.pl\/wien\/polnische-sprache\/polnischkurse-des-polnischen-instituts\/\",\"url\":\"https:\/\/instytutpolski.pl\/wien\/polnische-sprache\/polnischkurse-des-polnischen-instituts\/\",\"name\":\"Polnischkurse - Instytut Polski w Wiedniu\",\"isPartOf\":{\"@id\":\"https:\/\/instytutpolski.pl\/wien\/#website\"},\"primaryImageOfPage\":{\"@id\":\"https:\/\/instytutpolski.pl\/wien\/polnische-sprache\/polnischkurse-des-polnischen-instituts\/#primaryimage\"},\"image\":{\"@id\":\"https:\/\/instytutpolski.pl\/wien\/polnische-sprache\/polnischkurse-des-polnischen-instituts\/#primaryimage\"},\"thumbnailUrl\":\"https:\/\/instytutpolski.pl\/wien\/wp-content\/uploads\/sites\/2\/2019\/06\/kursy-jezyka-polskiego-kultury-1.jpg\",\"datePublished\":\"2019-06-27T07:20:11+00:00\",\"dateModified\":\"2026-02-16T10:58:20+00:00\",\"breadcrumb\":{\"@id\":\"https:\/\/instytutpolski.pl\/wien\/polnische-sprache\/polnischkurse-des-polnischen-instituts\/#breadcrumb\"},\"inLanguage\":\"pl-PL\",\"potentialAction\":[{\"@type\":\"ReadAction\",\"target\":[\"https:\/\/instytutpolski.pl\/wien\/polnische-sprache\/polnischkurse-des-polnischen-instituts\/\"]}]},{\"@type\":\"ImageObject\",\"inLanguage\":\"pl-PL\",\"@id\":\"https:\/\/instytutpolski.pl\/wien\/polnische-sprache\/polnischkurse-des-polnischen-instituts\/#primaryimage\",\"url\":\"https:\/\/instytutpolski.pl\/wien\/wp-content\/uploads\/sites\/2\/2019\/06\/kursy-jezyka-polskiego-kultury-1.jpg\",\"contentUrl\":\"https:\/\/instytutpolski.pl\/wien\/wp-content\/uploads\/sites\/2\/2019\/06\/kursy-jezyka-polskiego-kultury-1.jpg\",\"width\":1920,\"height\":700},{\"@type\":\"BreadcrumbList\",\"@id\":\"https:\/\/instytutpolski.pl\/wien\/polnische-sprache\/polnischkurse-des-polnischen-instituts\/#breadcrumb\",\"itemListElement\":[{\"@type\":\"ListItem\",\"position\":1,\"name\":\"Home\",\"item\":\"https:\/\/instytutpolski.pl\/wien\/pl\/\"},{\"@type\":\"ListItem\",\"position\":2,\"name\":\"Polnische Sprache\",\"item\":\"https:\/\/instytutpolski.pl\/wien\/polnische-sprache\/\"},{\"@type\":\"ListItem\",\"position\":3,\"name\":\"Polnischkurse\"}]},{\"@type\":\"WebSite\",\"@id\":\"https:\/\/instytutpolski.pl\/wien\/#website\",\"url\":\"https:\/\/instytutpolski.pl\/wien\/\",\"name\":\"Instytut Polski w Wiedniu\",\"description\":\"Instytuty Polskie\",\"potentialAction\":[{\"@type\":\"SearchAction\",\"target\":{\"@type\":\"EntryPoint\",\"urlTemplate\":\"https:\/\/instytutpolski.pl\/wien\/?s={search_term_string}\"},\"query-input\":{\"@type\":\"PropertyValueSpecification\",\"valueRequired\":true,\"valueName\":\"search_term_string\"}}],\"inLanguage\":\"pl-PL\"}]}<\/script>\n<!-- \/ Yoast SEO plugin. -->","yoast_head_json":{"title":"Polnischkurse - Instytut Polski w Wiedniu","robots":{"index":"index","follow":"follow","max-snippet":"max-snippet:-1","max-image-preview":"max-image-preview:large","max-video-preview":"max-video-preview:-1"},"canonical":"https:\/\/instytutpolski.pl\/wien\/polnische-sprache\/polnischkurse-des-polnischen-instituts\/","og_locale":"pl_PL","og_type":"article","og_title":"Polnischkurse - Instytut Polski w Wiedniu","og_description":"Interaktiv die polnische Sprache kennenlernen: http:\/\/www.doyouknowpolska.com\/ Das Polnische Institut in Wien \u00fcbernimmt keine Haftung f\u00fcr das Niveau der angebotenen Polnischkurse. Die unten angef\u00fchrte Liste hat ausschlie\u00dflich einen informativen Charakter. Informationen \u00fcber die zertifizierten staatlichen Pr\u00fcfungen in Polnisch als Fremdsprache finden Sie unter www.certyfikatpolski.pl Polnisch A1 (Anf\u00e4nger ohne Vorkenntnisse)Auf Anfrage Polnisch A1+ (Anf\u00e4nger mit geringen Vorkenntnissen\/ [&hellip;]","og_url":"https:\/\/instytutpolski.pl\/wien\/polnische-sprache\/polnischkurse-des-polnischen-instituts\/","og_site_name":"Instytut Polski w Wiedniu","article_modified_time":"2026-02-16T10:58:20+00:00","og_image":[{"width":1920,"height":700,"url":"https:\/\/instytutpolski.pl\/wien\/wp-content\/uploads\/sites\/2\/2019\/06\/kursy-jezyka-polskiego-kultury-1.jpg","type":"image\/jpeg"}],"twitter_card":"summary_large_image","twitter_misc":{"Szacowany czas czytania":"5 minut"},"schema":{"@context":"https:\/\/schema.org","@graph":[{"@type":"WebPage","@id":"https:\/\/instytutpolski.pl\/wien\/polnische-sprache\/polnischkurse-des-polnischen-instituts\/","url":"https:\/\/instytutpolski.pl\/wien\/polnische-sprache\/polnischkurse-des-polnischen-instituts\/","name":"Polnischkurse - Instytut Polski w Wiedniu","isPartOf":{"@id":"https:\/\/instytutpolski.pl\/wien\/#website"},"primaryImageOfPage":{"@id":"https:\/\/instytutpolski.pl\/wien\/polnische-sprache\/polnischkurse-des-polnischen-instituts\/#primaryimage"},"image":{"@id":"https:\/\/instytutpolski.pl\/wien\/polnische-sprache\/polnischkurse-des-polnischen-instituts\/#primaryimage"},"thumbnailUrl":"https:\/\/instytutpolski.pl\/wien\/wp-content\/uploads\/sites\/2\/2019\/06\/kursy-jezyka-polskiego-kultury-1.jpg","datePublished":"2019-06-27T07:20:11+00:00","dateModified":"2026-02-16T10:58:20+00:00","breadcrumb":{"@id":"https:\/\/instytutpolski.pl\/wien\/polnische-sprache\/polnischkurse-des-polnischen-instituts\/#breadcrumb"},"inLanguage":"pl-PL","potentialAction":[{"@type":"ReadAction","target":["https:\/\/instytutpolski.pl\/wien\/polnische-sprache\/polnischkurse-des-polnischen-instituts\/"]}]},{"@type":"ImageObject","inLanguage":"pl-PL","@id":"https:\/\/instytutpolski.pl\/wien\/polnische-sprache\/polnischkurse-des-polnischen-instituts\/#primaryimage","url":"https:\/\/instytutpolski.pl\/wien\/wp-content\/uploads\/sites\/2\/2019\/06\/kursy-jezyka-polskiego-kultury-1.jpg","contentUrl":"https:\/\/instytutpolski.pl\/wien\/wp-content\/uploads\/sites\/2\/2019\/06\/kursy-jezyka-polskiego-kultury-1.jpg","width":1920,"height":700},{"@type":"BreadcrumbList","@id":"https:\/\/instytutpolski.pl\/wien\/polnische-sprache\/polnischkurse-des-polnischen-instituts\/#breadcrumb","itemListElement":[{"@type":"ListItem","position":1,"name":"Home","item":"https:\/\/instytutpolski.pl\/wien\/pl\/"},{"@type":"ListItem","position":2,"name":"Polnische Sprache","item":"https:\/\/instytutpolski.pl\/wien\/polnische-sprache\/"},{"@type":"ListItem","position":3,"name":"Polnischkurse"}]},{"@type":"WebSite","@id":"https:\/\/instytutpolski.pl\/wien\/#website","url":"https:\/\/instytutpolski.pl\/wien\/","name":"Instytut Polski w Wiedniu","description":"Instytuty Polskie","potentialAction":[{"@type":"SearchAction","target":{"@type":"EntryPoint","urlTemplate":"https:\/\/instytutpolski.pl\/wien\/?s={search_term_string}"},"query-input":{"@type":"PropertyValueSpecification","valueRequired":true,"valueName":"search_term_string"}}],"inLanguage":"pl-PL"}]}},"_links":{"self":[{"href":"https:\/\/instytutpolski.pl\/wien\/wp-json\/wp\/v2\/pages\/852","targetHints":{"allow":["GET"]}}],"collection":[{"href":"https:\/\/instytutpolski.pl\/wien\/wp-json\/wp\/v2\/pages"}],"about":[{"href":"https:\/\/instytutpolski.pl\/wien\/wp-json\/wp\/v2\/types\/page"}],"author":[{"embeddable":true,"href":"https:\/\/instytutpolski.pl\/wien\/wp-json\/wp\/v2\/users\/1"}],"replies":[{"embeddable":true,"href":"https:\/\/instytutpolski.pl\/wien\/wp-json\/wp\/v2\/comments?post=852"}],"version-history":[{"count":63,"href":"https:\/\/instytutpolski.pl\/wien\/wp-json\/wp\/v2\/pages\/852\/revisions"}],"predecessor-version":[{"id":29819,"href":"https:\/\/instytutpolski.pl\/wien\/wp-json\/wp\/v2\/pages\/852\/revisions\/29819"}],"up":[{"embeddable":true,"href":"https:\/\/instytutpolski.pl\/wien\/wp-json\/wp\/v2\/pages\/846"}],"wp:featuredmedia":[{"embeddable":true,"href":"https:\/\/instytutpolski.pl\/wien\/wp-json\/wp\/v2\/media\/853"}],"wp:attachment":[{"href":"https:\/\/instytutpolski.pl\/wien\/wp-json\/wp\/v2\/media?parent=852"}],"curies":[{"name":"wp","href":"https:\/\/api.w.org\/{rel}","templated":true}]}}