{"id":856,"date":"2019-06-27T09:20:11","date_gmt":"2019-06-27T07:20:11","guid":{"rendered":"https:\/\/instytutpolski.pl\/wieden\/?page_id=856"},"modified":"2026-02-16T11:39:34","modified_gmt":"2026-02-16T10:39:34","slug":"kursy-jezyka-polskiego","status":"publish","type":"page","link":"https:\/\/instytutpolski.pl\/wien\/pl\/jezyk-polski-2\/kursy-jezyka-polskiego\/","title":{"rendered":"Kursy j\u0119zyka polskiego"},"content":{"rendered":"\n<p>J\u0119zyk polski &#8211; interaktywnie: <a title=\"Do You Know Polska\" href=\"http:\/\/www.doyouknowpolska.com\/\" target=\"_blank\" rel=\"noopener noreferrer\">http:\/\/www.doyouknowpolska.com\/<\/a><\/p>\n<p><strong>Instytut Polski w Wiedniu nie ponosi odpowiedzialno\u015bci za poziom oferowanych kurs\u00f3w j\u0119zyka polskiego. Poni\u017csza lista ma wy\u0142\u0105cznie\u00a0charakter informacyjny.<\/strong><\/p>\n<p>Informacje o egzaminach z j\u0119zyka polskiego jako obcego <a class=\"small_black\" href=\"http:\/\/www.certyfikatpolski.pl\/\" target=\"_blank\" rel=\"noopener noreferrer\">www.certyfikatpolski.pl<\/a><\/p>\n<hr \/>\n<p><strong>Kurs j\u0119zyka polskiego A1<\/strong> (kurs dla pocz\u0105tkuj\u0105cych) <br \/>do ustalenia<strong><br \/><br \/><\/strong><strong>Kurs j\u0119zyka polskiego A1+<\/strong> (kurs dla pocz\u0105tkuj\u0105cych z niewielk\u0105 znajomo\u015bci\u0105 j\u0119zyka\/3. semestr) <br \/><strong>czwartek<\/strong>, godz. 17:30 \u2013 19:00 <br \/>(15x 90 min., 6-10 uczestnik\u00f3w)<br \/>Rozpocz\u0119cie kursu: <strong>05.03.2026<\/strong><strong><br \/><\/strong><\/p>\n<p>\u00a0<\/p>\n<p><strong>Kurs j\u0119zyka polskiego B1<\/strong>\u00a0 (kurs dla zaawansowanych) <br \/>czwartek, godz. 19:00 \u2013 20:30 <br \/>(15x 90 min., 6-10 uczestnik\u00f3w)<br \/>Rozpocz\u0119cie kursu: <strong>05.03.2026<\/strong><\/p>\n\n\n\n<div><span style=\"color: initial\">Dok\u0142adnych informacji udziela prowadz\u0105ca kurs: <\/span><strong style=\"color: initial\">mgr. Barbara Kowalewska, +43 (0) 699 10 98 10 18,<\/strong> <a href=\"mailto:bkowalewska@web.de\">bkowalewska@web.de<\/a><\/div>\n<div>\n<div>\n<div class=\"one_col first_col\"><br \/>Instytut Polski w Wiedniu wspiera kursy j\u0119zyka polskiego poprzez udost\u0119pnienie pomieszcze\u0144 w swojej siedzibie.<hr \/>\n<p><strong>Sprachenzentrum der Universit\u00e4t Wien<\/strong><br \/>Campus der Universit\u00e4t Wien<br \/>Alserstr. 4, Hof 1, 1090 Wiede\u0144<br \/>Tel.: +43 1 4277 24121<br \/>E-mail: <a href=\"mailto:sprachenzentrum@univie.ac.at\">sprachenzentrum@univie.ac.at<br \/><\/a><a href=\"http:\/\/www.sprachenzentrum.univie.ac.at\/\">www.sprachenzentrum.univie.ac.at<\/a><\/p>\n<p><strong>Wiener Volkshochschulen<\/strong><br \/>Hollergasse 22, 1150 Wiede\u0144 <br \/>Tel.: +43 1 89174-0 <br \/>E-mail: <a href=\"mailto:info@vhs.at\">info@vhs.at<\/a><br \/><a href=\"http:\/\/www.vhs.at\/\">www.vhs.at<\/a><\/p>\n<p>Informacje nt. kurs\u00f3w j\u0119zyka polskiego oferowanych przez szko\u0142y VHS w r\u00f3\u017cnych krajach zwi\u0105zkowych znajd\u0105 Pa\u0144stwo na stronach internetowych:<\/p>\n<table class=\"table_in_content\" style=\"width: 100%;height: 184px\" border=\"0\" cellspacing=\"0\" cellpadding=\"0\">\n<tbody>\n<tr style=\"height: 23px\">\n<td style=\"height: 23px\">Burgenland<\/td>\n<td style=\"height: 23px\"><a href=\"http:\/\/www.vhs-burgenland.at\/\">www.vhs-burgenland.at<\/a><\/td>\n<\/tr>\n<tr style=\"height: 23px\">\n<td style=\"height: 23px\">Karyntia<\/td>\n<td style=\"height: 23px\"><a href=\"http:\/\/www.vhsktn.at\/\">www.vhsktn.at<\/a><\/td>\n<\/tr>\n<tr style=\"height: 23px\">\n<td style=\"height: 23px\">Dolna Austria<\/td>\n<td style=\"height: 23px\"><a href=\"http:\/\/www.vhs-noe.at\/\">www.vhs-noe.at<\/a><\/td>\n<\/tr>\n<tr style=\"height: 23px\">\n<td style=\"height: 23px\">G\u00f3rna Austria<\/td>\n<td style=\"height: 23px\"><a href=\"http:\/\/www.vhs-ooe.at\">www.vhs-ooe.at<\/a><\/td>\n<\/tr>\n<tr style=\"height: 23px\">\n<td style=\"height: 23px\">Salzburg<\/td>\n<td style=\"height: 23px\"><a href=\"http:\/\/www.volkshochschule.at\/\">www.volkshochschule.at<\/a><\/td>\n<\/tr>\n<tr style=\"height: 23px\">\n<td style=\"height: 23px\">Styria<\/td>\n<td style=\"height: 23px\"><a href=\"http:\/\/www.vhsstmk.at\/\">www.vhsstmk.at<\/a><\/td>\n<\/tr>\n<tr style=\"height: 23px\">\n<td style=\"height: 23px\">Tyrol<\/td>\n<td style=\"height: 23px\"><a href=\"http:\/\/www.vhs-tirol.at\/\">www.vhs-tirol.at<\/a><\/td>\n<\/tr>\n<tr style=\"height: 23px\">\n<td style=\"height: 23px\">Voralberg<\/td>\n<td style=\"height: 23px\"><a href=\"http:\/\/www.vhs-goetzis.at\/\">www.vhs-goetzis.at<\/a><\/td>\n<\/tr>\n<\/tbody>\n<\/table>\n<\/div>\n<div class=\"one_col\">\n<p><strong>Estrellas &#8211; Kurse f\u00fcr Kinder in Wien<\/strong><br \/>Tel.: +43 1 470 23 70 oder +43 699 170 79 058<br \/>E-mail: <a href=\"mailto:office@estrellas.at\">office@estrellas.at<\/a><br \/><a href=\"http:\/\/www.estrellas.at\/\">www.estrellas.at<\/a><\/p>\n<p><strong>WIFI \u00d6sterreich<\/strong><br \/><a href=\"http:\/\/www.wifi.at\/\">www.wifi.at<\/a><\/p>\n<p><strong>Szko\u0142a Polska im. Jana III Sobieskiego<br \/>przy Ambasadzie RP w Wiedniu<\/strong><br \/>Promenadeweg 3, 1230 Wiede\u0144<br \/>Tel.: +43 1 888 41 58 181<br \/>E-mail: <a href=\"mailto:dyrektor@szkolapolska.org\">dyrektor@szkolapolska.org<\/a><br \/><a href=\"http:\/\/www.szkolapolska.org\/\">www.szkolapolska.org<\/a><\/p>\n<p>Szko\u0142a dla dzieci polonijnych, kszta\u0142ci w systemie uzupe\u0142niaj\u0105cym w zakresie j\u0119zyka polskiego, historii Polski, wiedzy obywatelskiej i geografii. Nauka odbywa si\u0119 w formie kszta\u0142cenia zintegrowanego w klasach m\u0142odszych oraz w systemie kszta\u0142cenia na odleg\u0142o\u015b\u0107 dla dzieci mieszkaj\u0105cych w du\u017cej odleg\u0142o\u015bci od szko\u0142y. Obowi\u0105zuje ten sam program nauczania co w Polsce oraz te same podr\u0119czniki.<\/p>\n<p><strong>Pierwsza Spo\u0142eczna Szko\u0142a Polska<\/strong><br \/>Galvanigasse 1-3, 1210 Wiede\u0144<br \/>Tel. +43 680 303 9537, +43 664 145 6121<br \/>E-mail: <a href=\"mailto:szkola@uczymypolskiego.at\">szkola@uczymypolskiego.at<\/a><br \/><a title=\"www.uczymypolskiego.at\" href=\"http:\/\/www.uczymypolskiego.at\" target=\"_blank\" rel=\"noopener noreferrer\">www.uczymypolskiego.at<\/a><br \/><br \/><\/p>\n<div class=\"separator_in_content\">\n<h4><span class=\"red_bg\">W Polsce<\/span><\/h4>\n<\/div>\n<div class=\"half_page half_page_link\">\n<div class=\"one_col first_col\">\n<p><strong>Katowice<\/strong><\/p>\n<p><strong>Szko\u0142a J\u0119zyka i Kultury Polskiej <br \/>Uniwersytetu \u015al\u0105skiego<\/strong><br \/>Pl. Sejmu \u015al\u0105skiego 1, 40-032 Katowice <br \/>Tel: +48 32 251 29 91, +48 32 200 94 24<br \/>E-Mail: <a href=\"mailto:szkola@us.edu.pl\">szkola@us.edu.pl<\/a><br \/><a href=\"http:\/\/www.sjikp.us.edu.pl\/\">www.sjikp.us.edu.pl<\/a><\/p>\n<p><strong>Krak\u00f3w<\/strong><\/p>\n<p><strong>Instytut Europeistyki<br \/>Uniwersytetu Jagiello\u0144skiego<\/strong><br \/>ul. Grabarska 7a, 31-131 Krak\u00f3w<br \/>Tel: +48 12 429 61 95, +48 12 429 62 07<br \/>E-Mail: <a href=\"mailto:ces.office@uj.edu.pl\">ces.office@uj.edu.pl<\/a><br \/><a href=\"http:\/\/www.ces.uj.edu.pl\/\">www.ces.uj.edu.pl<\/a><\/p>\n<p><strong>Szko\u0142a J\u0119zyka i Kultury Polskiej<br \/>Uniwersytetu Jagiello\u0144skiego<\/strong><br \/>ul. Garbarska 7a, 31-131 Krak\u00f3w<br \/>Tel: +48 12 421 36 92<br \/>E-Mail: <a href=\"mailto:plschool@uj.edu.pl\">plschool@uj.edu.pl<\/a><br \/><a href=\"http:\/\/www.plschool.uj.edu.pl\/en_GB\/\">www.plschool.uj.edu.pl\/en_GB\/<\/a><\/p>\n<p><strong>Mi\u0119dzynarodowe Centrum Kszta\u0142cenia<br \/>Politechniki Krakowskiej<\/strong><br \/>ul. Skar\u017cy\u0144skiego 1, 31-866 Krak\u00f3w<br \/>Tel.: +48 12 6283642, +48 12 6492277<br \/>E-mail: <a href=\"mailto:mck@pk.edu.pl\">mck@pk.edu.pl<\/a><br \/><a href=\"http:\/\/www.mck.pk.edu.pl\/en\">www.mck.pk.edu.pl\/en<\/a><\/p>\n<p><strong>Centrum J\u0119zyka i Kultury Polskiej w \u015awiecie<\/strong><br \/>ul. Grodzka 64, 31-044 Krak\u00f3w<br \/>Tel.: +48 12 6631813<br \/>E-mail: <a href=\"mailto:polish.for.foreigners@uj.edu.pl\">polish.for.foreigners@uj.edu.pl<\/a><br \/><a href=\"http:\/\/www.polishstudies.uj.edu.pl\/en_GB\/\">www.polishstudies.uj.edu.pl\/en_GB\/<\/a><\/p>\n<p><strong>Varia Polish Language Center<br \/><\/strong><span style=\"font-size: revert;color: initial\">ul. Micha\u0142owskiego 2\/3, 31-126 Krak\u00f3w<br \/>Tel.\/fax: +48 12 633 58 71, +48\/501 584 623<br \/>E-mail: <a href=\"mailto:office@varia-course.com\" target=\"_blank\" rel=\"noopener\">office@varia-course.com<\/a><br \/><\/span><a href=\"https:\/\/www.varia-course.com\/en\/Registration\">www.varia-course.com\/en\/<\/a><\/p>\n<strong>Lublin<\/strong>\n<p><strong>Centrum J\u0119zyka i Kultury Polskiej dla Polonii i Cudzoziemc\u00f3w Uniwersytetu im. Marii Curie-Sk\u0142odowskiej <\/strong><br \/>ul. Weteran\u00f3w 13, 20-038 Lublin <br \/>Tel: +48 81 533 27 86<br \/>E-Mail: <a href=\"mailto:polonia@poczta.umcs.lublin.pl\">polonia@poczta.umcs.lublin.pl<\/a><br \/><a href=\"http:\/\/www.cjkp.umcs.lublin.pl\/\">www.cjkp.umcs.lublin.pl<\/a><\/p>\n<p><strong>Szko\u0142a J\u0119zyka i Kultury Polskiej<br \/>Katolicki Uniwersytet Lubelski<\/strong><br \/>Al. Rac\u0142awickie 14, 20-950 Lublin<br \/>Tel: +48 81 445 41 11<br \/>E-Mail: <a href=\"mailto:polski@kul.pl\">polski@kul.pl<\/a><br \/><a href=\"http:\/\/www.kul.pl\/szkola-jezyka-i-kultury-polskiej,art_9038.html\/\">www.kul.pl\/szkola-jezyka-i-kultury-polskiej,art_9038.html<\/a><\/p>\n<p><strong>\u0141\u00f3d\u017a<\/strong><\/p>\n<p><strong>Studium J\u0119zyka Polskiego dla Cudzoziemc\u00f3w Uniwersytetu \u0141\u00f3dzkiego <\/strong><br \/>ul. Matejki 21\/23, 90-231 \u0141\u00f3d\u017a <br \/>Tel: +48 42 635 47 00<br \/>E-Mail: <a href=\"mailto:sjpdc@uni.lodz.pl\">sjpdc@uni.lodz.pl<\/a><br \/><a href=\"http:\/\/www.sjpdc.uni.lodz.pl\/\">www.sjpdc.uni.lodz.pl<\/a><\/p>\n<p><strong>Pozna\u0144<\/strong><\/p>\n<p><strong>Studium J\u0119zyka i Kultury Polskiej dla Cudzoziemc\u00f3w Uniwersytetu im. Adama Mickiewicza Collegium Maius<\/strong><br \/>ul. Fredry 10<br \/>61-701 Pozna\u0144 <br \/>Tel.: +48 61 829 4516<br \/>E-mail: <a href=\"mailto:schoolpl@amu.edu.pl\">schoolpl@amu.edu.pl<\/a><br \/><a href=\"http:\/\/www.schoolpl.amu.edu.pl\/\">www.schoolpl.amu.edu.pl<\/a><\/p>\n<\/div>\n<p><strong>Summer School at UAM Collegium Maius<\/strong><br \/>ul. Fredry 10<br \/>61-701 Pozna\u0144 <br \/>Tel.: +48 61 829 4516<br \/>E-mail: <a href=\"mailto:schoolpl@amu.edu.pl\">schoolpl@amu.edu.pl<\/a><br \/><a href=\"http:\/\/www.summerschool.amu.edu.pl\/\">www.summerschool.amu.edu.pl<\/a><\/p>\n<p><strong>Rzesz\u00f3w<\/strong><\/p>\n<p><strong>Centrum Kultury i J\u0119zyka Polskiego dla Polak\u00f3w zza Granicy i Cudzoziemc\u00f3w \u201ePolonus&#8221; Uniwersytetu Rzeszowskiego <\/strong><br \/>Al. Mjr. Kopisto 26, 35-959 Rzesz\u00f3w <br \/>Tel: +48 17 859 11 95 \u2013 1059, +48 17 872 12 77<br \/>E-Mail: <a href=\"mailto:centrumpolonus@poczta.onet.pl\">polonus@univ.rzeszow.pl<\/a><br \/><a href=\"http:\/\/www.ur.edu.pl\/en\/departments\/interfaculty-units\/polonus-centre-of-polish-culture-and-language-for-poles-from-abroad-and-foreigners\">www.ur.edu.pl\/en\/departments\/interfaculty-units\/polonus-centre-of-polish-culture-and-language-for-poles-from-abroad-and-foreigners<\/a><\/p>\n<p><strong>S\u0142ubice<\/strong><\/p>\n<p><strong>Collegium Polonicum<br \/>Uniwersytetu im. Adama Mickiewicza<\/strong><br \/>ul. Ko\u015bciuszki 1, 69-100 S\u0142ubice<br \/>Tel: +48 61 8296 800 <br \/>E-Mail: <a href=\"mailto:colpol@cp.edu.pl\">colpol@cp.edu.pl<\/a><br \/><a href=\"http:\/\/www.cp.edu.pl\/\">www.cp.edu.pl<\/a><\/p>\n<p><strong>Toru\u0144<\/strong><\/p>\n<p><strong>Studium Kultury i J\u0119zyka Polskiego dla Obcokrajowc\u00f3w Uniwersytetu Miko\u0142aja Kopernika<\/strong><br \/>ul. Fosa Staromiejska 3, 87-100 Toru\u0144 <br \/>Tel: +48 56 611 35 77<br \/>E-Mail: <a href=\"mailto:skjpo@umk.pl\">skjpo@umk.pl<\/a><br \/><a href=\"http:\/\/www.jezyk-polski.umk.pl\/wersja_a\/index.html\/\">www.jezyk-polski.umk.pl\/wersja_a\/index.html<\/a><\/p>\n<p><strong>Warszawa<\/strong><\/p>\n<p><strong>Centrum J\u0119zyka Polskiego i Kultury Polskiej dla Cudzoziemc\u00f3w &#8222;Polonicum&#8221; Uniwersytetu Warszawskiego<\/strong><br \/>ul. Krakowskie Przedmie\u015bcie 32, 00-927 Warszawa<br \/>Tel: + 48 22 55 21 530, + 48 22 55 21 533<br \/>E-Mail: <a href=\"mailto:polonicum@uw.edu.pl\">polonicum@uw.edu.pl<\/a><br \/><a href=\"http:\/\/www.polonicum.uw.edu.pl\/\">www.polonicum.uw.edu.pl<\/a><\/p>\n<p><strong>Szko\u0142a J\u0119zyka i Kultury Polskiej dla Cudzoziemc\u00f3w Uniwersytetu Kardyna\u0142a Stefana Wyszy\u0144skiego w Warszawie<\/strong><br \/>ul. Dewajtis 5, 01-815 Warszawa<br \/>Tel: +48 22 561 89 63<br \/>E-Mail: <a href=\"mailto:polish.wnh@uksw.edu.pl\">polish.wnh@uksw.edu.pl<\/a><br \/><a href=\"http:\/\/www.polish.wnh.uksw.edu.pl\/\">www.polish.wnh.uksw.edu.pl<\/a><\/p>\n<p><strong>Wroc\u0142aw<\/strong><\/p>\n<p><strong>Szko\u0142a J\u0119zyka Polskiego i Kultury dla Cudzoziemc\u00f3w Uniwersytetu Wroc\u0142awskiego<\/strong><br \/>Pl. Nankiera 15, 50-140 Wroc\u0142aw<br \/>Tel: +48 71 3752570 <br \/>E-Mail: <a href=\"mailto:sjpkc@uwr.edu.pl\">sjpkc@uwr.edu.pl<\/a><br \/><a href=\"http:\/\/www.sjpik.uni.wroc.pl\/\">www.sjpik.uni.wroc.pl<\/a><\/p>\n<strong>Studium J\u0119zyka Polskiego dla Cudzoziemc\u00f3w Politechniki Wroc\u0142awskiej<\/strong><br \/>Wyb. Wyspia\u0144skiego 27, 50-370 Wroc\u0142aw<br \/>Tel.: +48 71 320 31 87, +48 71 320 31 17 <br \/>E-mail: <a href=\"mailto:sekretariat.sjo@uwr.edu.pl\">sekretariat.sjo@pwr.edu.pl<\/a><br \/><a href=\"http:\/\/www.sjo.pwr.wroc.pl\/\">www.sjo.pwr.wroc.pl<\/a><\/div>\n<\/div>\n<\/div>\n<\/div>\n<p>\u00a0<\/p>\n<p>\u00a0<\/p>\n<p>\u00a0<\/p>\n","protected":false},"excerpt":{"rendered":"<p>J\u0119zyk polski &#8211; interaktywnie: http:\/\/www.doyouknowpolska.com\/ Instytut Polski w Wiedniu nie ponosi odpowiedzialno\u015bci za poziom oferowanych kurs\u00f3w j\u0119zyka polskiego. Poni\u017csza lista ma wy\u0142\u0105cznie\u00a0charakter informacyjny. Informacje o egzaminach z j\u0119zyka polskiego jako obcego www.certyfikatpolski.pl Kurs j\u0119zyka polskiego A1 (kurs dla pocz\u0105tkuj\u0105cych) do ustalenia Kurs j\u0119zyka polskiego A1+ (kurs dla pocz\u0105tkuj\u0105cych z niewielk\u0105 znajomo\u015bci\u0105 j\u0119zyka\/3. semestr) czwartek, godz. [&hellip;]<\/p>\n","protected":false},"author":1,"featured_media":853,"parent":850,"menu_order":0,"comment_status":"closed","ping_status":"closed","template":"","meta":{"inline_featured_image":false,"_monsterinsights_skip_tracking":false,"_monsterinsights_sitenote_active":false,"_monsterinsights_sitenote_note":"","_monsterinsights_sitenote_category":0,"footnotes":""},"class_list":["post-856","page","type-page","status-publish","has-post-thumbnail","hentry"],"yoast_head":"<!-- This site is optimized with the Yoast SEO plugin v24.6 - https:\/\/yoast.com\/wordpress\/plugins\/seo\/ -->\n<title>Kursy j\u0119zyka polskiego - Instytut Polski w Wiedniu<\/title>\n<meta name=\"robots\" content=\"index, follow, max-snippet:-1, max-image-preview:large, max-video-preview:-1\" \/>\n<link rel=\"canonical\" href=\"https:\/\/instytutpolski.pl\/wien\/pl\/jezyk-polski-2\/kursy-jezyka-polskiego\/\" \/>\n<meta property=\"og:locale\" content=\"pl_PL\" \/>\n<meta property=\"og:type\" content=\"article\" \/>\n<meta property=\"og:title\" content=\"Kursy j\u0119zyka polskiego - Instytut Polski w Wiedniu\" \/>\n<meta property=\"og:description\" content=\"J\u0119zyk polski &#8211; interaktywnie: http:\/\/www.doyouknowpolska.com\/ Instytut Polski w Wiedniu nie ponosi odpowiedzialno\u015bci za poziom oferowanych kurs\u00f3w j\u0119zyka polskiego. Poni\u017csza lista ma wy\u0142\u0105cznie\u00a0charakter informacyjny. Informacje o egzaminach z j\u0119zyka polskiego jako obcego www.certyfikatpolski.pl Kurs j\u0119zyka polskiego A1 (kurs dla pocz\u0105tkuj\u0105cych) do ustalenia Kurs j\u0119zyka polskiego A1+ (kurs dla pocz\u0105tkuj\u0105cych z niewielk\u0105 znajomo\u015bci\u0105 j\u0119zyka\/3. semestr) czwartek, godz. [&hellip;]\" \/>\n<meta property=\"og:url\" content=\"https:\/\/instytutpolski.pl\/wien\/pl\/jezyk-polski-2\/kursy-jezyka-polskiego\/\" \/>\n<meta property=\"og:site_name\" content=\"Instytut Polski w Wiedniu\" \/>\n<meta property=\"article:modified_time\" content=\"2026-02-16T10:39:34+00:00\" \/>\n<meta property=\"og:image\" content=\"https:\/\/instytutpolski.pl\/wien\/wp-content\/uploads\/sites\/2\/2019\/06\/kursy-jezyka-polskiego-kultury-1.jpg\" \/>\n\t<meta property=\"og:image:width\" content=\"1920\" \/>\n\t<meta property=\"og:image:height\" content=\"700\" \/>\n\t<meta property=\"og:image:type\" content=\"image\/jpeg\" \/>\n<meta name=\"twitter:card\" content=\"summary_large_image\" \/>\n<meta name=\"twitter:label1\" content=\"Szacowany czas czytania\" \/>\n\t<meta name=\"twitter:data1\" content=\"5 minut\" \/>\n<script type=\"application\/ld+json\" class=\"yoast-schema-graph\">{\"@context\":\"https:\/\/schema.org\",\"@graph\":[{\"@type\":\"WebPage\",\"@id\":\"https:\/\/instytutpolski.pl\/wien\/pl\/jezyk-polski-2\/kursy-jezyka-polskiego\/\",\"url\":\"https:\/\/instytutpolski.pl\/wien\/pl\/jezyk-polski-2\/kursy-jezyka-polskiego\/\",\"name\":\"Kursy j\u0119zyka polskiego - Instytut Polski w Wiedniu\",\"isPartOf\":{\"@id\":\"https:\/\/instytutpolski.pl\/wien\/#website\"},\"primaryImageOfPage\":{\"@id\":\"https:\/\/instytutpolski.pl\/wien\/pl\/jezyk-polski-2\/kursy-jezyka-polskiego\/#primaryimage\"},\"image\":{\"@id\":\"https:\/\/instytutpolski.pl\/wien\/pl\/jezyk-polski-2\/kursy-jezyka-polskiego\/#primaryimage\"},\"thumbnailUrl\":\"https:\/\/instytutpolski.pl\/wien\/wp-content\/uploads\/sites\/2\/2019\/06\/kursy-jezyka-polskiego-kultury-1.jpg\",\"datePublished\":\"2019-06-27T07:20:11+00:00\",\"dateModified\":\"2026-02-16T10:39:34+00:00\",\"breadcrumb\":{\"@id\":\"https:\/\/instytutpolski.pl\/wien\/pl\/jezyk-polski-2\/kursy-jezyka-polskiego\/#breadcrumb\"},\"inLanguage\":\"pl-PL\",\"potentialAction\":[{\"@type\":\"ReadAction\",\"target\":[\"https:\/\/instytutpolski.pl\/wien\/pl\/jezyk-polski-2\/kursy-jezyka-polskiego\/\"]}]},{\"@type\":\"ImageObject\",\"inLanguage\":\"pl-PL\",\"@id\":\"https:\/\/instytutpolski.pl\/wien\/pl\/jezyk-polski-2\/kursy-jezyka-polskiego\/#primaryimage\",\"url\":\"https:\/\/instytutpolski.pl\/wien\/wp-content\/uploads\/sites\/2\/2019\/06\/kursy-jezyka-polskiego-kultury-1.jpg\",\"contentUrl\":\"https:\/\/instytutpolski.pl\/wien\/wp-content\/uploads\/sites\/2\/2019\/06\/kursy-jezyka-polskiego-kultury-1.jpg\",\"width\":1920,\"height\":700},{\"@type\":\"BreadcrumbList\",\"@id\":\"https:\/\/instytutpolski.pl\/wien\/pl\/jezyk-polski-2\/kursy-jezyka-polskiego\/#breadcrumb\",\"itemListElement\":[{\"@type\":\"ListItem\",\"position\":1,\"name\":\"Home\",\"item\":\"https:\/\/instytutpolski.pl\/wien\/pl\/\"},{\"@type\":\"ListItem\",\"position\":2,\"name\":\"J\u0119zyk polski\",\"item\":\"https:\/\/instytutpolski.pl\/wien\/pl\/jezyk-polski-2\/\"},{\"@type\":\"ListItem\",\"position\":3,\"name\":\"Kursy j\u0119zyka polskiego\"}]},{\"@type\":\"WebSite\",\"@id\":\"https:\/\/instytutpolski.pl\/wien\/#website\",\"url\":\"https:\/\/instytutpolski.pl\/wien\/\",\"name\":\"Instytut Polski w Wiedniu\",\"description\":\"Instytuty Polskie\",\"potentialAction\":[{\"@type\":\"SearchAction\",\"target\":{\"@type\":\"EntryPoint\",\"urlTemplate\":\"https:\/\/instytutpolski.pl\/wien\/?s={search_term_string}\"},\"query-input\":{\"@type\":\"PropertyValueSpecification\",\"valueRequired\":true,\"valueName\":\"search_term_string\"}}],\"inLanguage\":\"pl-PL\"}]}<\/script>\n<!-- \/ Yoast SEO plugin. -->","yoast_head_json":{"title":"Kursy j\u0119zyka polskiego - Instytut Polski w Wiedniu","robots":{"index":"index","follow":"follow","max-snippet":"max-snippet:-1","max-image-preview":"max-image-preview:large","max-video-preview":"max-video-preview:-1"},"canonical":"https:\/\/instytutpolski.pl\/wien\/pl\/jezyk-polski-2\/kursy-jezyka-polskiego\/","og_locale":"pl_PL","og_type":"article","og_title":"Kursy j\u0119zyka polskiego - Instytut Polski w Wiedniu","og_description":"J\u0119zyk polski &#8211; interaktywnie: http:\/\/www.doyouknowpolska.com\/ Instytut Polski w Wiedniu nie ponosi odpowiedzialno\u015bci za poziom oferowanych kurs\u00f3w j\u0119zyka polskiego. Poni\u017csza lista ma wy\u0142\u0105cznie\u00a0charakter informacyjny. Informacje o egzaminach z j\u0119zyka polskiego jako obcego www.certyfikatpolski.pl Kurs j\u0119zyka polskiego A1 (kurs dla pocz\u0105tkuj\u0105cych) do ustalenia Kurs j\u0119zyka polskiego A1+ (kurs dla pocz\u0105tkuj\u0105cych z niewielk\u0105 znajomo\u015bci\u0105 j\u0119zyka\/3. semestr) czwartek, godz. [&hellip;]","og_url":"https:\/\/instytutpolski.pl\/wien\/pl\/jezyk-polski-2\/kursy-jezyka-polskiego\/","og_site_name":"Instytut Polski w Wiedniu","article_modified_time":"2026-02-16T10:39:34+00:00","og_image":[{"width":1920,"height":700,"url":"https:\/\/instytutpolski.pl\/wien\/wp-content\/uploads\/sites\/2\/2019\/06\/kursy-jezyka-polskiego-kultury-1.jpg","type":"image\/jpeg"}],"twitter_card":"summary_large_image","twitter_misc":{"Szacowany czas czytania":"5 minut"},"schema":{"@context":"https:\/\/schema.org","@graph":[{"@type":"WebPage","@id":"https:\/\/instytutpolski.pl\/wien\/pl\/jezyk-polski-2\/kursy-jezyka-polskiego\/","url":"https:\/\/instytutpolski.pl\/wien\/pl\/jezyk-polski-2\/kursy-jezyka-polskiego\/","name":"Kursy j\u0119zyka polskiego - Instytut Polski w Wiedniu","isPartOf":{"@id":"https:\/\/instytutpolski.pl\/wien\/#website"},"primaryImageOfPage":{"@id":"https:\/\/instytutpolski.pl\/wien\/pl\/jezyk-polski-2\/kursy-jezyka-polskiego\/#primaryimage"},"image":{"@id":"https:\/\/instytutpolski.pl\/wien\/pl\/jezyk-polski-2\/kursy-jezyka-polskiego\/#primaryimage"},"thumbnailUrl":"https:\/\/instytutpolski.pl\/wien\/wp-content\/uploads\/sites\/2\/2019\/06\/kursy-jezyka-polskiego-kultury-1.jpg","datePublished":"2019-06-27T07:20:11+00:00","dateModified":"2026-02-16T10:39:34+00:00","breadcrumb":{"@id":"https:\/\/instytutpolski.pl\/wien\/pl\/jezyk-polski-2\/kursy-jezyka-polskiego\/#breadcrumb"},"inLanguage":"pl-PL","potentialAction":[{"@type":"ReadAction","target":["https:\/\/instytutpolski.pl\/wien\/pl\/jezyk-polski-2\/kursy-jezyka-polskiego\/"]}]},{"@type":"ImageObject","inLanguage":"pl-PL","@id":"https:\/\/instytutpolski.pl\/wien\/pl\/jezyk-polski-2\/kursy-jezyka-polskiego\/#primaryimage","url":"https:\/\/instytutpolski.pl\/wien\/wp-content\/uploads\/sites\/2\/2019\/06\/kursy-jezyka-polskiego-kultury-1.jpg","contentUrl":"https:\/\/instytutpolski.pl\/wien\/wp-content\/uploads\/sites\/2\/2019\/06\/kursy-jezyka-polskiego-kultury-1.jpg","width":1920,"height":700},{"@type":"BreadcrumbList","@id":"https:\/\/instytutpolski.pl\/wien\/pl\/jezyk-polski-2\/kursy-jezyka-polskiego\/#breadcrumb","itemListElement":[{"@type":"ListItem","position":1,"name":"Home","item":"https:\/\/instytutpolski.pl\/wien\/pl\/"},{"@type":"ListItem","position":2,"name":"J\u0119zyk polski","item":"https:\/\/instytutpolski.pl\/wien\/pl\/jezyk-polski-2\/"},{"@type":"ListItem","position":3,"name":"Kursy j\u0119zyka polskiego"}]},{"@type":"WebSite","@id":"https:\/\/instytutpolski.pl\/wien\/#website","url":"https:\/\/instytutpolski.pl\/wien\/","name":"Instytut Polski w Wiedniu","description":"Instytuty Polskie","potentialAction":[{"@type":"SearchAction","target":{"@type":"EntryPoint","urlTemplate":"https:\/\/instytutpolski.pl\/wien\/?s={search_term_string}"},"query-input":{"@type":"PropertyValueSpecification","valueRequired":true,"valueName":"search_term_string"}}],"inLanguage":"pl-PL"}]}},"_links":{"self":[{"href":"https:\/\/instytutpolski.pl\/wien\/wp-json\/wp\/v2\/pages\/856","targetHints":{"allow":["GET"]}}],"collection":[{"href":"https:\/\/instytutpolski.pl\/wien\/wp-json\/wp\/v2\/pages"}],"about":[{"href":"https:\/\/instytutpolski.pl\/wien\/wp-json\/wp\/v2\/types\/page"}],"author":[{"embeddable":true,"href":"https:\/\/instytutpolski.pl\/wien\/wp-json\/wp\/v2\/users\/1"}],"replies":[{"embeddable":true,"href":"https:\/\/instytutpolski.pl\/wien\/wp-json\/wp\/v2\/comments?post=856"}],"version-history":[{"count":54,"href":"https:\/\/instytutpolski.pl\/wien\/wp-json\/wp\/v2\/pages\/856\/revisions"}],"predecessor-version":[{"id":29816,"href":"https:\/\/instytutpolski.pl\/wien\/wp-json\/wp\/v2\/pages\/856\/revisions\/29816"}],"up":[{"embeddable":true,"href":"https:\/\/instytutpolski.pl\/wien\/wp-json\/wp\/v2\/pages\/850"}],"wp:featuredmedia":[{"embeddable":true,"href":"https:\/\/instytutpolski.pl\/wien\/wp-json\/wp\/v2\/media\/853"}],"wp:attachment":[{"href":"https:\/\/instytutpolski.pl\/wien\/wp-json\/wp\/v2\/media?parent=856"}],"curies":[{"name":"wp","href":"https:\/\/api.w.org\/{rel}","templated":true}]}}