{"id":87,"date":"2019-04-23T13:57:18","date_gmt":"2019-04-23T11:57:18","guid":{"rendered":"https:\/\/instytutpolski.pl\/wieden\/?page_id=87"},"modified":"2026-03-11T13:32:11","modified_gmt":"2026-03-11T12:32:11","slug":"galeria","status":"publish","type":"page","link":"https:\/\/instytutpolski.pl\/wien\/pl\/o-nas\/galeria\/","title":{"rendered":"Galeria"},"content":{"rendered":"\n<p style=\"text-align: justify\">Galeria Instytutu Polskiego w Wiedniu to otwarta przestrze\u0144 spotkania wsp\u00f3\u0142czesnej sztuki, fotografii i designu \u2014 miejsce dialogu, eksperymentu i wymiany my\u015bli. Od wielu lat konsekwentnie buduje swoj\u0105 pozycj\u0119 jako wa\u017cny punkt na kulturalnej mapie Wiednia, prezentuj\u0105c tw\u00f3rczo\u015b\u0107 artystek i artyst\u00f3w z Polski w europejskim i mi\u0119dzynarodowym kontek\u015bcie.<br \/>W zabytkowej kamienicy na parterze, przy Am Gestade 7, tworzymy przestrze\u0144 wystawiennicz\u0105 oraz miejsce refleksji, inspiracji i spotka\u0144. W ramach programu pokazujemy zar\u00f3wno uznane nazwiska, jak i tw\u00f3rc\u00f3w m\u0142odszego pokolenia \u2014 poszukuj\u0105cych nowych form wyrazu i reaguj\u0105cych na wsp\u00f3\u0142czesne wyzwania. \u0141\u0105czymy tradycj\u0119 z tera\u017aniejszo\u015bci\u0105, lokalne do\u015bwiadczenie z globalnym kontekstem, tworz\u0105c platform\u0119 wymiany mi\u0119dzy Polsk\u0105, Austri\u0105 i \u015bwiatem.<br \/>Zapraszamy do do\u015bwiadczania sztuki w przestrzeni mi\u0119dzy kulturami \u2014 dost\u0119pnej, inspiruj\u0105cej i bliskiej odbiorcy.<\/p>\n<p><strong>Sztuka dost\u0119pna dla wszystkich.<\/strong><\/p>\n<p>\u00a0<\/p>\n<p><strong>Godziny otwarcia:<br \/><\/strong>poniedzia\u0142ek &#8211; pi\u0105tek: 12:00-16:00<\/p>\n<p><strong>Kontakt:<\/strong><br \/>Tel. 01\/ 533 89 61<\/p>\n\n\n\n<figure class=\"wp-block-gallery has-nested-images columns-default is-cropped wp-block-gallery-1 is-layout-flex wp-block-gallery-is-layout-flex\">\n<figure class=\"wp-block-image size-large\"><a href=\"https:\/\/instytutpolski.pl\/wien\/wp-content\/uploads\/sites\/2\/2019\/05\/4_jpg814834443272120878.jpg\"><img loading=\"lazy\" decoding=\"async\" width=\"555\" height=\"333\" data-id=\"137\" src=\"https:\/\/instytutpolski.pl\/wieden\/wp-content\/uploads\/sites\/2\/2019\/05\/4_jpg814834443272120878.jpg\" alt=\"\" class=\"wp-image-137\" srcset=\"https:\/\/instytutpolski.pl\/wien\/wp-content\/uploads\/sites\/2\/2019\/05\/4_jpg814834443272120878.jpg 555w, https:\/\/instytutpolski.pl\/wien\/wp-content\/uploads\/sites\/2\/2019\/05\/4_jpg814834443272120878-300x180.jpg 300w\" sizes=\"auto, (max-width: 555px) 100vw, 555px\" \/><\/a><\/figure>\n\n\n\n<figure class=\"wp-block-image size-large\"><a href=\"https:\/\/instytutpolski.pl\/wien\/wp-content\/uploads\/sites\/2\/2019\/05\/1_jpg461052142568589392.jpg\"><img loading=\"lazy\" decoding=\"async\" width=\"555\" height=\"333\" data-id=\"139\" src=\"https:\/\/instytutpolski.pl\/wieden\/wp-content\/uploads\/sites\/2\/2019\/05\/1_jpg461052142568589392.jpg\" alt=\"\" class=\"wp-image-139\" srcset=\"https:\/\/instytutpolski.pl\/wien\/wp-content\/uploads\/sites\/2\/2019\/05\/1_jpg461052142568589392.jpg 555w, https:\/\/instytutpolski.pl\/wien\/wp-content\/uploads\/sites\/2\/2019\/05\/1_jpg461052142568589392-300x180.jpg 300w\" sizes=\"auto, (max-width: 555px) 100vw, 555px\" \/><\/a><\/figure>\n\n\n\n<figure class=\"wp-block-image size-large\"><a href=\"https:\/\/instytutpolski.pl\/wien\/wp-content\/uploads\/sites\/2\/2019\/05\/2_jpg298632190403308367.jpg\"><img loading=\"lazy\" decoding=\"async\" width=\"555\" height=\"333\" data-id=\"140\" src=\"https:\/\/instytutpolski.pl\/wieden\/wp-content\/uploads\/sites\/2\/2019\/05\/2_jpg298632190403308367.jpg\" alt=\"\" class=\"wp-image-140\" srcset=\"https:\/\/instytutpolski.pl\/wien\/wp-content\/uploads\/sites\/2\/2019\/05\/2_jpg298632190403308367.jpg 555w, https:\/\/instytutpolski.pl\/wien\/wp-content\/uploads\/sites\/2\/2019\/05\/2_jpg298632190403308367-300x180.jpg 300w\" sizes=\"auto, (max-width: 555px) 100vw, 555px\" \/><\/a><\/figure>\n<\/figure>\n","protected":false},"excerpt":{"rendered":"<p>Galeria Instytutu Polskiego w Wiedniu to otwarta przestrze\u0144 spotkania wsp\u00f3\u0142czesnej sztuki, fotografii i designu \u2014 miejsce dialogu, eksperymentu i wymiany my\u015bli. Od wielu lat konsekwentnie buduje swoj\u0105 pozycj\u0119 jako wa\u017cny punkt na kulturalnej mapie Wiednia, prezentuj\u0105c tw\u00f3rczo\u015b\u0107 artystek i artyst\u00f3w z Polski w europejskim i mi\u0119dzynarodowym kontek\u015bcie.W zabytkowej kamienicy na parterze, przy Am Gestade 7, [&hellip;]<\/p>\n","protected":false},"author":1,"featured_media":4168,"parent":83,"menu_order":0,"comment_status":"closed","ping_status":"closed","template":"","meta":{"inline_featured_image":false,"_monsterinsights_skip_tracking":false,"_monsterinsights_sitenote_active":false,"_monsterinsights_sitenote_note":"","_monsterinsights_sitenote_category":0,"footnotes":""},"class_list":["post-87","page","type-page","status-publish","has-post-thumbnail","hentry"],"yoast_head":"<!-- This site is optimized with the Yoast SEO plugin v24.6 - https:\/\/yoast.com\/wordpress\/plugins\/seo\/ -->\n<title>Galeria - Instytut Polski w Wiedniu<\/title>\n<meta name=\"robots\" content=\"index, follow, max-snippet:-1, max-image-preview:large, max-video-preview:-1\" \/>\n<link rel=\"canonical\" href=\"https:\/\/instytutpolski.pl\/wien\/pl\/o-nas\/galeria\/\" \/>\n<meta property=\"og:locale\" content=\"pl_PL\" \/>\n<meta property=\"og:type\" content=\"article\" \/>\n<meta property=\"og:title\" content=\"Galeria - Instytut Polski w Wiedniu\" \/>\n<meta property=\"og:description\" content=\"Galeria Instytutu Polskiego w Wiedniu to otwarta przestrze\u0144 spotkania wsp\u00f3\u0142czesnej sztuki, fotografii i designu \u2014 miejsce dialogu, eksperymentu i wymiany my\u015bli. Od wielu lat konsekwentnie buduje swoj\u0105 pozycj\u0119 jako wa\u017cny punkt na kulturalnej mapie Wiednia, prezentuj\u0105c tw\u00f3rczo\u015b\u0107 artystek i artyst\u00f3w z Polski w europejskim i mi\u0119dzynarodowym kontek\u015bcie.W zabytkowej kamienicy na parterze, przy Am Gestade 7, [&hellip;]\" \/>\n<meta property=\"og:url\" content=\"https:\/\/instytutpolski.pl\/wien\/pl\/o-nas\/galeria\/\" \/>\n<meta property=\"og:site_name\" content=\"Instytut Polski w Wiedniu\" \/>\n<meta property=\"article:modified_time\" content=\"2026-03-11T12:32:11+00:00\" \/>\n<meta property=\"og:image\" content=\"https:\/\/instytutpolski.pl\/wien\/wp-content\/uploads\/sites\/2\/2020\/05\/20170123-_DSC4654.jpg\" \/>\n\t<meta property=\"og:image:width\" content=\"2022\" \/>\n\t<meta property=\"og:image:height\" content=\"1350\" \/>\n\t<meta property=\"og:image:type\" content=\"image\/jpeg\" \/>\n<meta name=\"twitter:card\" content=\"summary_large_image\" \/>\n<meta name=\"twitter:label1\" content=\"Szacowany czas czytania\" \/>\n\t<meta name=\"twitter:data1\" content=\"2 minuty\" \/>\n<script type=\"application\/ld+json\" class=\"yoast-schema-graph\">{\"@context\":\"https:\/\/schema.org\",\"@graph\":[{\"@type\":\"WebPage\",\"@id\":\"https:\/\/instytutpolski.pl\/wien\/pl\/o-nas\/galeria\/\",\"url\":\"https:\/\/instytutpolski.pl\/wien\/pl\/o-nas\/galeria\/\",\"name\":\"Galeria - Instytut Polski w Wiedniu\",\"isPartOf\":{\"@id\":\"https:\/\/instytutpolski.pl\/wien\/#website\"},\"primaryImageOfPage\":{\"@id\":\"https:\/\/instytutpolski.pl\/wien\/pl\/o-nas\/galeria\/#primaryimage\"},\"image\":{\"@id\":\"https:\/\/instytutpolski.pl\/wien\/pl\/o-nas\/galeria\/#primaryimage\"},\"thumbnailUrl\":\"https:\/\/instytutpolski.pl\/wien\/wp-content\/uploads\/sites\/2\/2020\/05\/20170123-_DSC4654.jpg\",\"datePublished\":\"2019-04-23T11:57:18+00:00\",\"dateModified\":\"2026-03-11T12:32:11+00:00\",\"breadcrumb\":{\"@id\":\"https:\/\/instytutpolski.pl\/wien\/pl\/o-nas\/galeria\/#breadcrumb\"},\"inLanguage\":\"pl-PL\",\"potentialAction\":[{\"@type\":\"ReadAction\",\"target\":[\"https:\/\/instytutpolski.pl\/wien\/pl\/o-nas\/galeria\/\"]}]},{\"@type\":\"ImageObject\",\"inLanguage\":\"pl-PL\",\"@id\":\"https:\/\/instytutpolski.pl\/wien\/pl\/o-nas\/galeria\/#primaryimage\",\"url\":\"https:\/\/instytutpolski.pl\/wien\/wp-content\/uploads\/sites\/2\/2020\/05\/20170123-_DSC4654.jpg\",\"contentUrl\":\"https:\/\/instytutpolski.pl\/wien\/wp-content\/uploads\/sites\/2\/2020\/05\/20170123-_DSC4654.jpg\",\"width\":2022,\"height\":1350},{\"@type\":\"BreadcrumbList\",\"@id\":\"https:\/\/instytutpolski.pl\/wien\/pl\/o-nas\/galeria\/#breadcrumb\",\"itemListElement\":[{\"@type\":\"ListItem\",\"position\":1,\"name\":\"Home\",\"item\":\"https:\/\/instytutpolski.pl\/wien\/pl\/\"},{\"@type\":\"ListItem\",\"position\":2,\"name\":\"O nas\",\"item\":\"https:\/\/instytutpolski.pl\/wien\/pl\/o-nas\/\"},{\"@type\":\"ListItem\",\"position\":3,\"name\":\"Galeria\"}]},{\"@type\":\"WebSite\",\"@id\":\"https:\/\/instytutpolski.pl\/wien\/#website\",\"url\":\"https:\/\/instytutpolski.pl\/wien\/\",\"name\":\"Instytut Polski w Wiedniu\",\"description\":\"Instytuty Polskie\",\"potentialAction\":[{\"@type\":\"SearchAction\",\"target\":{\"@type\":\"EntryPoint\",\"urlTemplate\":\"https:\/\/instytutpolski.pl\/wien\/?s={search_term_string}\"},\"query-input\":{\"@type\":\"PropertyValueSpecification\",\"valueRequired\":true,\"valueName\":\"search_term_string\"}}],\"inLanguage\":\"pl-PL\"}]}<\/script>\n<!-- \/ Yoast SEO plugin. -->","yoast_head_json":{"title":"Galeria - Instytut Polski w Wiedniu","robots":{"index":"index","follow":"follow","max-snippet":"max-snippet:-1","max-image-preview":"max-image-preview:large","max-video-preview":"max-video-preview:-1"},"canonical":"https:\/\/instytutpolski.pl\/wien\/pl\/o-nas\/galeria\/","og_locale":"pl_PL","og_type":"article","og_title":"Galeria - Instytut Polski w Wiedniu","og_description":"Galeria Instytutu Polskiego w Wiedniu to otwarta przestrze\u0144 spotkania wsp\u00f3\u0142czesnej sztuki, fotografii i designu \u2014 miejsce dialogu, eksperymentu i wymiany my\u015bli. Od wielu lat konsekwentnie buduje swoj\u0105 pozycj\u0119 jako wa\u017cny punkt na kulturalnej mapie Wiednia, prezentuj\u0105c tw\u00f3rczo\u015b\u0107 artystek i artyst\u00f3w z Polski w europejskim i mi\u0119dzynarodowym kontek\u015bcie.W zabytkowej kamienicy na parterze, przy Am Gestade 7, [&hellip;]","og_url":"https:\/\/instytutpolski.pl\/wien\/pl\/o-nas\/galeria\/","og_site_name":"Instytut Polski w Wiedniu","article_modified_time":"2026-03-11T12:32:11+00:00","og_image":[{"width":2022,"height":1350,"url":"https:\/\/instytutpolski.pl\/wien\/wp-content\/uploads\/sites\/2\/2020\/05\/20170123-_DSC4654.jpg","type":"image\/jpeg"}],"twitter_card":"summary_large_image","twitter_misc":{"Szacowany czas czytania":"2 minuty"},"schema":{"@context":"https:\/\/schema.org","@graph":[{"@type":"WebPage","@id":"https:\/\/instytutpolski.pl\/wien\/pl\/o-nas\/galeria\/","url":"https:\/\/instytutpolski.pl\/wien\/pl\/o-nas\/galeria\/","name":"Galeria - Instytut Polski w Wiedniu","isPartOf":{"@id":"https:\/\/instytutpolski.pl\/wien\/#website"},"primaryImageOfPage":{"@id":"https:\/\/instytutpolski.pl\/wien\/pl\/o-nas\/galeria\/#primaryimage"},"image":{"@id":"https:\/\/instytutpolski.pl\/wien\/pl\/o-nas\/galeria\/#primaryimage"},"thumbnailUrl":"https:\/\/instytutpolski.pl\/wien\/wp-content\/uploads\/sites\/2\/2020\/05\/20170123-_DSC4654.jpg","datePublished":"2019-04-23T11:57:18+00:00","dateModified":"2026-03-11T12:32:11+00:00","breadcrumb":{"@id":"https:\/\/instytutpolski.pl\/wien\/pl\/o-nas\/galeria\/#breadcrumb"},"inLanguage":"pl-PL","potentialAction":[{"@type":"ReadAction","target":["https:\/\/instytutpolski.pl\/wien\/pl\/o-nas\/galeria\/"]}]},{"@type":"ImageObject","inLanguage":"pl-PL","@id":"https:\/\/instytutpolski.pl\/wien\/pl\/o-nas\/galeria\/#primaryimage","url":"https:\/\/instytutpolski.pl\/wien\/wp-content\/uploads\/sites\/2\/2020\/05\/20170123-_DSC4654.jpg","contentUrl":"https:\/\/instytutpolski.pl\/wien\/wp-content\/uploads\/sites\/2\/2020\/05\/20170123-_DSC4654.jpg","width":2022,"height":1350},{"@type":"BreadcrumbList","@id":"https:\/\/instytutpolski.pl\/wien\/pl\/o-nas\/galeria\/#breadcrumb","itemListElement":[{"@type":"ListItem","position":1,"name":"Home","item":"https:\/\/instytutpolski.pl\/wien\/pl\/"},{"@type":"ListItem","position":2,"name":"O nas","item":"https:\/\/instytutpolski.pl\/wien\/pl\/o-nas\/"},{"@type":"ListItem","position":3,"name":"Galeria"}]},{"@type":"WebSite","@id":"https:\/\/instytutpolski.pl\/wien\/#website","url":"https:\/\/instytutpolski.pl\/wien\/","name":"Instytut Polski w Wiedniu","description":"Instytuty Polskie","potentialAction":[{"@type":"SearchAction","target":{"@type":"EntryPoint","urlTemplate":"https:\/\/instytutpolski.pl\/wien\/?s={search_term_string}"},"query-input":{"@type":"PropertyValueSpecification","valueRequired":true,"valueName":"search_term_string"}}],"inLanguage":"pl-PL"}]}},"_links":{"self":[{"href":"https:\/\/instytutpolski.pl\/wien\/wp-json\/wp\/v2\/pages\/87","targetHints":{"allow":["GET"]}}],"collection":[{"href":"https:\/\/instytutpolski.pl\/wien\/wp-json\/wp\/v2\/pages"}],"about":[{"href":"https:\/\/instytutpolski.pl\/wien\/wp-json\/wp\/v2\/types\/page"}],"author":[{"embeddable":true,"href":"https:\/\/instytutpolski.pl\/wien\/wp-json\/wp\/v2\/users\/1"}],"replies":[{"embeddable":true,"href":"https:\/\/instytutpolski.pl\/wien\/wp-json\/wp\/v2\/comments?post=87"}],"version-history":[{"count":26,"href":"https:\/\/instytutpolski.pl\/wien\/wp-json\/wp\/v2\/pages\/87\/revisions"}],"predecessor-version":[{"id":30047,"href":"https:\/\/instytutpolski.pl\/wien\/wp-json\/wp\/v2\/pages\/87\/revisions\/30047"}],"up":[{"embeddable":true,"href":"https:\/\/instytutpolski.pl\/wien\/wp-json\/wp\/v2\/pages\/83"}],"wp:featuredmedia":[{"embeddable":true,"href":"https:\/\/instytutpolski.pl\/wien\/wp-json\/wp\/v2\/media\/4168"}],"wp:attachment":[{"href":"https:\/\/instytutpolski.pl\/wien\/wp-json\/wp\/v2\/media?parent=87"}],"curies":[{"name":"wp","href":"https:\/\/api.w.org\/{rel}","templated":true}]}}