{"id":892,"date":"2019-06-27T09:24:45","date_gmt":"2019-06-27T07:24:45","guid":{"rendered":"https:\/\/instytutpolski.pl\/wieden\/?page_id=892"},"modified":"2026-03-25T13:45:40","modified_gmt":"2026-03-25T12:45:40","slug":"bibliothek","status":"publish","type":"page","link":"https:\/\/instytutpolski.pl\/wien\/uber-uns\/bibliothek\/","title":{"rendered":"Bibliothek"},"content":{"rendered":"\n<p style=\"text-align: justify\">Das Polnische Institut Wien verf\u00fcgt \u00fcber eine \u00f6ffentliche Bibliothek mit mehr als 16.000 B\u00fcchern. Einen Schwerpunkt bildet polnische Belletristik im Original und in deutscher \u00dcbersetzung. Neben der Erwachsenenliteratur besitzt die Bibliothek auch eine betr\u00e4chtliche Kinder- und Jugendbuchsammlung. Die Bibliotheksbest\u00e4nde werden laufend aktualisiert und erg\u00e4nzt. Au\u00dferdem bietet die Bibliothek eine gro\u00dfe Auswahl an Spiel- und Dokumentarfilmen auf DVD. In unserem Lesesaal sind aktuelle Zeitungen, Zeitschriften und diverse Flyer \u00fcber Polen zu finden.<\/p>\n<p>Um Mitglied zu werden, ben\u00f6tigen Sie ein g\u00fcltiges Ausweisdokument. Die Kaution betr\u00e4gt \u20ac 20,\u2013\u00a0<br \/>Nach ordnungsgem\u00e4\u00dfem Austritt wird der einbezahlte Betrag r\u00fcckerstattet.<\/p>\n<hr \/>\n<div dir=\"auto\" style=\"text-align: center\">\n<div dir=\"auto\">\n<div class=\"xdj266r x11i5rnm xat24cr x1mh8g0r x1vvkbs x126k92a\">\n<div dir=\"auto\">\n<div dir=\"auto\"><strong><span style=\"color: #ff0000\"><br \/><br \/><\/span><span style=\"color: #ff0000\">Liebe Leserinnen,<br \/>Liebe Leser,<br \/><br \/><span data-olk-copy-source=\"MessageBody\">Wir m\u00f6chten Sie dar\u00fcber informieren, dass die Bibliothek aufgrund von Renovierungsarbeiten bis Ende April 2026 geschlossen bleibt. Ausgeliehene B\u00fccher k\u00f6nnen zur\u00fcckgegeben werden, indem Sie sich an das B\u00fcro des Polnischen Instituts wenden.<\/span><br \/><br \/>Wir bitten um Ihr Verst\u00e4ndnis!<\/span><\/strong><\/div>\n<div dir=\"auto\">\u00a0<\/div>\n<div dir=\"auto\">\n<p align=\"center\"><strong><span lang=\"de-AT\">\u00d6ffnungszeiten \u2013 B\u00fcro: Montag \u2013 Donnerstag: 9-16 Uhr, Freitag: 9-15 Uhr, Tel. 01\/ 533 89 61<\/span><\/strong><\/p>\n<p align=\"center\"><strong><span lang=\"de-AT\">Wir bitten um Ihr Verst\u00e4ndnis!<br \/><br \/><\/span><\/strong><\/p>\n<hr \/><\/div>\n<\/div>\n<\/div>\n<\/div>\n<\/div>\n<p><span style=\"text-decoration: underline\"><strong>\u00d6ffnungszeiten:<\/strong><\/span><strong><span style=\"color: #ff0000\"> SARNIERUNGSARBEITEN!<\/span><\/strong><span style=\"text-decoration: underline\"><strong><br \/>Kontakt<\/strong>: <\/span>Tel. <a href=\"tel:01533896119\">01\/ 533 89 61-18<\/a> oder <a href=\"mailto:alina.mazur@instytutpolski.pl\">alina.mazur@instytutpolski.pl<\/a><\/p>\n<p><br \/><span style=\"text-decoration: underline\"><strong>Online-Katalog:<\/strong><\/span> <a href=\"https:\/\/szukamksi\u0105\u017cki.pl\/SkNewWeb\/bstart\/514001470\" target=\"_blank\" rel=\"noopener noreferrer\">B\u00fccher<\/a><br \/>Entdecken Sie die Virtuelle Bibliothek der polnischen Literatur, vorbereitet durch die Universit\u00e4t Gda\u0144sk in Kooperation mit dem polnischen UNESCO-Komitee, die \u00fcber 100 Publikationen umfasst.<\/p>\n<p><a href=\"http:\/\/literat.ug.edu.pl\/books.htm\" target=\"_blank\" rel=\"noopener noreferrer\">Virtuelle Bibliothek der Polnischen Literatur<\/a><\/p>\n<p>\u00a0<\/p>\n\n\n\n<figure class=\"wp-block-gallery aligncenter has-nested-images columns-default is-cropped wp-block-gallery-1 is-layout-flex wp-block-gallery-is-layout-flex\">\n<figure class=\"wp-block-image size-large\"><img loading=\"lazy\" decoding=\"async\" width=\"555\" height=\"333\" data-id=\"2288\" src=\"https:\/\/instytutpolski.pl\/wien\/wp-content\/uploads\/sites\/2\/2020\/01\/biblioteka-3.jpg\" alt=\"\" class=\"wp-image-2288\" srcset=\"https:\/\/instytutpolski.pl\/wien\/wp-content\/uploads\/sites\/2\/2020\/01\/biblioteka-3.jpg 555w, https:\/\/instytutpolski.pl\/wien\/wp-content\/uploads\/sites\/2\/2020\/01\/biblioteka-3-300x180.jpg 300w\" sizes=\"auto, (max-width: 555px) 100vw, 555px\" \/><\/figure>\n\n\n\n<figure class=\"wp-block-image size-large\"><img loading=\"lazy\" decoding=\"async\" width=\"555\" height=\"333\" data-id=\"2287\" src=\"https:\/\/instytutpolski.pl\/wien\/wp-content\/uploads\/sites\/2\/2020\/01\/biblioteka-2.jpg\" alt=\"\" class=\"wp-image-2287\" srcset=\"https:\/\/instytutpolski.pl\/wien\/wp-content\/uploads\/sites\/2\/2020\/01\/biblioteka-2.jpg 555w, https:\/\/instytutpolski.pl\/wien\/wp-content\/uploads\/sites\/2\/2020\/01\/biblioteka-2-300x180.jpg 300w\" sizes=\"auto, (max-width: 555px) 100vw, 555px\" \/><\/figure>\n\n\n\n<figure class=\"wp-block-image size-large\"><img loading=\"lazy\" decoding=\"async\" width=\"555\" height=\"333\" data-id=\"2286\" src=\"https:\/\/instytutpolski.pl\/wien\/wp-content\/uploads\/sites\/2\/2020\/01\/biblioteka-1.jpg\" alt=\"\" class=\"wp-image-2286\" srcset=\"https:\/\/instytutpolski.pl\/wien\/wp-content\/uploads\/sites\/2\/2020\/01\/biblioteka-1.jpg 555w, https:\/\/instytutpolski.pl\/wien\/wp-content\/uploads\/sites\/2\/2020\/01\/biblioteka-1-300x180.jpg 300w\" sizes=\"auto, (max-width: 555px) 100vw, 555px\" \/><\/figure>\n<\/figure>\n","protected":false},"excerpt":{"rendered":"<p>Das Polnische Institut Wien verf\u00fcgt \u00fcber eine \u00f6ffentliche Bibliothek mit mehr als 16.000 B\u00fcchern. Einen Schwerpunkt bildet polnische Belletristik im Original und in deutscher \u00dcbersetzung. Neben der Erwachsenenliteratur besitzt die Bibliothek auch eine betr\u00e4chtliche Kinder- und Jugendbuchsammlung. Die Bibliotheksbest\u00e4nde werden laufend aktualisiert und erg\u00e4nzt. Au\u00dferdem bietet die Bibliothek eine gro\u00dfe Auswahl an Spiel- und Dokumentarfilmen [&hellip;]<\/p>\n","protected":false},"author":1,"featured_media":4206,"parent":19,"menu_order":0,"comment_status":"closed","ping_status":"closed","template":"","meta":{"inline_featured_image":false,"_monsterinsights_skip_tracking":false,"_monsterinsights_sitenote_active":false,"_monsterinsights_sitenote_note":"","_monsterinsights_sitenote_category":0,"footnotes":""},"class_list":["post-892","page","type-page","status-publish","has-post-thumbnail","hentry"],"yoast_head":"<!-- This site is optimized with the Yoast SEO plugin v24.6 - https:\/\/yoast.com\/wordpress\/plugins\/seo\/ -->\n<title>Bibliothek - Instytut Polski w Wiedniu<\/title>\n<meta name=\"robots\" content=\"index, follow, max-snippet:-1, max-image-preview:large, max-video-preview:-1\" \/>\n<link rel=\"canonical\" href=\"https:\/\/instytutpolski.pl\/wien\/uber-uns\/bibliothek\/\" \/>\n<meta property=\"og:locale\" content=\"pl_PL\" \/>\n<meta property=\"og:type\" content=\"article\" \/>\n<meta property=\"og:title\" content=\"Bibliothek - Instytut Polski w Wiedniu\" \/>\n<meta property=\"og:description\" content=\"Das Polnische Institut Wien verf\u00fcgt \u00fcber eine \u00f6ffentliche Bibliothek mit mehr als 16.000 B\u00fcchern. Einen Schwerpunkt bildet polnische Belletristik im Original und in deutscher \u00dcbersetzung. Neben der Erwachsenenliteratur besitzt die Bibliothek auch eine betr\u00e4chtliche Kinder- und Jugendbuchsammlung. Die Bibliotheksbest\u00e4nde werden laufend aktualisiert und erg\u00e4nzt. Au\u00dferdem bietet die Bibliothek eine gro\u00dfe Auswahl an Spiel- und Dokumentarfilmen [&hellip;]\" \/>\n<meta property=\"og:url\" content=\"https:\/\/instytutpolski.pl\/wien\/uber-uns\/bibliothek\/\" \/>\n<meta property=\"og:site_name\" content=\"Instytut Polski w Wiedniu\" \/>\n<meta property=\"article:modified_time\" content=\"2026-03-25T12:45:40+00:00\" \/>\n<meta property=\"og:image\" content=\"https:\/\/instytutpolski.pl\/wien\/wp-content\/uploads\/sites\/2\/2020\/05\/20170123-_DSC4568.jpg\" \/>\n\t<meta property=\"og:image:width\" content=\"2022\" \/>\n\t<meta property=\"og:image:height\" content=\"1350\" \/>\n\t<meta property=\"og:image:type\" content=\"image\/jpeg\" \/>\n<meta name=\"twitter:card\" content=\"summary_large_image\" \/>\n<meta name=\"twitter:label1\" content=\"Szacowany czas czytania\" \/>\n\t<meta name=\"twitter:data1\" content=\"2 minuty\" \/>\n<script type=\"application\/ld+json\" class=\"yoast-schema-graph\">{\"@context\":\"https:\/\/schema.org\",\"@graph\":[{\"@type\":\"WebPage\",\"@id\":\"https:\/\/instytutpolski.pl\/wien\/uber-uns\/bibliothek\/\",\"url\":\"https:\/\/instytutpolski.pl\/wien\/uber-uns\/bibliothek\/\",\"name\":\"Bibliothek - Instytut Polski w Wiedniu\",\"isPartOf\":{\"@id\":\"https:\/\/instytutpolski.pl\/wien\/#website\"},\"primaryImageOfPage\":{\"@id\":\"https:\/\/instytutpolski.pl\/wien\/uber-uns\/bibliothek\/#primaryimage\"},\"image\":{\"@id\":\"https:\/\/instytutpolski.pl\/wien\/uber-uns\/bibliothek\/#primaryimage\"},\"thumbnailUrl\":\"https:\/\/instytutpolski.pl\/wien\/wp-content\/uploads\/sites\/2\/2020\/05\/20170123-_DSC4568.jpg\",\"datePublished\":\"2019-06-27T07:24:45+00:00\",\"dateModified\":\"2026-03-25T12:45:40+00:00\",\"breadcrumb\":{\"@id\":\"https:\/\/instytutpolski.pl\/wien\/uber-uns\/bibliothek\/#breadcrumb\"},\"inLanguage\":\"pl-PL\",\"potentialAction\":[{\"@type\":\"ReadAction\",\"target\":[\"https:\/\/instytutpolski.pl\/wien\/uber-uns\/bibliothek\/\"]}]},{\"@type\":\"ImageObject\",\"inLanguage\":\"pl-PL\",\"@id\":\"https:\/\/instytutpolski.pl\/wien\/uber-uns\/bibliothek\/#primaryimage\",\"url\":\"https:\/\/instytutpolski.pl\/wien\/wp-content\/uploads\/sites\/2\/2020\/05\/20170123-_DSC4568.jpg\",\"contentUrl\":\"https:\/\/instytutpolski.pl\/wien\/wp-content\/uploads\/sites\/2\/2020\/05\/20170123-_DSC4568.jpg\",\"width\":2022,\"height\":1350},{\"@type\":\"BreadcrumbList\",\"@id\":\"https:\/\/instytutpolski.pl\/wien\/uber-uns\/bibliothek\/#breadcrumb\",\"itemListElement\":[{\"@type\":\"ListItem\",\"position\":1,\"name\":\"Home\",\"item\":\"https:\/\/instytutpolski.pl\/wien\/pl\/\"},{\"@type\":\"ListItem\",\"position\":2,\"name\":\"\u00dcber uns\",\"item\":\"https:\/\/instytutpolski.pl\/wien\/uber-uns\/\"},{\"@type\":\"ListItem\",\"position\":3,\"name\":\"Bibliothek\"}]},{\"@type\":\"WebSite\",\"@id\":\"https:\/\/instytutpolski.pl\/wien\/#website\",\"url\":\"https:\/\/instytutpolski.pl\/wien\/\",\"name\":\"Instytut Polski w Wiedniu\",\"description\":\"Instytuty Polskie\",\"potentialAction\":[{\"@type\":\"SearchAction\",\"target\":{\"@type\":\"EntryPoint\",\"urlTemplate\":\"https:\/\/instytutpolski.pl\/wien\/?s={search_term_string}\"},\"query-input\":{\"@type\":\"PropertyValueSpecification\",\"valueRequired\":true,\"valueName\":\"search_term_string\"}}],\"inLanguage\":\"pl-PL\"}]}<\/script>\n<!-- \/ Yoast SEO plugin. -->","yoast_head_json":{"title":"Bibliothek - Instytut Polski w Wiedniu","robots":{"index":"index","follow":"follow","max-snippet":"max-snippet:-1","max-image-preview":"max-image-preview:large","max-video-preview":"max-video-preview:-1"},"canonical":"https:\/\/instytutpolski.pl\/wien\/uber-uns\/bibliothek\/","og_locale":"pl_PL","og_type":"article","og_title":"Bibliothek - Instytut Polski w Wiedniu","og_description":"Das Polnische Institut Wien verf\u00fcgt \u00fcber eine \u00f6ffentliche Bibliothek mit mehr als 16.000 B\u00fcchern. Einen Schwerpunkt bildet polnische Belletristik im Original und in deutscher \u00dcbersetzung. Neben der Erwachsenenliteratur besitzt die Bibliothek auch eine betr\u00e4chtliche Kinder- und Jugendbuchsammlung. Die Bibliotheksbest\u00e4nde werden laufend aktualisiert und erg\u00e4nzt. Au\u00dferdem bietet die Bibliothek eine gro\u00dfe Auswahl an Spiel- und Dokumentarfilmen [&hellip;]","og_url":"https:\/\/instytutpolski.pl\/wien\/uber-uns\/bibliothek\/","og_site_name":"Instytut Polski w Wiedniu","article_modified_time":"2026-03-25T12:45:40+00:00","og_image":[{"width":2022,"height":1350,"url":"https:\/\/instytutpolski.pl\/wien\/wp-content\/uploads\/sites\/2\/2020\/05\/20170123-_DSC4568.jpg","type":"image\/jpeg"}],"twitter_card":"summary_large_image","twitter_misc":{"Szacowany czas czytania":"2 minuty"},"schema":{"@context":"https:\/\/schema.org","@graph":[{"@type":"WebPage","@id":"https:\/\/instytutpolski.pl\/wien\/uber-uns\/bibliothek\/","url":"https:\/\/instytutpolski.pl\/wien\/uber-uns\/bibliothek\/","name":"Bibliothek - Instytut Polski w Wiedniu","isPartOf":{"@id":"https:\/\/instytutpolski.pl\/wien\/#website"},"primaryImageOfPage":{"@id":"https:\/\/instytutpolski.pl\/wien\/uber-uns\/bibliothek\/#primaryimage"},"image":{"@id":"https:\/\/instytutpolski.pl\/wien\/uber-uns\/bibliothek\/#primaryimage"},"thumbnailUrl":"https:\/\/instytutpolski.pl\/wien\/wp-content\/uploads\/sites\/2\/2020\/05\/20170123-_DSC4568.jpg","datePublished":"2019-06-27T07:24:45+00:00","dateModified":"2026-03-25T12:45:40+00:00","breadcrumb":{"@id":"https:\/\/instytutpolski.pl\/wien\/uber-uns\/bibliothek\/#breadcrumb"},"inLanguage":"pl-PL","potentialAction":[{"@type":"ReadAction","target":["https:\/\/instytutpolski.pl\/wien\/uber-uns\/bibliothek\/"]}]},{"@type":"ImageObject","inLanguage":"pl-PL","@id":"https:\/\/instytutpolski.pl\/wien\/uber-uns\/bibliothek\/#primaryimage","url":"https:\/\/instytutpolski.pl\/wien\/wp-content\/uploads\/sites\/2\/2020\/05\/20170123-_DSC4568.jpg","contentUrl":"https:\/\/instytutpolski.pl\/wien\/wp-content\/uploads\/sites\/2\/2020\/05\/20170123-_DSC4568.jpg","width":2022,"height":1350},{"@type":"BreadcrumbList","@id":"https:\/\/instytutpolski.pl\/wien\/uber-uns\/bibliothek\/#breadcrumb","itemListElement":[{"@type":"ListItem","position":1,"name":"Home","item":"https:\/\/instytutpolski.pl\/wien\/pl\/"},{"@type":"ListItem","position":2,"name":"\u00dcber uns","item":"https:\/\/instytutpolski.pl\/wien\/uber-uns\/"},{"@type":"ListItem","position":3,"name":"Bibliothek"}]},{"@type":"WebSite","@id":"https:\/\/instytutpolski.pl\/wien\/#website","url":"https:\/\/instytutpolski.pl\/wien\/","name":"Instytut Polski w Wiedniu","description":"Instytuty Polskie","potentialAction":[{"@type":"SearchAction","target":{"@type":"EntryPoint","urlTemplate":"https:\/\/instytutpolski.pl\/wien\/?s={search_term_string}"},"query-input":{"@type":"PropertyValueSpecification","valueRequired":true,"valueName":"search_term_string"}}],"inLanguage":"pl-PL"}]}},"_links":{"self":[{"href":"https:\/\/instytutpolski.pl\/wien\/wp-json\/wp\/v2\/pages\/892","targetHints":{"allow":["GET"]}}],"collection":[{"href":"https:\/\/instytutpolski.pl\/wien\/wp-json\/wp\/v2\/pages"}],"about":[{"href":"https:\/\/instytutpolski.pl\/wien\/wp-json\/wp\/v2\/types\/page"}],"author":[{"embeddable":true,"href":"https:\/\/instytutpolski.pl\/wien\/wp-json\/wp\/v2\/users\/1"}],"replies":[{"embeddable":true,"href":"https:\/\/instytutpolski.pl\/wien\/wp-json\/wp\/v2\/comments?post=892"}],"version-history":[{"count":161,"href":"https:\/\/instytutpolski.pl\/wien\/wp-json\/wp\/v2\/pages\/892\/revisions"}],"predecessor-version":[{"id":30175,"href":"https:\/\/instytutpolski.pl\/wien\/wp-json\/wp\/v2\/pages\/892\/revisions\/30175"}],"up":[{"embeddable":true,"href":"https:\/\/instytutpolski.pl\/wien\/wp-json\/wp\/v2\/pages\/19"}],"wp:featuredmedia":[{"embeddable":true,"href":"https:\/\/instytutpolski.pl\/wien\/wp-json\/wp\/v2\/media\/4206"}],"wp:attachment":[{"href":"https:\/\/instytutpolski.pl\/wien\/wp-json\/wp\/v2\/media?parent=892"}],"curies":[{"name":"wp","href":"https:\/\/api.w.org\/{rel}","templated":true}]}}