{"id":894,"date":"2019-06-27T09:24:45","date_gmt":"2019-06-27T07:24:45","guid":{"rendered":"https:\/\/instytutpolski.pl\/wieden\/?page_id=894"},"modified":"2026-03-25T13:46:31","modified_gmt":"2026-03-25T12:46:31","slug":"biblioteka","status":"publish","type":"page","link":"https:\/\/instytutpolski.pl\/wien\/pl\/o-nas\/biblioteka\/","title":{"rendered":"Biblioteka"},"content":{"rendered":"\n<p style=\"text-align: justify\">Instytut Polski w Wiedniu dysponuje bibliotek\u0105 publiczn\u0105 obejmuj\u0105c\u0105 ponad 16 tysi\u0119cy ksi\u0105\u017cek, g\u0142\u00f3wnie beletrystyki polskiej w wydaniach oryginalnych i t\u0142umaczeniach. Obok literatury dla doros\u0142ych biblioteka posiada r\u00f3wnie\u017c obszerny dzia\u0142 z literatur\u0105 dla dzieci. Ksi\u0119gozbi\u00f3r jest na bie\u017c\u0105co aktualizowany i uzupe\u0142niany. Opr\u00f3cz ksi\u0105\u017cek wypo\u017cyczy\u0107 mo\u017cna tu tak\u017ce p\u0142yty kompaktowe oraz DVD z polskimi filmami fabularnymi i dokumentalnymi. W czytelni dost\u0119pne s\u0105 gazety, czasopisma oraz materia\u0142y informacyjne na temat Polski w formie folder\u00f3w i broszur.<\/p>\n<p style=\"text-align: justify\">Aby zapisa\u0107 si\u0119 do biblioteki nale\u017cy przedstawi\u0107 dow\u00f3d to\u017csamo\u015bci ze zdj\u0119ciem oraz wp\u0142aci\u0107 20 euro kaucji. Przy wypisywaniu si\u0119 kaucja podlega zwrotowi (o ile wszystkie pozycje zosta\u0142y zwr\u00f3cone w stanie niezniszczonym).<\/p>\n<hr \/>\n<div dir=\"auto\" style=\"text-align: center\"><span style=\"color: #ff0000\"><span style=\"color: #ff0000\"><br \/><br \/><strong><span data-olk-copy-source=\"MessageBody\">Drogie Czytelniczki!<\/span><br \/>Drodzy Czytelnicy!<br \/><\/strong><br \/><span data-olk-copy-source=\"MessageBody\">Pragniemy poinformowa\u0107, \u017ce ze wzgl\u0119du na prace remontowe, biblioteka pozostaje zamkni\u0119ta do ko\u0144ca kwietnia 2026. Wypo\u017cyczone ksi\u0105\u017cki mo\u017cna zwr\u00f3ci\u0107 kontaktuj\u0105c si\u0119 z biurem Instytutu Polskiego.<\/span><\/span><\/span>\n<p align=\"center\"><strong>Godziny otwarcia \u2013 biuro: poniedzia\u0142ek \u2013 czwartek: 9-16, pi\u0105tek: 9-15<br \/>Tel. 01\/ 533 89 61<\/strong><\/p>\n<p align=\"center\"><strong>Bardzo przepraszamy za niedogodno\u015bci!<\/strong><\/p>\n<\/div>\n<div dir=\"auto\" style=\"text-align: center\"><br \/><hr \/><\/div>\n<p><strong><span style=\"text-decoration: underline\">Godziny otwarcia:<\/span><span style=\"color: #ff0000\"> PRACE RENOWACYJNE!<br \/><\/span><\/strong><span style=\"text-decoration: underline\"><strong>Kontakt<\/strong>:<\/span> Tel. <a href=\"tel:01533896119\">01\/ 533 89 61-18<\/a> lub <a href=\"mailto:alina.mazur@instytutpolski.pl\">alina.mazur@instytutpolski.pl<\/a><br \/><span style=\"text-decoration: underline\"><strong>Katalog online:<\/strong><\/span> <a href=\"https:\/\/xn--szukamksiki-4kb16m.pl\/SkNewWeb\/bstart\/514001470\" target=\"_blank\" rel=\"noopener noreferrer\">Ksi\u0105\u017cki<\/a><br \/>Zapraszamy do zapoznania si\u0119 z Wirtualn\u0105 Bibliotek\u0105 Literatury Polskiej, przygotowan\u0105 przez Uniwersytet Gda\u0144ski przy wsp\u00f3\u0142pracy Polskiego Komitetu ds. UNESCO. Biblioteka zawiera ponad 100 pozycji.<\/p>\n<p><a href=\"http:\/\/literat.ug.edu.pl\/books.htm\" target=\"_blank\" rel=\"noopener noreferrer\">Wirtualna Biblioteka Literatury Polskiej<\/a><\/p>\n\n\n\n<figure class=\"wp-block-gallery aligncenter has-nested-images columns-default is-cropped wp-block-gallery-1 is-layout-flex wp-block-gallery-is-layout-flex\">\n<figure class=\"wp-block-image size-large\"><img loading=\"lazy\" decoding=\"async\" width=\"555\" height=\"333\" data-id=\"2286\" src=\"https:\/\/instytutpolski.pl\/wien\/wp-content\/uploads\/sites\/2\/2020\/01\/biblioteka-1.jpg\" alt=\"\" class=\"wp-image-2286\" srcset=\"https:\/\/instytutpolski.pl\/wien\/wp-content\/uploads\/sites\/2\/2020\/01\/biblioteka-1.jpg 555w, https:\/\/instytutpolski.pl\/wien\/wp-content\/uploads\/sites\/2\/2020\/01\/biblioteka-1-300x180.jpg 300w\" sizes=\"auto, (max-width: 555px) 100vw, 555px\" \/><\/figure>\n\n\n\n<figure class=\"wp-block-image size-large\"><img loading=\"lazy\" decoding=\"async\" width=\"555\" height=\"333\" data-id=\"2287\" src=\"https:\/\/instytutpolski.pl\/wien\/wp-content\/uploads\/sites\/2\/2020\/01\/biblioteka-2.jpg\" alt=\"\" class=\"wp-image-2287\" srcset=\"https:\/\/instytutpolski.pl\/wien\/wp-content\/uploads\/sites\/2\/2020\/01\/biblioteka-2.jpg 555w, https:\/\/instytutpolski.pl\/wien\/wp-content\/uploads\/sites\/2\/2020\/01\/biblioteka-2-300x180.jpg 300w\" sizes=\"auto, (max-width: 555px) 100vw, 555px\" \/><\/figure>\n\n\n\n<figure class=\"wp-block-image size-large\"><img loading=\"lazy\" decoding=\"async\" width=\"555\" height=\"333\" data-id=\"2288\" src=\"https:\/\/instytutpolski.pl\/wien\/wp-content\/uploads\/sites\/2\/2020\/01\/biblioteka-3.jpg\" alt=\"\" class=\"wp-image-2288\" srcset=\"https:\/\/instytutpolski.pl\/wien\/wp-content\/uploads\/sites\/2\/2020\/01\/biblioteka-3.jpg 555w, https:\/\/instytutpolski.pl\/wien\/wp-content\/uploads\/sites\/2\/2020\/01\/biblioteka-3-300x180.jpg 300w\" sizes=\"auto, (max-width: 555px) 100vw, 555px\" \/><\/figure>\n<\/figure>\n","protected":false},"excerpt":{"rendered":"<p>Instytut Polski w Wiedniu dysponuje bibliotek\u0105 publiczn\u0105 obejmuj\u0105c\u0105 ponad 16 tysi\u0119cy ksi\u0105\u017cek, g\u0142\u00f3wnie beletrystyki polskiej w wydaniach oryginalnych i t\u0142umaczeniach. Obok literatury dla doros\u0142ych biblioteka posiada r\u00f3wnie\u017c obszerny dzia\u0142 z literatur\u0105 dla dzieci. Ksi\u0119gozbi\u00f3r jest na bie\u017c\u0105co aktualizowany i uzupe\u0142niany. Opr\u00f3cz ksi\u0105\u017cek wypo\u017cyczy\u0107 mo\u017cna tu tak\u017ce p\u0142yty kompaktowe oraz DVD z polskimi filmami fabularnymi i [&hellip;]<\/p>\n","protected":false},"author":1,"featured_media":4206,"parent":83,"menu_order":0,"comment_status":"closed","ping_status":"closed","template":"","meta":{"inline_featured_image":false,"_monsterinsights_skip_tracking":false,"_monsterinsights_sitenote_active":false,"_monsterinsights_sitenote_note":"","_monsterinsights_sitenote_category":0,"footnotes":""},"class_list":["post-894","page","type-page","status-publish","has-post-thumbnail","hentry"],"yoast_head":"<!-- This site is optimized with the Yoast SEO plugin v24.6 - https:\/\/yoast.com\/wordpress\/plugins\/seo\/ -->\n<title>Biblioteka - Instytut Polski w Wiedniu<\/title>\n<meta name=\"robots\" content=\"index, follow, max-snippet:-1, max-image-preview:large, max-video-preview:-1\" \/>\n<link rel=\"canonical\" href=\"https:\/\/instytutpolski.pl\/wien\/pl\/o-nas\/biblioteka\/\" \/>\n<meta property=\"og:locale\" content=\"pl_PL\" \/>\n<meta property=\"og:type\" content=\"article\" \/>\n<meta property=\"og:title\" content=\"Biblioteka - Instytut Polski w Wiedniu\" \/>\n<meta property=\"og:description\" content=\"Instytut Polski w Wiedniu dysponuje bibliotek\u0105 publiczn\u0105 obejmuj\u0105c\u0105 ponad 16 tysi\u0119cy ksi\u0105\u017cek, g\u0142\u00f3wnie beletrystyki polskiej w wydaniach oryginalnych i t\u0142umaczeniach. Obok literatury dla doros\u0142ych biblioteka posiada r\u00f3wnie\u017c obszerny dzia\u0142 z literatur\u0105 dla dzieci. Ksi\u0119gozbi\u00f3r jest na bie\u017c\u0105co aktualizowany i uzupe\u0142niany. Opr\u00f3cz ksi\u0105\u017cek wypo\u017cyczy\u0107 mo\u017cna tu tak\u017ce p\u0142yty kompaktowe oraz DVD z polskimi filmami fabularnymi i [&hellip;]\" \/>\n<meta property=\"og:url\" content=\"https:\/\/instytutpolski.pl\/wien\/pl\/o-nas\/biblioteka\/\" \/>\n<meta property=\"og:site_name\" content=\"Instytut Polski w Wiedniu\" \/>\n<meta property=\"article:modified_time\" content=\"2026-03-25T12:46:31+00:00\" \/>\n<meta property=\"og:image\" content=\"https:\/\/instytutpolski.pl\/wien\/wp-content\/uploads\/sites\/2\/2020\/05\/20170123-_DSC4568.jpg\" \/>\n\t<meta property=\"og:image:width\" content=\"2022\" \/>\n\t<meta property=\"og:image:height\" content=\"1350\" \/>\n\t<meta property=\"og:image:type\" content=\"image\/jpeg\" \/>\n<meta name=\"twitter:card\" content=\"summary_large_image\" \/>\n<meta name=\"twitter:label1\" content=\"Szacowany czas czytania\" \/>\n\t<meta name=\"twitter:data1\" content=\"2 minuty\" \/>\n<script type=\"application\/ld+json\" class=\"yoast-schema-graph\">{\"@context\":\"https:\/\/schema.org\",\"@graph\":[{\"@type\":\"WebPage\",\"@id\":\"https:\/\/instytutpolski.pl\/wien\/pl\/o-nas\/biblioteka\/\",\"url\":\"https:\/\/instytutpolski.pl\/wien\/pl\/o-nas\/biblioteka\/\",\"name\":\"Biblioteka - Instytut Polski w Wiedniu\",\"isPartOf\":{\"@id\":\"https:\/\/instytutpolski.pl\/wien\/#website\"},\"primaryImageOfPage\":{\"@id\":\"https:\/\/instytutpolski.pl\/wien\/pl\/o-nas\/biblioteka\/#primaryimage\"},\"image\":{\"@id\":\"https:\/\/instytutpolski.pl\/wien\/pl\/o-nas\/biblioteka\/#primaryimage\"},\"thumbnailUrl\":\"https:\/\/instytutpolski.pl\/wien\/wp-content\/uploads\/sites\/2\/2020\/05\/20170123-_DSC4568.jpg\",\"datePublished\":\"2019-06-27T07:24:45+00:00\",\"dateModified\":\"2026-03-25T12:46:31+00:00\",\"breadcrumb\":{\"@id\":\"https:\/\/instytutpolski.pl\/wien\/pl\/o-nas\/biblioteka\/#breadcrumb\"},\"inLanguage\":\"pl-PL\",\"potentialAction\":[{\"@type\":\"ReadAction\",\"target\":[\"https:\/\/instytutpolski.pl\/wien\/pl\/o-nas\/biblioteka\/\"]}]},{\"@type\":\"ImageObject\",\"inLanguage\":\"pl-PL\",\"@id\":\"https:\/\/instytutpolski.pl\/wien\/pl\/o-nas\/biblioteka\/#primaryimage\",\"url\":\"https:\/\/instytutpolski.pl\/wien\/wp-content\/uploads\/sites\/2\/2020\/05\/20170123-_DSC4568.jpg\",\"contentUrl\":\"https:\/\/instytutpolski.pl\/wien\/wp-content\/uploads\/sites\/2\/2020\/05\/20170123-_DSC4568.jpg\",\"width\":2022,\"height\":1350},{\"@type\":\"BreadcrumbList\",\"@id\":\"https:\/\/instytutpolski.pl\/wien\/pl\/o-nas\/biblioteka\/#breadcrumb\",\"itemListElement\":[{\"@type\":\"ListItem\",\"position\":1,\"name\":\"Home\",\"item\":\"https:\/\/instytutpolski.pl\/wien\/pl\/\"},{\"@type\":\"ListItem\",\"position\":2,\"name\":\"O nas\",\"item\":\"https:\/\/instytutpolski.pl\/wien\/pl\/o-nas\/\"},{\"@type\":\"ListItem\",\"position\":3,\"name\":\"Biblioteka\"}]},{\"@type\":\"WebSite\",\"@id\":\"https:\/\/instytutpolski.pl\/wien\/#website\",\"url\":\"https:\/\/instytutpolski.pl\/wien\/\",\"name\":\"Instytut Polski w Wiedniu\",\"description\":\"Instytuty Polskie\",\"potentialAction\":[{\"@type\":\"SearchAction\",\"target\":{\"@type\":\"EntryPoint\",\"urlTemplate\":\"https:\/\/instytutpolski.pl\/wien\/?s={search_term_string}\"},\"query-input\":{\"@type\":\"PropertyValueSpecification\",\"valueRequired\":true,\"valueName\":\"search_term_string\"}}],\"inLanguage\":\"pl-PL\"}]}<\/script>\n<!-- \/ Yoast SEO plugin. -->","yoast_head_json":{"title":"Biblioteka - Instytut Polski w Wiedniu","robots":{"index":"index","follow":"follow","max-snippet":"max-snippet:-1","max-image-preview":"max-image-preview:large","max-video-preview":"max-video-preview:-1"},"canonical":"https:\/\/instytutpolski.pl\/wien\/pl\/o-nas\/biblioteka\/","og_locale":"pl_PL","og_type":"article","og_title":"Biblioteka - Instytut Polski w Wiedniu","og_description":"Instytut Polski w Wiedniu dysponuje bibliotek\u0105 publiczn\u0105 obejmuj\u0105c\u0105 ponad 16 tysi\u0119cy ksi\u0105\u017cek, g\u0142\u00f3wnie beletrystyki polskiej w wydaniach oryginalnych i t\u0142umaczeniach. Obok literatury dla doros\u0142ych biblioteka posiada r\u00f3wnie\u017c obszerny dzia\u0142 z literatur\u0105 dla dzieci. Ksi\u0119gozbi\u00f3r jest na bie\u017c\u0105co aktualizowany i uzupe\u0142niany. Opr\u00f3cz ksi\u0105\u017cek wypo\u017cyczy\u0107 mo\u017cna tu tak\u017ce p\u0142yty kompaktowe oraz DVD z polskimi filmami fabularnymi i [&hellip;]","og_url":"https:\/\/instytutpolski.pl\/wien\/pl\/o-nas\/biblioteka\/","og_site_name":"Instytut Polski w Wiedniu","article_modified_time":"2026-03-25T12:46:31+00:00","og_image":[{"width":2022,"height":1350,"url":"https:\/\/instytutpolski.pl\/wien\/wp-content\/uploads\/sites\/2\/2020\/05\/20170123-_DSC4568.jpg","type":"image\/jpeg"}],"twitter_card":"summary_large_image","twitter_misc":{"Szacowany czas czytania":"2 minuty"},"schema":{"@context":"https:\/\/schema.org","@graph":[{"@type":"WebPage","@id":"https:\/\/instytutpolski.pl\/wien\/pl\/o-nas\/biblioteka\/","url":"https:\/\/instytutpolski.pl\/wien\/pl\/o-nas\/biblioteka\/","name":"Biblioteka - Instytut Polski w Wiedniu","isPartOf":{"@id":"https:\/\/instytutpolski.pl\/wien\/#website"},"primaryImageOfPage":{"@id":"https:\/\/instytutpolski.pl\/wien\/pl\/o-nas\/biblioteka\/#primaryimage"},"image":{"@id":"https:\/\/instytutpolski.pl\/wien\/pl\/o-nas\/biblioteka\/#primaryimage"},"thumbnailUrl":"https:\/\/instytutpolski.pl\/wien\/wp-content\/uploads\/sites\/2\/2020\/05\/20170123-_DSC4568.jpg","datePublished":"2019-06-27T07:24:45+00:00","dateModified":"2026-03-25T12:46:31+00:00","breadcrumb":{"@id":"https:\/\/instytutpolski.pl\/wien\/pl\/o-nas\/biblioteka\/#breadcrumb"},"inLanguage":"pl-PL","potentialAction":[{"@type":"ReadAction","target":["https:\/\/instytutpolski.pl\/wien\/pl\/o-nas\/biblioteka\/"]}]},{"@type":"ImageObject","inLanguage":"pl-PL","@id":"https:\/\/instytutpolski.pl\/wien\/pl\/o-nas\/biblioteka\/#primaryimage","url":"https:\/\/instytutpolski.pl\/wien\/wp-content\/uploads\/sites\/2\/2020\/05\/20170123-_DSC4568.jpg","contentUrl":"https:\/\/instytutpolski.pl\/wien\/wp-content\/uploads\/sites\/2\/2020\/05\/20170123-_DSC4568.jpg","width":2022,"height":1350},{"@type":"BreadcrumbList","@id":"https:\/\/instytutpolski.pl\/wien\/pl\/o-nas\/biblioteka\/#breadcrumb","itemListElement":[{"@type":"ListItem","position":1,"name":"Home","item":"https:\/\/instytutpolski.pl\/wien\/pl\/"},{"@type":"ListItem","position":2,"name":"O nas","item":"https:\/\/instytutpolski.pl\/wien\/pl\/o-nas\/"},{"@type":"ListItem","position":3,"name":"Biblioteka"}]},{"@type":"WebSite","@id":"https:\/\/instytutpolski.pl\/wien\/#website","url":"https:\/\/instytutpolski.pl\/wien\/","name":"Instytut Polski w Wiedniu","description":"Instytuty Polskie","potentialAction":[{"@type":"SearchAction","target":{"@type":"EntryPoint","urlTemplate":"https:\/\/instytutpolski.pl\/wien\/?s={search_term_string}"},"query-input":{"@type":"PropertyValueSpecification","valueRequired":true,"valueName":"search_term_string"}}],"inLanguage":"pl-PL"}]}},"_links":{"self":[{"href":"https:\/\/instytutpolski.pl\/wien\/wp-json\/wp\/v2\/pages\/894","targetHints":{"allow":["GET"]}}],"collection":[{"href":"https:\/\/instytutpolski.pl\/wien\/wp-json\/wp\/v2\/pages"}],"about":[{"href":"https:\/\/instytutpolski.pl\/wien\/wp-json\/wp\/v2\/types\/page"}],"author":[{"embeddable":true,"href":"https:\/\/instytutpolski.pl\/wien\/wp-json\/wp\/v2\/users\/1"}],"replies":[{"embeddable":true,"href":"https:\/\/instytutpolski.pl\/wien\/wp-json\/wp\/v2\/comments?post=894"}],"version-history":[{"count":161,"href":"https:\/\/instytutpolski.pl\/wien\/wp-json\/wp\/v2\/pages\/894\/revisions"}],"predecessor-version":[{"id":30176,"href":"https:\/\/instytutpolski.pl\/wien\/wp-json\/wp\/v2\/pages\/894\/revisions\/30176"}],"up":[{"embeddable":true,"href":"https:\/\/instytutpolski.pl\/wien\/wp-json\/wp\/v2\/pages\/83"}],"wp:featuredmedia":[{"embeddable":true,"href":"https:\/\/instytutpolski.pl\/wien\/wp-json\/wp\/v2\/media\/4206"}],"wp:attachment":[{"href":"https:\/\/instytutpolski.pl\/wien\/wp-json\/wp\/v2\/media?parent=894"}],"curies":[{"name":"wp","href":"https:\/\/api.w.org\/{rel}","templated":true}]}}