{"id":90,"date":"2019-04-23T13:59:53","date_gmt":"2019-04-23T11:59:53","guid":{"rendered":"https:\/\/instytutpolski.pl\/wieden\/?page_id=90"},"modified":"2021-06-01T14:36:24","modified_gmt":"2021-06-01T12:36:24","slug":"praktyki-2","status":"publish","type":"page","link":"https:\/\/instytutpolski.pl\/wien\/pl\/o-nas\/praktyki-2\/","title":{"rendered":"Praktyki"},"content":{"rendered":"\n<p>Instytut Polski w Wiedniu oferuje studentom mo\u017cliwo\u015b\u0107 odbycia nieodp\u0142atnych praktyk studenckich (1-3 miesi\u0119cy). Organizacj\u0119 i zasady odbywania praktyk studenckich okre\u015bla Zarz\u0105dzenie nr 13 Dyrektora Generalnego S\u0142u\u017cby Zagranicznej z dnia 30 maja 2011 r. w sprawie organizacji i zasad odbywania praktyk, wolontariatu oraz sta\u017cu w Ministerstwie Spraw Zagranicznych i plac\u00f3wkach zagranicznych (<a href=\"http:\/\/www.msz.gov.pl\/resource\/7a102e97-cee1-4ff7-bc5f-436ed47108a3:JCR\" target=\"_blank\" rel=\"noopener noreferrer\">Zarz\u0105dzenie wraz z za\u0142\u0105cznikami<\/a>).<\/p>\n<p><strong>Kandydat ubiegaj\u0105cy si\u0119 o przyj\u0119cie na praktyk\u0119 studenck\u0105 powinien spe\u0142nia\u0107 nast\u0119puj\u0105ce warunki:<\/strong><\/p>\n<ul>\n<li>posiada\u0107 obywatelstwo polskie lub innego kraju cz\u0142onkowskiego Unii Europejskiej;<\/li>\n<li>by\u0107 studentem ostatniego roku studi\u00f3w pierwszego stopnia, jednego z trzech ostatnich lat jednolitych studi\u00f3w magisterskich, studi\u00f3w drugiego stopnia, studi\u00f3w trzeciego stopnia lub studi\u00f3w podyplomowych;<\/li>\n<li>studiowa\u0107 na kierunku istotnym z punktu widzenia potrzeb Ministerstwa Spraw Zagranicznych, w szczeg\u00f3lno\u015bci Instytutu Polskiego w Wiedniu (stosunki mi\u0119dzynarodowe, dziennikarstwo, zarz\u0105dzanie kultur\u0105, kierunki humanistyczne i artystyczne);<\/li>\n<li>w przypadku ubiegania si\u0119 o praktyk\u0119 w Instytucie Polskim w Wiedniu niezb\u0119dna jest bieg\u0142a znajomo\u015b\u0107 j\u0119zyka polskiego i j\u0119zyka niemieckiego.<\/li>\n<\/ul>\n<p><strong>Wymagane dokumenty:<\/strong><\/p>\n<ol>\n<li data-tadv-p=\"keep\">zg\u0142oszenie na praktyk\u0119 studenck\u0105 skierowane do Dyrektora Instytutu Polskiego w Wiedniu wype\u0142nione na odpowiednim formularzu aplikacyjnym na co najmniej 45 dni przed wnioskowanym terminem praktyki (za\u0142. nr 5 do Zarz\u0105dzenia);<\/li>\n<li data-tadv-p=\"keep\">za\u015bwiadczenie wype\u0142nione przez dziekanat uczelni zgodne ze wzorem zawartym w odpowiednim formularzu aplikacyjnym (za\u0142. nr 5 do Zarz\u0105dzenia);<\/li>\n<li data-tadv-p=\"keep\">\u017cyciorys w formie europass;<\/li>\n<li data-tadv-p=\"keep\">ksero dowodu osobistego lub paszportu z danymi osobowymi i informacj\u0105 o dacie wa\u017cno\u015bci;<\/li>\n<li data-tadv-p=\"keep\">o\u015bwiadczenie potwierdzaj\u0105ce zapoznanie si\u0119 praktykanta z regulaminem praktyk wed\u0142ug wzoru (za\u0142. nr 1 do Zarz\u0105dzenia);<\/li>\n<li data-tadv-p=\"keep\">orygina\u0142 o\u015bwiadczenia o niekaralno\u015bci wed\u0142ug wzoru (za\u0142. nr 2 do Zarz\u0105dzenia);<\/li>\n<li data-tadv-p=\"keep\">dostarczenie najp\u00f3\u017aniej w dniu rozpocz\u0119cia praktyki oryginalnego dowodu posiadania ubezpieczenia NNW (od nast\u0119pstw nieszcz\u0119\u015bliwych wypadk\u00f3w) obejmuj\u0105cego okres trwania praktyki. Dowodem po\u015bwiadczaj\u0105cym fakt ubezpieczenia jest w szczeg\u00f3lno\u015bci za\u015bwiadczenie z uczelni, polisa towarzystwa ubezpieczeniowego, Karta Euro 26, ISIC.<\/li>\n<\/ol>\n<p>Ww. dokumenty mo\u017cna przes\u0142a\u0107 drog\u0105 elektroniczn\u0105 pod adres <span style=\"text-decoration: underline\"><strong>sekretariat.wien@instytutpolski.pl<\/strong><\/span>, natomiast orygina\u0142y dokument\u00f3w nale\u017cy przed\u0142o\u017cy\u0107 najp\u00f3\u017aniej w dniu rozpocz\u0119cia praktyki.<\/p>\n<p>Praktyki w Instytucie Polskim w Wiedniu s\u0105 nieodp\u0142atne. Nie s\u0105 pokrywane koszty przejazd\u00f3w praktykant\u00f3w do i z miejsca ich odbywania, utrzymania i zakwaterowania oraz ubezpieczenia chorobowego i od nast\u0119pstw nieszcz\u0119\u015bliwych wypadk\u00f3w.<\/p>\n<p>Wszelkie dodatkowe informacje dost\u0119pne s\u0105 na stronach <a href=\"http:\/\/www.rekrutacja.msz.gov.pl\/\" target=\"_blank\" rel=\"noopener noreferrer\">www.msz.gov.pl<\/a> (\u201ePraca, kariera, praktyki&#8221;).<\/p>\n","protected":false},"excerpt":{"rendered":"<p>Instytut Polski w Wiedniu oferuje studentom mo\u017cliwo\u015b\u0107 odbycia nieodp\u0142atnych praktyk studenckich (1-3 miesi\u0119cy). Organizacj\u0119 i zasady odbywania praktyk studenckich okre\u015bla Zarz\u0105dzenie nr 13 Dyrektora Generalnego S\u0142u\u017cby Zagranicznej z dnia 30 maja 2011 r. w sprawie organizacji i zasad odbywania praktyk, wolontariatu oraz sta\u017cu w Ministerstwie Spraw Zagranicznych i plac\u00f3wkach zagranicznych (Zarz\u0105dzenie wraz z za\u0142\u0105cznikami). Kandydat [&hellip;]<\/p>\n","protected":false},"author":1,"featured_media":146,"parent":83,"menu_order":0,"comment_status":"closed","ping_status":"closed","template":"","meta":{"inline_featured_image":false,"_monsterinsights_skip_tracking":false,"_monsterinsights_sitenote_active":false,"_monsterinsights_sitenote_note":"","_monsterinsights_sitenote_category":0,"footnotes":""},"class_list":["post-90","page","type-page","status-publish","has-post-thumbnail","hentry"],"yoast_head":"<!-- This site is optimized with the Yoast SEO plugin v24.6 - https:\/\/yoast.com\/wordpress\/plugins\/seo\/ -->\n<title>Praktyki - Instytut Polski w Wiedniu<\/title>\n<meta name=\"robots\" content=\"index, follow, max-snippet:-1, max-image-preview:large, max-video-preview:-1\" \/>\n<link rel=\"canonical\" href=\"https:\/\/instytutpolski.pl\/wien\/pl\/o-nas\/praktyki-2\/\" \/>\n<meta property=\"og:locale\" content=\"pl_PL\" \/>\n<meta property=\"og:type\" content=\"article\" \/>\n<meta property=\"og:title\" content=\"Praktyki - Instytut Polski w Wiedniu\" \/>\n<meta property=\"og:description\" content=\"Instytut Polski w Wiedniu oferuje studentom mo\u017cliwo\u015b\u0107 odbycia nieodp\u0142atnych praktyk studenckich (1-3 miesi\u0119cy). Organizacj\u0119 i zasady odbywania praktyk studenckich okre\u015bla Zarz\u0105dzenie nr 13 Dyrektora Generalnego S\u0142u\u017cby Zagranicznej z dnia 30 maja 2011 r. w sprawie organizacji i zasad odbywania praktyk, wolontariatu oraz sta\u017cu w Ministerstwie Spraw Zagranicznych i plac\u00f3wkach zagranicznych (Zarz\u0105dzenie wraz z za\u0142\u0105cznikami). Kandydat [&hellip;]\" \/>\n<meta property=\"og:url\" content=\"https:\/\/instytutpolski.pl\/wien\/pl\/o-nas\/praktyki-2\/\" \/>\n<meta property=\"og:site_name\" content=\"Instytut Polski w Wiedniu\" \/>\n<meta property=\"article:modified_time\" content=\"2021-06-01T12:36:24+00:00\" \/>\n<meta property=\"og:image\" content=\"https:\/\/instytutpolski.pl\/wien\/wp-content\/uploads\/sites\/2\/2019\/05\/2811310649672_png608805.png\" \/>\n\t<meta property=\"og:image:width\" content=\"555\" \/>\n\t<meta property=\"og:image:height\" content=\"333\" \/>\n\t<meta property=\"og:image:type\" content=\"image\/png\" \/>\n<meta name=\"twitter:card\" content=\"summary_large_image\" \/>\n<meta name=\"twitter:label1\" content=\"Szacowany czas czytania\" \/>\n\t<meta name=\"twitter:data1\" content=\"2 minuty\" \/>\n<script type=\"application\/ld+json\" class=\"yoast-schema-graph\">{\"@context\":\"https:\/\/schema.org\",\"@graph\":[{\"@type\":\"WebPage\",\"@id\":\"https:\/\/instytutpolski.pl\/wien\/pl\/o-nas\/praktyki-2\/\",\"url\":\"https:\/\/instytutpolski.pl\/wien\/pl\/o-nas\/praktyki-2\/\",\"name\":\"Praktyki - Instytut Polski w Wiedniu\",\"isPartOf\":{\"@id\":\"https:\/\/instytutpolski.pl\/wien\/#website\"},\"primaryImageOfPage\":{\"@id\":\"https:\/\/instytutpolski.pl\/wien\/pl\/o-nas\/praktyki-2\/#primaryimage\"},\"image\":{\"@id\":\"https:\/\/instytutpolski.pl\/wien\/pl\/o-nas\/praktyki-2\/#primaryimage\"},\"thumbnailUrl\":\"https:\/\/instytutpolski.pl\/wien\/wp-content\/uploads\/sites\/2\/2019\/05\/2811310649672_png608805.png\",\"datePublished\":\"2019-04-23T11:59:53+00:00\",\"dateModified\":\"2021-06-01T12:36:24+00:00\",\"breadcrumb\":{\"@id\":\"https:\/\/instytutpolski.pl\/wien\/pl\/o-nas\/praktyki-2\/#breadcrumb\"},\"inLanguage\":\"pl-PL\",\"potentialAction\":[{\"@type\":\"ReadAction\",\"target\":[\"https:\/\/instytutpolski.pl\/wien\/pl\/o-nas\/praktyki-2\/\"]}]},{\"@type\":\"ImageObject\",\"inLanguage\":\"pl-PL\",\"@id\":\"https:\/\/instytutpolski.pl\/wien\/pl\/o-nas\/praktyki-2\/#primaryimage\",\"url\":\"https:\/\/instytutpolski.pl\/wien\/wp-content\/uploads\/sites\/2\/2019\/05\/2811310649672_png608805.png\",\"contentUrl\":\"https:\/\/instytutpolski.pl\/wien\/wp-content\/uploads\/sites\/2\/2019\/05\/2811310649672_png608805.png\",\"width\":555,\"height\":333},{\"@type\":\"BreadcrumbList\",\"@id\":\"https:\/\/instytutpolski.pl\/wien\/pl\/o-nas\/praktyki-2\/#breadcrumb\",\"itemListElement\":[{\"@type\":\"ListItem\",\"position\":1,\"name\":\"Home\",\"item\":\"https:\/\/instytutpolski.pl\/wien\/pl\/\"},{\"@type\":\"ListItem\",\"position\":2,\"name\":\"O nas\",\"item\":\"https:\/\/instytutpolski.pl\/wien\/pl\/o-nas\/\"},{\"@type\":\"ListItem\",\"position\":3,\"name\":\"Praktyki\"}]},{\"@type\":\"WebSite\",\"@id\":\"https:\/\/instytutpolski.pl\/wien\/#website\",\"url\":\"https:\/\/instytutpolski.pl\/wien\/\",\"name\":\"Instytut Polski w Wiedniu\",\"description\":\"Instytuty Polskie\",\"potentialAction\":[{\"@type\":\"SearchAction\",\"target\":{\"@type\":\"EntryPoint\",\"urlTemplate\":\"https:\/\/instytutpolski.pl\/wien\/?s={search_term_string}\"},\"query-input\":{\"@type\":\"PropertyValueSpecification\",\"valueRequired\":true,\"valueName\":\"search_term_string\"}}],\"inLanguage\":\"pl-PL\"}]}<\/script>\n<!-- \/ Yoast SEO plugin. -->","yoast_head_json":{"title":"Praktyki - Instytut Polski w Wiedniu","robots":{"index":"index","follow":"follow","max-snippet":"max-snippet:-1","max-image-preview":"max-image-preview:large","max-video-preview":"max-video-preview:-1"},"canonical":"https:\/\/instytutpolski.pl\/wien\/pl\/o-nas\/praktyki-2\/","og_locale":"pl_PL","og_type":"article","og_title":"Praktyki - Instytut Polski w Wiedniu","og_description":"Instytut Polski w Wiedniu oferuje studentom mo\u017cliwo\u015b\u0107 odbycia nieodp\u0142atnych praktyk studenckich (1-3 miesi\u0119cy). Organizacj\u0119 i zasady odbywania praktyk studenckich okre\u015bla Zarz\u0105dzenie nr 13 Dyrektora Generalnego S\u0142u\u017cby Zagranicznej z dnia 30 maja 2011 r. w sprawie organizacji i zasad odbywania praktyk, wolontariatu oraz sta\u017cu w Ministerstwie Spraw Zagranicznych i plac\u00f3wkach zagranicznych (Zarz\u0105dzenie wraz z za\u0142\u0105cznikami). Kandydat [&hellip;]","og_url":"https:\/\/instytutpolski.pl\/wien\/pl\/o-nas\/praktyki-2\/","og_site_name":"Instytut Polski w Wiedniu","article_modified_time":"2021-06-01T12:36:24+00:00","og_image":[{"width":555,"height":333,"url":"https:\/\/instytutpolski.pl\/wien\/wp-content\/uploads\/sites\/2\/2019\/05\/2811310649672_png608805.png","type":"image\/png"}],"twitter_card":"summary_large_image","twitter_misc":{"Szacowany czas czytania":"2 minuty"},"schema":{"@context":"https:\/\/schema.org","@graph":[{"@type":"WebPage","@id":"https:\/\/instytutpolski.pl\/wien\/pl\/o-nas\/praktyki-2\/","url":"https:\/\/instytutpolski.pl\/wien\/pl\/o-nas\/praktyki-2\/","name":"Praktyki - Instytut Polski w Wiedniu","isPartOf":{"@id":"https:\/\/instytutpolski.pl\/wien\/#website"},"primaryImageOfPage":{"@id":"https:\/\/instytutpolski.pl\/wien\/pl\/o-nas\/praktyki-2\/#primaryimage"},"image":{"@id":"https:\/\/instytutpolski.pl\/wien\/pl\/o-nas\/praktyki-2\/#primaryimage"},"thumbnailUrl":"https:\/\/instytutpolski.pl\/wien\/wp-content\/uploads\/sites\/2\/2019\/05\/2811310649672_png608805.png","datePublished":"2019-04-23T11:59:53+00:00","dateModified":"2021-06-01T12:36:24+00:00","breadcrumb":{"@id":"https:\/\/instytutpolski.pl\/wien\/pl\/o-nas\/praktyki-2\/#breadcrumb"},"inLanguage":"pl-PL","potentialAction":[{"@type":"ReadAction","target":["https:\/\/instytutpolski.pl\/wien\/pl\/o-nas\/praktyki-2\/"]}]},{"@type":"ImageObject","inLanguage":"pl-PL","@id":"https:\/\/instytutpolski.pl\/wien\/pl\/o-nas\/praktyki-2\/#primaryimage","url":"https:\/\/instytutpolski.pl\/wien\/wp-content\/uploads\/sites\/2\/2019\/05\/2811310649672_png608805.png","contentUrl":"https:\/\/instytutpolski.pl\/wien\/wp-content\/uploads\/sites\/2\/2019\/05\/2811310649672_png608805.png","width":555,"height":333},{"@type":"BreadcrumbList","@id":"https:\/\/instytutpolski.pl\/wien\/pl\/o-nas\/praktyki-2\/#breadcrumb","itemListElement":[{"@type":"ListItem","position":1,"name":"Home","item":"https:\/\/instytutpolski.pl\/wien\/pl\/"},{"@type":"ListItem","position":2,"name":"O nas","item":"https:\/\/instytutpolski.pl\/wien\/pl\/o-nas\/"},{"@type":"ListItem","position":3,"name":"Praktyki"}]},{"@type":"WebSite","@id":"https:\/\/instytutpolski.pl\/wien\/#website","url":"https:\/\/instytutpolski.pl\/wien\/","name":"Instytut Polski w Wiedniu","description":"Instytuty Polskie","potentialAction":[{"@type":"SearchAction","target":{"@type":"EntryPoint","urlTemplate":"https:\/\/instytutpolski.pl\/wien\/?s={search_term_string}"},"query-input":{"@type":"PropertyValueSpecification","valueRequired":true,"valueName":"search_term_string"}}],"inLanguage":"pl-PL"}]}},"_links":{"self":[{"href":"https:\/\/instytutpolski.pl\/wien\/wp-json\/wp\/v2\/pages\/90","targetHints":{"allow":["GET"]}}],"collection":[{"href":"https:\/\/instytutpolski.pl\/wien\/wp-json\/wp\/v2\/pages"}],"about":[{"href":"https:\/\/instytutpolski.pl\/wien\/wp-json\/wp\/v2\/types\/page"}],"author":[{"embeddable":true,"href":"https:\/\/instytutpolski.pl\/wien\/wp-json\/wp\/v2\/users\/1"}],"replies":[{"embeddable":true,"href":"https:\/\/instytutpolski.pl\/wien\/wp-json\/wp\/v2\/comments?post=90"}],"version-history":[{"count":6,"href":"https:\/\/instytutpolski.pl\/wien\/wp-json\/wp\/v2\/pages\/90\/revisions"}],"predecessor-version":[{"id":8166,"href":"https:\/\/instytutpolski.pl\/wien\/wp-json\/wp\/v2\/pages\/90\/revisions\/8166"}],"up":[{"embeddable":true,"href":"https:\/\/instytutpolski.pl\/wien\/wp-json\/wp\/v2\/pages\/83"}],"wp:featuredmedia":[{"embeddable":true,"href":"https:\/\/instytutpolski.pl\/wien\/wp-json\/wp\/v2\/media\/146"}],"wp:attachment":[{"href":"https:\/\/instytutpolski.pl\/wien\/wp-json\/wp\/v2\/media?parent=90"}],"curies":[{"name":"wp","href":"https:\/\/api.w.org\/{rel}","templated":true}]}}